{"id":593,"date":"2019-11-17T19:47:14","date_gmt":"2019-11-17T18:47:14","guid":{"rendered":"https:\/\/janakadlic.jkdeco.eu\/?page_id=593"},"modified":"2025-04-02T18:43:39","modified_gmt":"2025-04-02T16:43:39","slug":"ikea-reception-components","status":"publish","type":"page","link":"https:\/\/jkdeco.eu\/en\/interier\/recepcia-ikea-components\/","title":{"rendered":"Interior design of a jigsaw-style reception area, IKEA Components"},"content":{"rendered":"<p class=\"has-text-align-right\"><a href=\"https:\/\/jkdeco.eu\/en\/interior\/ikea-reception-components\/\" title=\" Cantina\"><mark style=\"background-color:rgba(0, 0, 0, 0);color:#4e4c46\" class=\"has-inline-color\">Reception<\/mark><\/a><mark style=\"background-color:rgba(0, 0, 0, 0);color:#69655b\" class=\"has-inline-color\"> |<a href=\"https:\/\/jkdeco.eu\/en\/visualization\/ikea-canteen\/\" title=\" Cantina\"> <\/a><\/mark><a href=\"https:\/\/jkdeco.eu\/en\/visualization\/ikea-canteen\/\" title=\" Cantina\"><mark style=\"background-color:rgba(0, 0, 0, 0);color:#615d52\" class=\"has-inline-color\">Cantina<\/mark><\/a><mark style=\"background-color:rgba(0, 0, 0, 0);color:#69655b\" class=\"has-inline-color\"> | <\/mark><a href=\"https:\/\/jkdeco.eu\/en\/visualization\/ikea-offices\/\" title=\"Office design visualisation, IKEA Components\"><mark style=\"background-color:rgba(0, 0, 0, 0);color:#5a564c\" class=\"has-inline-color\">Office<\/mark><\/a><\/p>\n\n\n\n<p class=\"has-text-align-justify\">When I was approached by IKEA Components to design the reception area and its space, I thought it was a joke. However, I responded to the offer. The original round beech reception desk needed to be replaced with something newer, more practical and ergonomic, and of course the whole interior design had to be in line with the Scandinavian brand's international standards. <\/p>\n\n\n\n<figure class=\"wp-block-gallery has-nested-images columns-1 is-cropped wp-block-gallery-1 is-layout-flex wp-block-gallery-is-layout-flex\">\n<figure class=\"wp-block-image size-large\"><img decoding=\"async\" width=\"640\" height=\"480\" data-id=\"1261\" src=\"https:\/\/jkdeco.eu\/wp-content\/uploads\/P1040926-kopia.jpg\" alt=\"\" class=\"wp-image-1261\" srcset=\"https:\/\/jkdeco.eu\/wp-content\/uploads\/P1040926-kopia.jpg 640w, https:\/\/jkdeco.eu\/wp-content\/uploads\/P1040926-kopia-300x225.jpg 300w\" sizes=\"(max-width: 640px) 100vw, 640px\" \/><\/figure>\n\n\n\n<figure class=\"wp-block-image size-large\"><img decoding=\"async\" width=\"640\" height=\"480\" data-id=\"1262\" src=\"https:\/\/jkdeco.eu\/wp-content\/uploads\/P1040927-kopia.jpg\" alt=\"\" class=\"wp-image-1262\" srcset=\"https:\/\/jkdeco.eu\/wp-content\/uploads\/P1040927-kopia.jpg 640w, https:\/\/jkdeco.eu\/wp-content\/uploads\/P1040927-kopia-300x225.jpg 300w\" sizes=\"(max-width: 640px) 100vw, 640px\" \/><\/figure>\n\n\n\n<figure class=\"wp-block-image size-large\"><img decoding=\"async\" width=\"640\" height=\"480\" data-id=\"1263\" src=\"https:\/\/jkdeco.eu\/wp-content\/uploads\/P1040929-kopia.jpg\" alt=\"\" class=\"wp-image-1263\" srcset=\"https:\/\/jkdeco.eu\/wp-content\/uploads\/P1040929-kopia.jpg 640w, https:\/\/jkdeco.eu\/wp-content\/uploads\/P1040929-kopia-300x225.jpg 300w\" sizes=\"(max-width: 640px) 100vw, 640px\" \/><\/figure>\n<\/figure>\n\n\n\n<p class=\"has-text-align-justify\">So I came up with a jigsaw reception, symbolizing IKEA's philosophy of self-assembly of the interior. Ergonomic access from the front allows for comfortable standing at the reception desk, there is space for a staff printer on the side, and there is a hidden storage area under the counter for the reception staff. A corner is used to place seasonal decorations. <\/p>\n\n\n\n<figure class=\"wp-block-gallery has-nested-images columns-1 is-cropped wp-block-gallery-2 is-layout-flex wp-block-gallery-is-layout-flex\">\n<figure class=\"wp-block-image size-large\"><img decoding=\"async\" width=\"1024\" height=\"493\" data-id=\"2871\" src=\"https:\/\/jkdeco.eu\/wp-content\/uploads\/51-Final-Dreveny-panel-Modra-stena-1024x493.jpg\" alt=\"\" class=\"wp-image-2871\" srcset=\"https:\/\/jkdeco.eu\/wp-content\/uploads\/51-Final-Dreveny-panel-Modra-stena-1024x493.jpg 1024w, https:\/\/jkdeco.eu\/wp-content\/uploads\/51-Final-Dreveny-panel-Modra-stena-300x144.jpg 300w, https:\/\/jkdeco.eu\/wp-content\/uploads\/51-Final-Dreveny-panel-Modra-stena-768x370.jpg 768w, https:\/\/jkdeco.eu\/wp-content\/uploads\/51-Final-Dreveny-panel-Modra-stena-640x308.jpg 640w, https:\/\/jkdeco.eu\/wp-content\/uploads\/51-Final-Dreveny-panel-Modra-stena-1200x577.jpg 1200w, https:\/\/jkdeco.eu\/wp-content\/uploads\/51-Final-Dreveny-panel-Modra-stena.jpg 1301w\" sizes=\"(max-width: 1024px) 100vw, 1024px\" \/><\/figure>\n\n\n\n<figure class=\"wp-block-image size-large\"><img decoding=\"async\" width=\"640\" height=\"308\" data-id=\"2872\" src=\"https:\/\/jkdeco.eu\/wp-content\/uploads\/52-Final-modry-panel-Zlta-stena-kopia.jpg\" alt=\"\" class=\"wp-image-2872\" srcset=\"https:\/\/jkdeco.eu\/wp-content\/uploads\/52-Final-modry-panel-Zlta-stena-kopia.jpg 640w, https:\/\/jkdeco.eu\/wp-content\/uploads\/52-Final-modry-panel-Zlta-stena-kopia-300x144.jpg 300w\" sizes=\"(max-width: 640px) 100vw, 640px\" \/><\/figure>\n\n\n\n<figure class=\"wp-block-image size-large\"><img decoding=\"async\" width=\"1024\" height=\"471\" data-id=\"2867\" src=\"https:\/\/jkdeco.eu\/wp-content\/uploads\/20-modre-zavesy-1024x471.jpg\" alt=\"\" class=\"wp-image-2867\" srcset=\"https:\/\/jkdeco.eu\/wp-content\/uploads\/20-modre-zavesy-1024x471.jpg 1024w, https:\/\/jkdeco.eu\/wp-content\/uploads\/20-modre-zavesy-300x138.jpg 300w, https:\/\/jkdeco.eu\/wp-content\/uploads\/20-modre-zavesy-768x353.jpg 768w, https:\/\/jkdeco.eu\/wp-content\/uploads\/20-modre-zavesy-640x294.jpg 640w, https:\/\/jkdeco.eu\/wp-content\/uploads\/20-modre-zavesy-1200x552.jpg 1200w, https:\/\/jkdeco.eu\/wp-content\/uploads\/20-modre-zavesy.jpg 1301w\" sizes=\"(max-width: 1024px) 100vw, 1024px\" \/><\/figure>\n\n\n\n<figure class=\"wp-block-image size-large\"><img decoding=\"async\" width=\"1024\" height=\"471\" data-id=\"2866\" src=\"https:\/\/jkdeco.eu\/wp-content\/uploads\/17-zlte-zavesy-1024x471.jpg\" alt=\"\" class=\"wp-image-2866\" srcset=\"https:\/\/jkdeco.eu\/wp-content\/uploads\/17-zlte-zavesy-1024x471.jpg 1024w, https:\/\/jkdeco.eu\/wp-content\/uploads\/17-zlte-zavesy-300x138.jpg 300w, https:\/\/jkdeco.eu\/wp-content\/uploads\/17-zlte-zavesy-768x353.jpg 768w, https:\/\/jkdeco.eu\/wp-content\/uploads\/17-zlte-zavesy-640x294.jpg 640w, https:\/\/jkdeco.eu\/wp-content\/uploads\/17-zlte-zavesy-1200x552.jpg 1200w, https:\/\/jkdeco.eu\/wp-content\/uploads\/17-zlte-zavesy.jpg 1301w\" sizes=\"(max-width: 1024px) 100vw, 1024px\" \/><\/figure>\n\n\n\n<figure class=\"wp-block-image size-large\"><img decoding=\"async\" width=\"640\" height=\"308\" data-id=\"2869\" src=\"https:\/\/jkdeco.eu\/wp-content\/uploads\/50-Final-celna-stena-kopia.jpg\" alt=\"\" class=\"wp-image-2869\" srcset=\"https:\/\/jkdeco.eu\/wp-content\/uploads\/50-Final-celna-stena-kopia.jpg 640w, https:\/\/jkdeco.eu\/wp-content\/uploads\/50-Final-celna-stena-kopia-300x144.jpg 300w\" sizes=\"(max-width: 640px) 100vw, 640px\" \/><\/figure>\n\n\n\n<figure class=\"wp-block-image size-large\"><img decoding=\"async\" width=\"1024\" height=\"471\" data-id=\"2868\" src=\"https:\/\/jkdeco.eu\/wp-content\/uploads\/36-vstup-1024x471.jpg\" alt=\"\" class=\"wp-image-2868\" srcset=\"https:\/\/jkdeco.eu\/wp-content\/uploads\/36-vstup-1024x471.jpg 1024w, https:\/\/jkdeco.eu\/wp-content\/uploads\/36-vstup-300x138.jpg 300w, https:\/\/jkdeco.eu\/wp-content\/uploads\/36-vstup-768x353.jpg 768w, https:\/\/jkdeco.eu\/wp-content\/uploads\/36-vstup-640x294.jpg 640w, https:\/\/jkdeco.eu\/wp-content\/uploads\/36-vstup-1200x552.jpg 1200w, https:\/\/jkdeco.eu\/wp-content\/uploads\/36-vstup.jpg 1301w\" sizes=\"(max-width: 1024px) 100vw, 1024px\" \/><\/figure>\n<\/figure>\n\n\n\n<p>On the basis of good cooperation, I further suggested <a href=\"https:\/\/jkdeco.eu\/en\/visualization\/ikea-canteen\/\">f<\/a><a href=\"https:\/\/jkdeco.eu\/en\/visualization\/ikea-canteen\/\">an irreplaceable canteen<\/a> in another building, as well as <a href=\"https:\/\/jkdeco.eu\/en\/visualization\/ikea-offices\/\">offices<\/a>. <\/p>\n\n\n\n<div style=\"height:100px\" aria-hidden=\"true\" class=\"wp-block-spacer\"><\/div>\n\n\n\n<figure class=\"wp-block-embed is-type-video is-provider-youtube wp-block-embed-youtube wp-embed-aspect-16-9 wp-has-aspect-ratio\"><div class=\"wp-block-embed__wrapper\">\n<div class=\"nv-iframe-embed\"><iframe loading=\"lazy\" title=\"Reception design Ikea Components wooden panel.AVI\" width=\"1200\" height=\"675\" src=\"https:\/\/www.youtube.com\/embed\/0FfY1rA7t2E?feature=oembed\" frameborder=\"0\" allow=\"accelerometer; autoplay; clipboard-write; encrypted-media; gyroscope; picture-in-picture; web-share\" referrerpolicy=\"strict-origin-when-cross-origin\" allowfullscreen><\/iframe><\/div>\n<\/div><\/figure>\n\n\n\n<figure class=\"wp-block-embed is-type-video is-provider-youtube wp-block-embed-youtube wp-embed-aspect-16-9 wp-has-aspect-ratio\"><div class=\"wp-block-embed__wrapper\">\n<div class=\"nv-iframe-embed\"><iframe loading=\"lazy\" title=\"Reception design Ikea Components blue panel.AVI\" width=\"1200\" height=\"675\" src=\"https:\/\/www.youtube.com\/embed\/-1IvDSCBHeI?feature=oembed\" frameborder=\"0\" allow=\"accelerometer; autoplay; clipboard-write; encrypted-media; gyroscope; picture-in-picture; web-share\" referrerpolicy=\"strict-origin-when-cross-origin\" allowfullscreen><\/iframe><\/div>\n<\/div><\/figure>\n\n\n\n<div style=\"height:100px\" aria-hidden=\"true\" class=\"wp-block-spacer\"><\/div>","protected":false},"excerpt":{"rendered":"<p>Ke\u010f ma oslovila IKEA Components so \u017eiados\u0165ou o n\u00e1vrh recepcie a jej priestorov, pova\u017eovala som to za vtip. Na ponuku som v\u0161ak reagovala. Bolo treba nahradi\u0165 p\u00f4vodn\u00fa obl\u00fa bukov\u00fa recepciu za nie\u010do nov\u0161ie, praktickej\u0161ie a ergonomickej\u0161ie, samozrejme cel\u00fd interi\u00e9rov\u00fd dizajn mal by\u0165 v s\u00falade s medzin\u00e1rodn\u00fdmi \u0161tandardami \u0161kandin\u00e1vskej zna\u010dky. Vymyslela som teda recepciu v znamen\u00ed&hellip;&nbsp;<a href=\"https:\/\/jkdeco.eu\/en\/interier\/recepcia-ikea-components\/\" rel=\"bookmark\">Read More &raquo;<span class=\"screen-reader-text\">Interior design of a jigsaw-style reception area, IKEA Components<\/span><\/a><\/p>","protected":false},"author":1,"featured_media":0,"parent":530,"menu_order":0,"comment_status":"closed","ping_status":"closed","template":"","meta":{"neve_meta_sidebar":"","neve_meta_container":"","neve_meta_enable_content_width":"","neve_meta_content_width":0,"neve_meta_title_alignment":"","neve_meta_author_avatar":"","neve_post_elements_order":"","neve_meta_disable_header":"","neve_meta_disable_footer":"","neve_meta_disable_title":"","_themeisle_gutenberg_block_has_review":false,"footnotes":""},"class_list":["post-593","page","type-page","status-publish","hentry"],"aioseo_notices":[],"_links":{"self":[{"href":"https:\/\/jkdeco.eu\/en\/wp-json\/wp\/v2\/pages\/593","targetHints":{"allow":["GET"]}}],"collection":[{"href":"https:\/\/jkdeco.eu\/en\/wp-json\/wp\/v2\/pages"}],"about":[{"href":"https:\/\/jkdeco.eu\/en\/wp-json\/wp\/v2\/types\/page"}],"author":[{"embeddable":true,"href":"https:\/\/jkdeco.eu\/en\/wp-json\/wp\/v2\/users\/1"}],"replies":[{"embeddable":true,"href":"https:\/\/jkdeco.eu\/en\/wp-json\/wp\/v2\/comments?post=593"}],"version-history":[{"count":2,"href":"https:\/\/jkdeco.eu\/en\/wp-json\/wp\/v2\/pages\/593\/revisions"}],"predecessor-version":[{"id":16412,"href":"https:\/\/jkdeco.eu\/en\/wp-json\/wp\/v2\/pages\/593\/revisions\/16412"}],"up":[{"embeddable":true,"href":"https:\/\/jkdeco.eu\/en\/wp-json\/wp\/v2\/pages\/530"}],"wp:attachment":[{"href":"https:\/\/jkdeco.eu\/en\/wp-json\/wp\/v2\/media?parent=593"}],"curies":[{"name":"wp","href":"https:\/\/api.w.org\/{rel}","templated":true}]}}