{"id":591,"date":"2019-11-17T19:47:02","date_gmt":"2019-11-17T18:47:02","guid":{"rendered":"https:\/\/janakadlic.jkdeco.eu\/?page_id=591"},"modified":"2025-04-02T19:14:09","modified_gmt":"2025-04-02T17:14:09","slug":"interior-design-of-the-house-malacky","status":"publish","type":"page","link":"https:\/\/jkdeco.eu\/en\/interier\/navrh-interieru-domu-malacky\/","title":{"rendered":"Interior design and interior design, family house Malacky"},"content":{"rendered":"<p class=\"has-text-align-justify\">Interior design of the family house - perimeter plasterboard lighting, fireplace, connection of the kitchen to the living room, shading, furniture, tiling. Design of the exterior of the house, facade, fencing,grounds,and garden. <\/p>\n\n\n\n<figure class=\"wp-block-gallery has-nested-images columns-1 is-cropped wp-block-gallery-1 is-layout-flex wp-block-gallery-is-layout-flex\">\n<figure class=\"wp-block-image size-large\"><img decoding=\"async\" width=\"640\" height=\"480\" data-id=\"1236\" src=\"https:\/\/jkdeco.eu\/wp-content\/uploads\/Marek_7_zapad-kuchyna.jpg\" alt=\"\" class=\"wp-image-1236\" srcset=\"https:\/\/jkdeco.eu\/wp-content\/uploads\/Marek_7_zapad-kuchyna.jpg 640w, https:\/\/jkdeco.eu\/wp-content\/uploads\/Marek_7_zapad-kuchyna-300x225.jpg 300w\" sizes=\"(max-width: 640px) 100vw, 640px\" \/><\/figure>\n\n\n\n<figure class=\"wp-block-image size-large\"><img decoding=\"async\" width=\"360\" height=\"480\" data-id=\"1237\" src=\"https:\/\/jkdeco.eu\/wp-content\/uploads\/RD-Malacky-1.jpg\" alt=\"\" class=\"wp-image-1237\" srcset=\"https:\/\/jkdeco.eu\/wp-content\/uploads\/RD-Malacky-1.jpg 360w, https:\/\/jkdeco.eu\/wp-content\/uploads\/RD-Malacky-1-225x300.jpg 225w\" sizes=\"(max-width: 360px) 100vw, 360px\" \/><\/figure>\n\n\n\n<figure class=\"wp-block-image size-large\"><img decoding=\"async\" width=\"640\" height=\"480\" data-id=\"1240\" src=\"https:\/\/jkdeco.eu\/wp-content\/uploads\/RD-Malacky-4.jpg\" alt=\"\" class=\"wp-image-1240\" srcset=\"https:\/\/jkdeco.eu\/wp-content\/uploads\/RD-Malacky-4.jpg 640w, https:\/\/jkdeco.eu\/wp-content\/uploads\/RD-Malacky-4-300x225.jpg 300w\" sizes=\"(max-width: 640px) 100vw, 640px\" \/><\/figure>\n\n\n\n<figure class=\"wp-block-image size-large\"><img decoding=\"async\" width=\"640\" height=\"480\" data-id=\"1239\" src=\"https:\/\/jkdeco.eu\/wp-content\/uploads\/RD-Malacky-3.jpg\" alt=\"\" class=\"wp-image-1239\" srcset=\"https:\/\/jkdeco.eu\/wp-content\/uploads\/RD-Malacky-3.jpg 640w, https:\/\/jkdeco.eu\/wp-content\/uploads\/RD-Malacky-3-300x225.jpg 300w\" sizes=\"(max-width: 640px) 100vw, 640px\" \/><\/figure>\n\n\n\n<figure class=\"wp-block-image size-large\"><img decoding=\"async\" width=\"360\" height=\"480\" data-id=\"1238\" src=\"https:\/\/jkdeco.eu\/wp-content\/uploads\/RD-Malacky-2.jpg\" alt=\"\" class=\"wp-image-1238\" srcset=\"https:\/\/jkdeco.eu\/wp-content\/uploads\/RD-Malacky-2.jpg 360w, https:\/\/jkdeco.eu\/wp-content\/uploads\/RD-Malacky-2-225x300.jpg 225w\" sizes=\"(max-width: 360px) 100vw, 360px\" \/><\/figure>\n\n\n\n<figure class=\"wp-block-image size-large\"><img decoding=\"async\" width=\"640\" height=\"480\" data-id=\"1241\" src=\"https:\/\/jkdeco.eu\/wp-content\/uploads\/RD-Malacky-5.jpg\" alt=\"\" class=\"wp-image-1241\" srcset=\"https:\/\/jkdeco.eu\/wp-content\/uploads\/RD-Malacky-5.jpg 640w, https:\/\/jkdeco.eu\/wp-content\/uploads\/RD-Malacky-5-300x225.jpg 300w\" sizes=\"(max-width: 640px) 100vw, 640px\" \/><\/figure>\n\n\n\n<figure class=\"wp-block-image size-large\"><img decoding=\"async\" width=\"509\" height=\"478\" data-id=\"1242\" src=\"https:\/\/jkdeco.eu\/wp-content\/uploads\/RD-Malacky-6.jpg\" alt=\"\" class=\"wp-image-1242\" srcset=\"https:\/\/jkdeco.eu\/wp-content\/uploads\/RD-Malacky-6.jpg 509w, https:\/\/jkdeco.eu\/wp-content\/uploads\/RD-Malacky-6-300x282.jpg 300w\" sizes=\"(max-width: 509px) 100vw, 509px\" \/><\/figure>\n\n\n\n<figure class=\"wp-block-image size-large\"><img decoding=\"async\" width=\"1024\" height=\"768\" data-id=\"1243\" src=\"https:\/\/jkdeco.eu\/wp-content\/uploads\/RD-Malacky-7-1024x768.jpg\" alt=\"\" class=\"wp-image-1243\" srcset=\"https:\/\/jkdeco.eu\/wp-content\/uploads\/RD-Malacky-7-1024x768.jpg 1024w, https:\/\/jkdeco.eu\/wp-content\/uploads\/RD-Malacky-7-300x225.jpg 300w, https:\/\/jkdeco.eu\/wp-content\/uploads\/RD-Malacky-7-768x576.jpg 768w, https:\/\/jkdeco.eu\/wp-content\/uploads\/RD-Malacky-7-1536x1152.jpg 1536w, https:\/\/jkdeco.eu\/wp-content\/uploads\/RD-Malacky-7-640x480.jpg 640w, https:\/\/jkdeco.eu\/wp-content\/uploads\/RD-Malacky-7-1067x800.jpg 1067w, https:\/\/jkdeco.eu\/wp-content\/uploads\/RD-Malacky-7.jpg 1600w\" sizes=\"(max-width: 1024px) 100vw, 1024px\" \/><\/figure>\n\n\n\n<figure class=\"wp-block-image size-large\"><img decoding=\"async\" width=\"640\" height=\"480\" data-id=\"1244\" src=\"https:\/\/jkdeco.eu\/wp-content\/uploads\/RD-Malacky-8.jpg\" alt=\"\" class=\"wp-image-1244\" srcset=\"https:\/\/jkdeco.eu\/wp-content\/uploads\/RD-Malacky-8.jpg 640w, https:\/\/jkdeco.eu\/wp-content\/uploads\/RD-Malacky-8-300x225.jpg 300w\" sizes=\"(max-width: 640px) 100vw, 640px\" \/><\/figure>\n\n\n\n<figure class=\"wp-block-image size-large\"><img decoding=\"async\" width=\"640\" height=\"480\" data-id=\"1246\" src=\"https:\/\/jkdeco.eu\/wp-content\/uploads\/Spalna_upravena-k\u00f3pia.jpg\" alt=\"\" class=\"wp-image-1246\" srcset=\"https:\/\/jkdeco.eu\/wp-content\/uploads\/Spalna_upravena-k\u00f3pia.jpg 640w, https:\/\/jkdeco.eu\/wp-content\/uploads\/Spalna_upravena-k\u00f3pia-300x225.jpg 300w\" sizes=\"(max-width: 640px) 100vw, 640px\" \/><\/figure>\n\n\n\n<figure class=\"wp-block-image size-large\"><img decoding=\"async\" width=\"640\" height=\"480\" data-id=\"1245\" src=\"https:\/\/jkdeco.eu\/wp-content\/uploads\/RD-Malacky.jpg\" alt=\"\" class=\"wp-image-1245\" srcset=\"https:\/\/jkdeco.eu\/wp-content\/uploads\/RD-Malacky.jpg 640w, https:\/\/jkdeco.eu\/wp-content\/uploads\/RD-Malacky-300x225.jpg 300w\" sizes=\"(max-width: 640px) 100vw, 640px\" \/><\/figure>\n<\/figure>\n\n\n\n<div style=\"height:100px\" aria-hidden=\"true\" class=\"wp-block-spacer\"><\/div>\n\n\n\n<h2 class=\"wp-block-heading\" id=\"exterier-malacky\">Visualization of the facade and terrace of the house<\/h2>\n\n\n\n<figure class=\"wp-block-gallery has-nested-images columns-1 is-cropped wp-block-gallery-2 is-layout-flex wp-block-gallery-is-layout-flex\">\n<figure class=\"wp-block-image size-large\"><img decoding=\"async\" width=\"640\" height=\"338\" data-id=\"3677\" src=\"https:\/\/jkdeco.eu\/wp-content\/uploads\/Navrh-fasady-RD-Malacky.jpg\" alt=\"\" class=\"wp-image-3677\" srcset=\"https:\/\/jkdeco.eu\/wp-content\/uploads\/Navrh-fasady-RD-Malacky.jpg 640w, https:\/\/jkdeco.eu\/wp-content\/uploads\/Navrh-fasady-RD-Malacky-300x158.jpg 300w\" sizes=\"(max-width: 640px) 100vw, 640px\" \/><\/figure>\n\n\n\n<figure class=\"wp-block-image size-large\"><img decoding=\"async\" width=\"640\" height=\"338\" data-id=\"3680\" src=\"https:\/\/jkdeco.eu\/wp-content\/uploads\/Zahrada-RD-Malacky.jpg\" alt=\"\" class=\"wp-image-3680\" srcset=\"https:\/\/jkdeco.eu\/wp-content\/uploads\/Zahrada-RD-Malacky.jpg 640w, https:\/\/jkdeco.eu\/wp-content\/uploads\/Zahrada-RD-Malacky-300x158.jpg 300w\" sizes=\"(max-width: 640px) 100vw, 640px\" \/><\/figure>\n\n\n\n<figure class=\"wp-block-image size-large\"><img decoding=\"async\" width=\"640\" height=\"480\" data-id=\"3679\" src=\"https:\/\/jkdeco.eu\/wp-content\/uploads\/Terasa_upravena2_0092.jpg\" alt=\"\" class=\"wp-image-3679\" srcset=\"https:\/\/jkdeco.eu\/wp-content\/uploads\/Terasa_upravena2_0092.jpg 640w, https:\/\/jkdeco.eu\/wp-content\/uploads\/Terasa_upravena2_0092-300x225.jpg 300w\" sizes=\"(max-width: 640px) 100vw, 640px\" \/><\/figure>\n\n\n\n<figure class=\"wp-block-image size-large\"><img decoding=\"async\" width=\"640\" height=\"480\" data-id=\"3678\" src=\"https:\/\/jkdeco.eu\/wp-content\/uploads\/Terasa-RD-Malacky.jpg\" alt=\"\" class=\"wp-image-3678\" srcset=\"https:\/\/jkdeco.eu\/wp-content\/uploads\/Terasa-RD-Malacky.jpg 640w, https:\/\/jkdeco.eu\/wp-content\/uploads\/Terasa-RD-Malacky-300x225.jpg 300w\" sizes=\"(max-width: 640px) 100vw, 640px\" \/><\/figure>\n<\/figure>\n\n\n\n<div style=\"height:100px\" aria-hidden=\"true\" class=\"wp-block-spacer\"><\/div>","protected":false},"excerpt":{"rendered":"<p>N\u00e1vrh interi\u00e9ru rodinn\u00e9ho domu &#8211; obvodov\u00e9 s\u00e1drokart\u00f3nov\u00e9 osvetlenie, krb, napojenie kuchyne na ob\u00fdva\u010dku, tienenie, n\u00e1bytok, obklad. N\u00e1vrh exteri\u00e9ru domu, fas\u00e1da, oplotenia,are\u00e1lu,a z\u00e1hrady. Vizualiz\u00e1cia fas\u00e1dy a terasy domu<\/p>","protected":false},"author":1,"featured_media":0,"parent":530,"menu_order":0,"comment_status":"closed","ping_status":"closed","template":"","meta":{"neve_meta_sidebar":"","neve_meta_container":"","neve_meta_enable_content_width":"","neve_meta_content_width":0,"neve_meta_title_alignment":"","neve_meta_author_avatar":"","neve_post_elements_order":"","neve_meta_disable_header":"","neve_meta_disable_footer":"","neve_meta_disable_title":"","_themeisle_gutenberg_block_has_review":false,"footnotes":""},"class_list":["post-591","page","type-page","status-publish","hentry"],"aioseo_notices":[],"_links":{"self":[{"href":"https:\/\/jkdeco.eu\/en\/wp-json\/wp\/v2\/pages\/591","targetHints":{"allow":["GET"]}}],"collection":[{"href":"https:\/\/jkdeco.eu\/en\/wp-json\/wp\/v2\/pages"}],"about":[{"href":"https:\/\/jkdeco.eu\/en\/wp-json\/wp\/v2\/types\/page"}],"author":[{"embeddable":true,"href":"https:\/\/jkdeco.eu\/en\/wp-json\/wp\/v2\/users\/1"}],"replies":[{"embeddable":true,"href":"https:\/\/jkdeco.eu\/en\/wp-json\/wp\/v2\/comments?post=591"}],"version-history":[{"count":1,"href":"https:\/\/jkdeco.eu\/en\/wp-json\/wp\/v2\/pages\/591\/revisions"}],"predecessor-version":[{"id":16433,"href":"https:\/\/jkdeco.eu\/en\/wp-json\/wp\/v2\/pages\/591\/revisions\/16433"}],"up":[{"embeddable":true,"href":"https:\/\/jkdeco.eu\/en\/wp-json\/wp\/v2\/pages\/530"}],"wp:attachment":[{"href":"https:\/\/jkdeco.eu\/en\/wp-json\/wp\/v2\/media?parent=591"}],"curies":[{"name":"wp","href":"https:\/\/api.w.org\/{rel}","templated":true}]}}