{"id":587,"date":"2019-11-17T19:46:01","date_gmt":"2019-11-17T18:46:01","guid":{"rendered":"https:\/\/janakadlic.jkdeco.eu\/?page_id=587"},"modified":"2025-04-02T17:25:07","modified_gmt":"2025-04-02T15:25:07","slug":"industrialne-byvanie-stupava-pod-lesom","status":"publish","type":"page","link":"https:\/\/jkdeco.eu\/en\/interier\/industrialne-byvanie-stupava-pod-lesom\/","title":{"rendered":"Industrial style living under the forest"},"content":{"rendered":"<p class=\"has-text-align-right\"><a href=\"https:\/\/jkdeco.eu\/en\/exterior\/house-under-the-forest-stupava\/\" title=\"Interior\">Interior<\/a> \/ <a href=\"https:\/\/jkdeco.eu\/en\/exterior\/house-under-the-forest-stupava\/\" title=\"Exterior\">Exterior<\/a><\/p>\n\n\n\n<p class=\"has-text-align-justify\">Recreational character of the interior and <a href=\"https:\/\/jkdeco.eu\/en\/exterior\/house-under-the-forest-stupava\/\">exterior<\/a> The sympathetic owners transformed the house under the forest into an inspiring industrial-style home on their own. In contrast to the design, they ended up using a more distinctive shade of brick available and, given this expressiveness, decided to \u201cbrick\u201d only one wall of the living room, which is even better given the expressiveness of the cladding. I always approach the cladding in such a way that it is as naturally clad as possible. Since this was a multi-storey house, I chose one logical wall of the hallway, which stretches vertically across all floors. As a result, the entire interior has a uniform character. It is practical from a \u201csustainability\u201d perspective. Moreover, with its minimal presence on each floor, it does not unnecessarily clutter up the space, but only refreshes it. The original classic carved wooden staircase had to be changed to a metal one with a more industrial character. <\/p>\n\n\n\n<figure class=\"wp-block-gallery has-nested-images columns-1 is-cropped wp-block-gallery-1 is-layout-flex wp-block-gallery-is-layout-flex\">\n<figure class=\"wp-block-image size-large\"><img decoding=\"async\" width=\"1024\" height=\"691\" data-id=\"1318\" src=\"https:\/\/jkdeco.eu\/wp-content\/uploads\/IMG_6129-kopia-1024x691.jpg\" alt=\"\" class=\"wp-image-1318\" srcset=\"https:\/\/jkdeco.eu\/wp-content\/uploads\/IMG_6129-kopia-1024x691.jpg 1024w, https:\/\/jkdeco.eu\/wp-content\/uploads\/IMG_6129-kopia-300x203.jpg 300w, https:\/\/jkdeco.eu\/wp-content\/uploads\/IMG_6129-kopia-768x519.jpg 768w, https:\/\/jkdeco.eu\/wp-content\/uploads\/IMG_6129-kopia-1536x1037.jpg 1536w, https:\/\/jkdeco.eu\/wp-content\/uploads\/IMG_6129-kopia-2048x1383.jpg 2048w, https:\/\/jkdeco.eu\/wp-content\/uploads\/IMG_6129-kopia-640x432.jpg 640w, https:\/\/jkdeco.eu\/wp-content\/uploads\/IMG_6129-kopia-1185x800.jpg 1185w\" sizes=\"(max-width: 1024px) 100vw, 1024px\" \/><\/figure>\n\n\n\n<figure class=\"wp-block-image size-large\"><img decoding=\"async\" width=\"1024\" height=\"747\" data-id=\"1317\" src=\"https:\/\/jkdeco.eu\/wp-content\/uploads\/IMG_6128-kopia-1024x747.jpg\" alt=\"\" class=\"wp-image-1317\" srcset=\"https:\/\/jkdeco.eu\/wp-content\/uploads\/IMG_6128-kopia-1024x747.jpg 1024w, https:\/\/jkdeco.eu\/wp-content\/uploads\/IMG_6128-kopia-300x219.jpg 300w, https:\/\/jkdeco.eu\/wp-content\/uploads\/IMG_6128-kopia-768x560.jpg 768w, https:\/\/jkdeco.eu\/wp-content\/uploads\/IMG_6128-kopia-1536x1120.jpg 1536w, https:\/\/jkdeco.eu\/wp-content\/uploads\/IMG_6128-kopia-2048x1493.jpg 2048w, https:\/\/jkdeco.eu\/wp-content\/uploads\/IMG_6128-kopia-640x467.jpg 640w, https:\/\/jkdeco.eu\/wp-content\/uploads\/IMG_6128-kopia-1097x800.jpg 1097w\" sizes=\"(max-width: 1024px) 100vw, 1024px\" \/><\/figure>\n\n\n\n<figure class=\"wp-block-image size-large\"><img decoding=\"async\" width=\"1024\" height=\"880\" data-id=\"1316\" src=\"https:\/\/jkdeco.eu\/wp-content\/uploads\/IMG_6126-kopia-1024x880.jpg\" alt=\"\" class=\"wp-image-1316\" srcset=\"https:\/\/jkdeco.eu\/wp-content\/uploads\/IMG_6126-kopia-1024x880.jpg 1024w, https:\/\/jkdeco.eu\/wp-content\/uploads\/IMG_6126-kopia-300x258.jpg 300w, https:\/\/jkdeco.eu\/wp-content\/uploads\/IMG_6126-kopia-768x660.jpg 768w, https:\/\/jkdeco.eu\/wp-content\/uploads\/IMG_6126-kopia-1536x1320.jpg 1536w, https:\/\/jkdeco.eu\/wp-content\/uploads\/IMG_6126-kopia-2048x1760.jpg 2048w, https:\/\/jkdeco.eu\/wp-content\/uploads\/IMG_6126-kopia-640x550.jpg 640w, https:\/\/jkdeco.eu\/wp-content\/uploads\/IMG_6126-kopia-931x800.jpg 931w\" sizes=\"(max-width: 1024px) 100vw, 1024px\" \/><\/figure>\n\n\n\n<figure class=\"wp-block-image size-large\"><img decoding=\"async\" width=\"768\" height=\"1024\" data-id=\"1319\" src=\"https:\/\/jkdeco.eu\/wp-content\/uploads\/IMG_6153-kopia-768x1024.jpg\" alt=\"\" class=\"wp-image-1319\" srcset=\"https:\/\/jkdeco.eu\/wp-content\/uploads\/IMG_6153-kopia-768x1024.jpg 768w, https:\/\/jkdeco.eu\/wp-content\/uploads\/IMG_6153-kopia-225x300.jpg 225w, https:\/\/jkdeco.eu\/wp-content\/uploads\/IMG_6153-kopia-1152x1536.jpg 1152w, https:\/\/jkdeco.eu\/wp-content\/uploads\/IMG_6153-kopia-1536x2048.jpg 1536w, https:\/\/jkdeco.eu\/wp-content\/uploads\/IMG_6153-kopia-640x853.jpg 640w, https:\/\/jkdeco.eu\/wp-content\/uploads\/IMG_6153-kopia-600x800.jpg 600w, https:\/\/jkdeco.eu\/wp-content\/uploads\/IMG_6153-kopia-scaled.jpg 1920w\" sizes=\"(max-width: 768px) 100vw, 768px\" \/><\/figure>\n\n\n\n<figure class=\"wp-block-image size-large\"><img decoding=\"async\" width=\"768\" height=\"1024\" data-id=\"1314\" src=\"https:\/\/jkdeco.eu\/wp-content\/uploads\/IMG_6124-kopia-768x1024.jpg\" alt=\"\" class=\"wp-image-1314\" srcset=\"https:\/\/jkdeco.eu\/wp-content\/uploads\/IMG_6124-kopia-768x1024.jpg 768w, https:\/\/jkdeco.eu\/wp-content\/uploads\/IMG_6124-kopia-225x300.jpg 225w, https:\/\/jkdeco.eu\/wp-content\/uploads\/IMG_6124-kopia-1152x1536.jpg 1152w, https:\/\/jkdeco.eu\/wp-content\/uploads\/IMG_6124-kopia-1536x2048.jpg 1536w, https:\/\/jkdeco.eu\/wp-content\/uploads\/IMG_6124-kopia-640x853.jpg 640w, https:\/\/jkdeco.eu\/wp-content\/uploads\/IMG_6124-kopia-600x800.jpg 600w, https:\/\/jkdeco.eu\/wp-content\/uploads\/IMG_6124-kopia-scaled.jpg 1920w\" sizes=\"(max-width: 768px) 100vw, 768px\" \/><\/figure>\n\n\n\n<figure class=\"wp-block-image size-large\"><img decoding=\"async\" width=\"704\" height=\"1024\" data-id=\"1312\" src=\"https:\/\/jkdeco.eu\/wp-content\/uploads\/IMG_6121-kopia-704x1024.jpg\" alt=\"\" class=\"wp-image-1312\" srcset=\"https:\/\/jkdeco.eu\/wp-content\/uploads\/IMG_6121-kopia-704x1024.jpg 704w, https:\/\/jkdeco.eu\/wp-content\/uploads\/IMG_6121-kopia-206x300.jpg 206w, https:\/\/jkdeco.eu\/wp-content\/uploads\/IMG_6121-kopia-768x1117.jpg 768w, https:\/\/jkdeco.eu\/wp-content\/uploads\/IMG_6121-kopia-1056x1536.jpg 1056w, https:\/\/jkdeco.eu\/wp-content\/uploads\/IMG_6121-kopia-1408x2048.jpg 1408w, https:\/\/jkdeco.eu\/wp-content\/uploads\/IMG_6121-kopia-640x931.jpg 640w, https:\/\/jkdeco.eu\/wp-content\/uploads\/IMG_6121-kopia-550x800.jpg 550w, https:\/\/jkdeco.eu\/wp-content\/uploads\/IMG_6121-kopia-scaled.jpg 1760w\" sizes=\"(max-width: 704px) 100vw, 704px\" \/><\/figure>\n\n\n\n<figure class=\"wp-block-image size-large\"><img decoding=\"async\" width=\"796\" height=\"1024\" data-id=\"1315\" src=\"https:\/\/jkdeco.eu\/wp-content\/uploads\/IMG_6125-kopia-796x1024.jpg\" alt=\"\" class=\"wp-image-1315\" srcset=\"https:\/\/jkdeco.eu\/wp-content\/uploads\/IMG_6125-kopia-796x1024.jpg 796w, https:\/\/jkdeco.eu\/wp-content\/uploads\/IMG_6125-kopia-233x300.jpg 233w, https:\/\/jkdeco.eu\/wp-content\/uploads\/IMG_6125-kopia-768x988.jpg 768w, https:\/\/jkdeco.eu\/wp-content\/uploads\/IMG_6125-kopia-1194x1536.jpg 1194w, https:\/\/jkdeco.eu\/wp-content\/uploads\/IMG_6125-kopia-1592x2048.jpg 1592w, https:\/\/jkdeco.eu\/wp-content\/uploads\/IMG_6125-kopia-640x823.jpg 640w, https:\/\/jkdeco.eu\/wp-content\/uploads\/IMG_6125-kopia-622x800.jpg 622w, https:\/\/jkdeco.eu\/wp-content\/uploads\/IMG_6125-kopia-scaled.jpg 1990w\" sizes=\"(max-width: 796px) 100vw, 796px\" \/><\/figure>\n<\/figure>\n\n\n\n<div style=\"height:100px\" aria-hidden=\"true\" class=\"wp-block-spacer\"><\/div>\n\n\n\n<h2 class=\"wp-block-heading\" id=\"vizualizacia-industrialneho-interieru\">Industrial style living visualization<\/h2>\n\n\n\n<figure class=\"wp-block-gallery has-nested-images columns-1 is-cropped wp-block-gallery-2 is-layout-flex wp-block-gallery-is-layout-flex\">\n<figure class=\"wp-block-image size-large\"><img decoding=\"async\" width=\"1274\" height=\"550\" data-id=\"2950\" src=\"https:\/\/jkdeco.eu\/wp-content\/uploads\/75b-k\u00f3pia.jpg\" alt=\"navrh interieru domu v industrialnom style - jana kadlicova\" class=\"wp-image-2950\" srcset=\"https:\/\/jkdeco.eu\/wp-content\/uploads\/75b-k\u00f3pia.jpg 1274w, https:\/\/jkdeco.eu\/wp-content\/uploads\/75b-k\u00f3pia-300x130.jpg 300w, https:\/\/jkdeco.eu\/wp-content\/uploads\/75b-k\u00f3pia-1024x442.jpg 1024w, https:\/\/jkdeco.eu\/wp-content\/uploads\/75b-k\u00f3pia-768x332.jpg 768w, https:\/\/jkdeco.eu\/wp-content\/uploads\/75b-k\u00f3pia-640x276.jpg 640w, https:\/\/jkdeco.eu\/wp-content\/uploads\/75b-k\u00f3pia-1200x518.jpg 1200w\" sizes=\"(max-width: 1274px) 100vw, 1274px\" \/><\/figure>\n\n\n\n<figure class=\"wp-block-image size-large\"><img decoding=\"async\" width=\"1274\" height=\"550\" data-id=\"2947\" src=\"https:\/\/jkdeco.eu\/wp-content\/uploads\/73-k\u00f3pia.jpg\" alt=\"interierovy dizajn obyvacky v industrialnom style\" class=\"wp-image-2947\" srcset=\"https:\/\/jkdeco.eu\/wp-content\/uploads\/73-k\u00f3pia.jpg 1274w, https:\/\/jkdeco.eu\/wp-content\/uploads\/73-k\u00f3pia-300x130.jpg 300w, https:\/\/jkdeco.eu\/wp-content\/uploads\/73-k\u00f3pia-1024x442.jpg 1024w, https:\/\/jkdeco.eu\/wp-content\/uploads\/73-k\u00f3pia-768x332.jpg 768w, https:\/\/jkdeco.eu\/wp-content\/uploads\/73-k\u00f3pia-640x276.jpg 640w, https:\/\/jkdeco.eu\/wp-content\/uploads\/73-k\u00f3pia-1200x518.jpg 1200w\" sizes=\"(max-width: 1274px) 100vw, 1274px\" \/><\/figure>\n\n\n\n<figure class=\"wp-block-image size-large\"><img decoding=\"async\" width=\"1274\" height=\"550\" data-id=\"2948\" src=\"https:\/\/jkdeco.eu\/wp-content\/uploads\/74-k\u00f3pia-3.jpg\" alt=\"navrh obyvacky v priemyselnom style\" class=\"wp-image-2948\" srcset=\"https:\/\/jkdeco.eu\/wp-content\/uploads\/74-k\u00f3pia-3.jpg 1274w, https:\/\/jkdeco.eu\/wp-content\/uploads\/74-k\u00f3pia-3-300x130.jpg 300w, https:\/\/jkdeco.eu\/wp-content\/uploads\/74-k\u00f3pia-3-1024x442.jpg 1024w, https:\/\/jkdeco.eu\/wp-content\/uploads\/74-k\u00f3pia-3-768x332.jpg 768w, https:\/\/jkdeco.eu\/wp-content\/uploads\/74-k\u00f3pia-3-640x276.jpg 640w, https:\/\/jkdeco.eu\/wp-content\/uploads\/74-k\u00f3pia-3-1200x518.jpg 1200w\" sizes=\"(max-width: 1274px) 100vw, 1274px\" \/><\/figure>\n\n\n\n<figure class=\"wp-block-image size-large\"><img decoding=\"async\" width=\"1274\" height=\"550\" data-id=\"2941\" src=\"https:\/\/jkdeco.eu\/wp-content\/uploads\/7-k\u00f3pia-2.jpg\" alt=\"vizualizacia interieru obyvacky v priemyselnom style - jana kadlicva\" class=\"wp-image-2941\" srcset=\"https:\/\/jkdeco.eu\/wp-content\/uploads\/7-k\u00f3pia-2.jpg 1274w, https:\/\/jkdeco.eu\/wp-content\/uploads\/7-k\u00f3pia-2-300x130.jpg 300w, https:\/\/jkdeco.eu\/wp-content\/uploads\/7-k\u00f3pia-2-1024x442.jpg 1024w, https:\/\/jkdeco.eu\/wp-content\/uploads\/7-k\u00f3pia-2-768x332.jpg 768w, https:\/\/jkdeco.eu\/wp-content\/uploads\/7-k\u00f3pia-2-640x276.jpg 640w, https:\/\/jkdeco.eu\/wp-content\/uploads\/7-k\u00f3pia-2-1200x518.jpg 1200w\" sizes=\"(max-width: 1274px) 100vw, 1274px\" \/><\/figure>\n\n\n\n<figure class=\"wp-block-image size-large\"><img decoding=\"async\" width=\"1274\" height=\"550\" data-id=\"2943\" src=\"https:\/\/jkdeco.eu\/wp-content\/uploads\/25-biele-steny-k\u00f3pia.jpg\" alt=\"interier obyvaka - jkdeco\" class=\"wp-image-2943\" srcset=\"https:\/\/jkdeco.eu\/wp-content\/uploads\/25-biele-steny-k\u00f3pia.jpg 1274w, https:\/\/jkdeco.eu\/wp-content\/uploads\/25-biele-steny-k\u00f3pia-300x130.jpg 300w, https:\/\/jkdeco.eu\/wp-content\/uploads\/25-biele-steny-k\u00f3pia-1024x442.jpg 1024w, https:\/\/jkdeco.eu\/wp-content\/uploads\/25-biele-steny-k\u00f3pia-768x332.jpg 768w, https:\/\/jkdeco.eu\/wp-content\/uploads\/25-biele-steny-k\u00f3pia-640x276.jpg 640w, https:\/\/jkdeco.eu\/wp-content\/uploads\/25-biele-steny-k\u00f3pia-1200x518.jpg 1200w\" sizes=\"(max-width: 1274px) 100vw, 1274px\" \/><\/figure>\n\n\n\n<figure class=\"wp-block-image size-large\"><img decoding=\"async\" width=\"1274\" height=\"550\" data-id=\"2952\" src=\"https:\/\/jkdeco.eu\/wp-content\/uploads\/78-render-k\u00f3pia.jpg\" alt=\"navrh obyvacky v industrialnom style\" class=\"wp-image-2952\" srcset=\"https:\/\/jkdeco.eu\/wp-content\/uploads\/78-render-k\u00f3pia.jpg 1274w, https:\/\/jkdeco.eu\/wp-content\/uploads\/78-render-k\u00f3pia-300x130.jpg 300w, https:\/\/jkdeco.eu\/wp-content\/uploads\/78-render-k\u00f3pia-1024x442.jpg 1024w, https:\/\/jkdeco.eu\/wp-content\/uploads\/78-render-k\u00f3pia-768x332.jpg 768w, https:\/\/jkdeco.eu\/wp-content\/uploads\/78-render-k\u00f3pia-640x276.jpg 640w, https:\/\/jkdeco.eu\/wp-content\/uploads\/78-render-k\u00f3pia-1200x518.jpg 1200w\" sizes=\"(max-width: 1274px) 100vw, 1274px\" \/><\/figure>\n\n\n\n<figure class=\"wp-block-image size-large\"><img decoding=\"async\" width=\"1274\" height=\"550\" data-id=\"2951\" src=\"https:\/\/jkdeco.eu\/wp-content\/uploads\/77-k\u00f3pia.jpg\" alt=\"navrh chodby v industrialnom style\" class=\"wp-image-2951\" srcset=\"https:\/\/jkdeco.eu\/wp-content\/uploads\/77-k\u00f3pia.jpg 1274w, https:\/\/jkdeco.eu\/wp-content\/uploads\/77-k\u00f3pia-300x130.jpg 300w, https:\/\/jkdeco.eu\/wp-content\/uploads\/77-k\u00f3pia-1024x442.jpg 1024w, https:\/\/jkdeco.eu\/wp-content\/uploads\/77-k\u00f3pia-768x332.jpg 768w, https:\/\/jkdeco.eu\/wp-content\/uploads\/77-k\u00f3pia-640x276.jpg 640w, https:\/\/jkdeco.eu\/wp-content\/uploads\/77-k\u00f3pia-1200x518.jpg 1200w\" sizes=\"(max-width: 1274px) 100vw, 1274px\" \/><\/figure>\n\n\n\n<figure class=\"wp-block-image size-large\"><img decoding=\"async\" width=\"1274\" height=\"550\" data-id=\"2944\" src=\"https:\/\/jkdeco.eu\/wp-content\/uploads\/48-k\u00f3pia.jpg\" alt=\"navrh schodiska v priemyselnom style\" class=\"wp-image-2944\" srcset=\"https:\/\/jkdeco.eu\/wp-content\/uploads\/48-k\u00f3pia.jpg 1274w, https:\/\/jkdeco.eu\/wp-content\/uploads\/48-k\u00f3pia-300x130.jpg 300w, https:\/\/jkdeco.eu\/wp-content\/uploads\/48-k\u00f3pia-1024x442.jpg 1024w, https:\/\/jkdeco.eu\/wp-content\/uploads\/48-k\u00f3pia-768x332.jpg 768w, https:\/\/jkdeco.eu\/wp-content\/uploads\/48-k\u00f3pia-640x276.jpg 640w, https:\/\/jkdeco.eu\/wp-content\/uploads\/48-k\u00f3pia-1200x518.jpg 1200w\" sizes=\"(max-width: 1274px) 100vw, 1274px\" \/><\/figure>\n\n\n\n<figure class=\"wp-block-image size-large\"><img decoding=\"async\" width=\"1274\" height=\"550\" data-id=\"2945\" src=\"https:\/\/jkdeco.eu\/wp-content\/uploads\/60-k\u00f3pia-1.jpg\" alt=\"navrh chodby\" class=\"wp-image-2945\" srcset=\"https:\/\/jkdeco.eu\/wp-content\/uploads\/60-k\u00f3pia-1.jpg 1274w, https:\/\/jkdeco.eu\/wp-content\/uploads\/60-k\u00f3pia-1-300x130.jpg 300w, https:\/\/jkdeco.eu\/wp-content\/uploads\/60-k\u00f3pia-1-1024x442.jpg 1024w, https:\/\/jkdeco.eu\/wp-content\/uploads\/60-k\u00f3pia-1-768x332.jpg 768w, https:\/\/jkdeco.eu\/wp-content\/uploads\/60-k\u00f3pia-1-640x276.jpg 640w, https:\/\/jkdeco.eu\/wp-content\/uploads\/60-k\u00f3pia-1-1200x518.jpg 1200w\" sizes=\"(max-width: 1274px) 100vw, 1274px\" \/><\/figure>\n\n\n\n<figure class=\"wp-block-image size-large\"><img decoding=\"async\" width=\"1274\" height=\"550\" data-id=\"2946\" src=\"https:\/\/jkdeco.eu\/wp-content\/uploads\/64-k\u00f3pia-1.jpg\" alt=\"navrh chodby s tmavym kusovym nabytkom\" class=\"wp-image-2946\" srcset=\"https:\/\/jkdeco.eu\/wp-content\/uploads\/64-k\u00f3pia-1.jpg 1274w, https:\/\/jkdeco.eu\/wp-content\/uploads\/64-k\u00f3pia-1-300x130.jpg 300w, https:\/\/jkdeco.eu\/wp-content\/uploads\/64-k\u00f3pia-1-1024x442.jpg 1024w, https:\/\/jkdeco.eu\/wp-content\/uploads\/64-k\u00f3pia-1-768x332.jpg 768w, https:\/\/jkdeco.eu\/wp-content\/uploads\/64-k\u00f3pia-1-640x276.jpg 640w, https:\/\/jkdeco.eu\/wp-content\/uploads\/64-k\u00f3pia-1-1200x518.jpg 1200w\" sizes=\"(max-width: 1274px) 100vw, 1274px\" \/><\/figure>\n\n\n\n<figure class=\"wp-block-image size-large\"><img decoding=\"async\" width=\"835\" height=\"527\" data-id=\"2954\" src=\"https:\/\/jkdeco.eu\/wp-content\/uploads\/Dolly-A-k\u00f3pia-1.jpg\" alt=\"dispozicne riesenie obyvacky\" class=\"wp-image-2954\" srcset=\"https:\/\/jkdeco.eu\/wp-content\/uploads\/Dolly-A-k\u00f3pia-1.jpg 835w, https:\/\/jkdeco.eu\/wp-content\/uploads\/Dolly-A-k\u00f3pia-1-300x189.jpg 300w, https:\/\/jkdeco.eu\/wp-content\/uploads\/Dolly-A-k\u00f3pia-1-768x485.jpg 768w, https:\/\/jkdeco.eu\/wp-content\/uploads\/Dolly-A-k\u00f3pia-1-640x404.jpg 640w\" sizes=\"(max-width: 835px) 100vw, 835px\" \/><\/figure>\n<\/figure>\n\n\n\n<div style=\"height:100px\" aria-hidden=\"true\" class=\"wp-block-spacer\"><\/div>\n\n\n\n<figure class=\"wp-block-embed is-type-video is-provider-youtube wp-block-embed-youtube wp-embed-aspect-16-9 wp-has-aspect-ratio\"><div class=\"wp-block-embed__wrapper\">\n<div class=\"nv-iframe-embed\"><iframe loading=\"lazy\" title=\"Dom pod lesom v industri\u00e1lnom duchu\" width=\"1200\" height=\"675\" src=\"https:\/\/www.youtube.com\/embed\/liwl1NnGwjw?feature=oembed\" frameborder=\"0\" allow=\"accelerometer; autoplay; clipboard-write; encrypted-media; gyroscope; picture-in-picture; web-share\" referrerpolicy=\"strict-origin-when-cross-origin\" allowfullscreen><\/iframe><\/div>\n<\/div><\/figure>\n\n\n\n<div style=\"height:100px\" aria-hidden=\"true\" class=\"wp-block-spacer\"><\/div>\n\n\n\n<figure class=\"wp-block-gallery has-nested-images columns-default is-cropped wp-block-gallery-3 is-layout-flex wp-block-gallery-is-layout-flex\">\n<figure class=\"wp-block-image size-large\"><img decoding=\"async\" width=\"2560\" height=\"1920\" data-id=\"2957\" src=\"https:\/\/jkdeco.eu\/wp-content\/uploads\/IMG_1576-k\u00f3pia-k\u00f3pia-scaled.jpg\" alt=\"industrialna komoda\" class=\"wp-image-2957\" srcset=\"https:\/\/jkdeco.eu\/wp-content\/uploads\/IMG_1576-k\u00f3pia-k\u00f3pia-scaled.jpg 2560w, https:\/\/jkdeco.eu\/wp-content\/uploads\/IMG_1576-k\u00f3pia-k\u00f3pia-300x225.jpg 300w, https:\/\/jkdeco.eu\/wp-content\/uploads\/IMG_1576-k\u00f3pia-k\u00f3pia-1024x768.jpg 1024w, https:\/\/jkdeco.eu\/wp-content\/uploads\/IMG_1576-k\u00f3pia-k\u00f3pia-768x576.jpg 768w, https:\/\/jkdeco.eu\/wp-content\/uploads\/IMG_1576-k\u00f3pia-k\u00f3pia-1536x1152.jpg 1536w, https:\/\/jkdeco.eu\/wp-content\/uploads\/IMG_1576-k\u00f3pia-k\u00f3pia-2048x1536.jpg 2048w, https:\/\/jkdeco.eu\/wp-content\/uploads\/IMG_1576-k\u00f3pia-k\u00f3pia-640x480.jpg 640w, https:\/\/jkdeco.eu\/wp-content\/uploads\/IMG_1576-k\u00f3pia-k\u00f3pia-1067x800.jpg 1067w\" sizes=\"(max-width: 2560px) 100vw, 2560px\" \/><\/figure>\n\n\n\n<figure class=\"wp-block-image size-large\"><img decoding=\"async\" width=\"1920\" height=\"2560\" data-id=\"2958\" src=\"https:\/\/jkdeco.eu\/wp-content\/uploads\/IMG_1577-k\u00f3pia-k\u00f3pia-scaled.jpg\" alt=\"drevena lavica\" class=\"wp-image-2958\" srcset=\"https:\/\/jkdeco.eu\/wp-content\/uploads\/IMG_1577-k\u00f3pia-k\u00f3pia-scaled.jpg 1920w, https:\/\/jkdeco.eu\/wp-content\/uploads\/IMG_1577-k\u00f3pia-k\u00f3pia-225x300.jpg 225w, https:\/\/jkdeco.eu\/wp-content\/uploads\/IMG_1577-k\u00f3pia-k\u00f3pia-768x1024.jpg 768w, https:\/\/jkdeco.eu\/wp-content\/uploads\/IMG_1577-k\u00f3pia-k\u00f3pia-1152x1536.jpg 1152w, https:\/\/jkdeco.eu\/wp-content\/uploads\/IMG_1577-k\u00f3pia-k\u00f3pia-1536x2048.jpg 1536w, https:\/\/jkdeco.eu\/wp-content\/uploads\/IMG_1577-k\u00f3pia-k\u00f3pia-640x853.jpg 640w, https:\/\/jkdeco.eu\/wp-content\/uploads\/IMG_1577-k\u00f3pia-k\u00f3pia-600x800.jpg 600w\" sizes=\"(max-width: 1920px) 100vw, 1920px\" \/><\/figure>\n\n\n\n<figure class=\"wp-block-image size-large\"><img decoding=\"async\" width=\"1920\" height=\"2560\" data-id=\"2959\" src=\"https:\/\/jkdeco.eu\/wp-content\/uploads\/IMG_1786-k\u00f3pia-k\u00f3pia-scaled.jpg\" alt=\"hneda stolicka\" class=\"wp-image-2959\" srcset=\"https:\/\/jkdeco.eu\/wp-content\/uploads\/IMG_1786-k\u00f3pia-k\u00f3pia-scaled.jpg 1920w, https:\/\/jkdeco.eu\/wp-content\/uploads\/IMG_1786-k\u00f3pia-k\u00f3pia-225x300.jpg 225w, https:\/\/jkdeco.eu\/wp-content\/uploads\/IMG_1786-k\u00f3pia-k\u00f3pia-768x1024.jpg 768w, https:\/\/jkdeco.eu\/wp-content\/uploads\/IMG_1786-k\u00f3pia-k\u00f3pia-1152x1536.jpg 1152w, https:\/\/jkdeco.eu\/wp-content\/uploads\/IMG_1786-k\u00f3pia-k\u00f3pia-1536x2048.jpg 1536w, https:\/\/jkdeco.eu\/wp-content\/uploads\/IMG_1786-k\u00f3pia-k\u00f3pia-640x853.jpg 640w, https:\/\/jkdeco.eu\/wp-content\/uploads\/IMG_1786-k\u00f3pia-k\u00f3pia-600x800.jpg 600w\" sizes=\"(max-width: 1920px) 100vw, 1920px\" \/><\/figure>\n\n\n\n<figure class=\"wp-block-image size-large\"><img decoding=\"async\" width=\"640\" height=\"480\" data-id=\"2955\" src=\"https:\/\/jkdeco.eu\/wp-content\/uploads\/image-k\u00f3pia.jpeg\" alt=\"knferencny stolik v industrialnom style\" class=\"wp-image-2955\" srcset=\"https:\/\/jkdeco.eu\/wp-content\/uploads\/image-k\u00f3pia.jpeg 640w, https:\/\/jkdeco.eu\/wp-content\/uploads\/image-k\u00f3pia-300x225.jpeg 300w\" sizes=\"(max-width: 640px) 100vw, 640px\" \/><\/figure>\n\n\n\n<figure class=\"wp-block-image size-large\"><img decoding=\"async\" width=\"640\" height=\"480\" data-id=\"2956\" src=\"https:\/\/jkdeco.eu\/wp-content\/uploads\/image_1-k\u00f3pia.jpeg\" alt=\"drevena industrialna lavica\" class=\"wp-image-2956\" srcset=\"https:\/\/jkdeco.eu\/wp-content\/uploads\/image_1-k\u00f3pia.jpeg 640w, https:\/\/jkdeco.eu\/wp-content\/uploads\/image_1-k\u00f3pia-300x225.jpeg 300w\" sizes=\"(max-width: 640px) 100vw, 640px\" \/><\/figure>\n\n\n\n<figure class=\"wp-block-image size-large\"><img decoding=\"async\" width=\"473\" height=\"471\" data-id=\"2953\" src=\"https:\/\/jkdeco.eu\/wp-content\/uploads\/dekoracna-kozusina-pr2-k\u00f3pia-k\u00f3pia-k\u00f3pia.jpg\" alt=\"kozusina\" class=\"wp-image-2953\" srcset=\"https:\/\/jkdeco.eu\/wp-content\/uploads\/dekoracna-kozusina-pr2-k\u00f3pia-k\u00f3pia-k\u00f3pia.jpg 473w, https:\/\/jkdeco.eu\/wp-content\/uploads\/dekoracna-kozusina-pr2-k\u00f3pia-k\u00f3pia-k\u00f3pia-300x300.jpg 300w, https:\/\/jkdeco.eu\/wp-content\/uploads\/dekoracna-kozusina-pr2-k\u00f3pia-k\u00f3pia-k\u00f3pia-150x150.jpg 150w\" sizes=\"(max-width: 473px) 100vw, 473px\" \/><\/figure>\n<\/figure>\n\n\n\n<div style=\"height:100px\" aria-hidden=\"true\" class=\"wp-block-spacer\"><\/div>","protected":false},"excerpt":{"rendered":"<p>Rekrea\u010dno\u00fd charakter interi\u00e9ru aj exteri\u00e9ru domu pod lesom premenili sympatick\u00fd majitelia vo vlastnej r\u00e9\u017eii na in\u0161pirat\u00edvne b\u00fdvanie v industri\u00e1lnom \u0161t\u00fdle.&nbsp; Na rozdiel od n\u00e1vrhu pou\u017eili nakoniec dostupn\u00fd v\u00fdraznej\u0161i odtie\u0148 tehli\u010diek a vzh\u013eadom na t\u00fato v\u00fdraznos\u0165 sa rozhodli &#8222;vytehli\u010dkova\u0165&#8220; iba jedn\u00fa stenu ob\u00fdva\u010dky, \u010do je vzh\u013eadom na v\u00fdraznos\u0165 obkladu aj lep\u0161ie.&nbsp;K obkladu v\u017edy pristupujem tak, aby&hellip;&nbsp;<a href=\"https:\/\/jkdeco.eu\/en\/interier\/industrialne-byvanie-stupava-pod-lesom\/\" rel=\"bookmark\">Read More &raquo;<span class=\"screen-reader-text\">Industrial style living under the forest<\/span><\/a><\/p>","protected":false},"author":1,"featured_media":0,"parent":530,"menu_order":0,"comment_status":"closed","ping_status":"closed","template":"","meta":{"neve_meta_sidebar":"","neve_meta_container":"","neve_meta_enable_content_width":"","neve_meta_content_width":0,"neve_meta_title_alignment":"","neve_meta_author_avatar":"","neve_post_elements_order":"","neve_meta_disable_header":"","neve_meta_disable_footer":"","neve_meta_disable_title":"","_themeisle_gutenberg_block_has_review":false,"footnotes":""},"class_list":["post-587","page","type-page","status-publish","hentry"],"aioseo_notices":[],"_links":{"self":[{"href":"https:\/\/jkdeco.eu\/en\/wp-json\/wp\/v2\/pages\/587","targetHints":{"allow":["GET"]}}],"collection":[{"href":"https:\/\/jkdeco.eu\/en\/wp-json\/wp\/v2\/pages"}],"about":[{"href":"https:\/\/jkdeco.eu\/en\/wp-json\/wp\/v2\/types\/page"}],"author":[{"embeddable":true,"href":"https:\/\/jkdeco.eu\/en\/wp-json\/wp\/v2\/users\/1"}],"replies":[{"embeddable":true,"href":"https:\/\/jkdeco.eu\/en\/wp-json\/wp\/v2\/comments?post=587"}],"version-history":[{"count":1,"href":"https:\/\/jkdeco.eu\/en\/wp-json\/wp\/v2\/pages\/587\/revisions"}],"predecessor-version":[{"id":16391,"href":"https:\/\/jkdeco.eu\/en\/wp-json\/wp\/v2\/pages\/587\/revisions\/16391"}],"up":[{"embeddable":true,"href":"https:\/\/jkdeco.eu\/en\/wp-json\/wp\/v2\/pages\/530"}],"wp:attachment":[{"href":"https:\/\/jkdeco.eu\/en\/wp-json\/wp\/v2\/media?parent=587"}],"curies":[{"name":"wp","href":"https:\/\/api.w.org\/{rel}","templated":true}]}}