{"id":577,"date":"2019-11-17T19:44:32","date_gmt":"2019-11-17T18:44:32","guid":{"rendered":"https:\/\/janakadlic.jkdeco.eu\/?page_id=577"},"modified":"2026-03-27T13:58:26","modified_gmt":"2026-03-27T12:58:26","slug":"interior-design-ruzinov-bratislava","status":"publish","type":"page","link":"https:\/\/jkdeco.eu\/en\/interier\/interierovy-dizajn-ruzinov-bratislava\/","title":{"rendered":"Connection of flats with ethno elements, Ru\u017einov Bratislava"},"content":{"rendered":"<p class=\"has-text-align-justify\">Combining two apartments and creating one spacious apartment with a large atypical living room with direct exit to the balcony. Effective connection by demolishing the partition. <a href=\"https:\/\/jkdeco.eu\/en\/interior-design\/\" title=\"\">interior design<\/a><a href=\"https:\/\/jkdeco.eu\/en\/services\/interior-design\/\" title=\"Interior design\"> <\/a>It was created by demolishing a partition and a doorway on one side and bricking up the other doorway on the other side. By removing the partition that blocked the light, the new living room became generously lit.<\/p>\n\n\n\n<figure class=\"wp-block-gallery has-nested-images columns-2 is-cropped wp-block-gallery-1 is-layout-flex wp-block-gallery-is-layout-flex\">\n<figure class=\"wp-block-image size-large\"><a href=\"https:\/\/jkdeco.eu\/wp-content\/uploads\/2019\/11\/IMG_7956-kopia.jpg\"><img decoding=\"async\" width=\"480\" height=\"585\" data-id=\"606\" src=\"https:\/\/jkdeco.eu\/wp-content\/uploads\/2019\/11\/IMG_7956-kopia.jpg\" alt=\"modern grey sofa in the living room with wooden parquet and orange painting, image of New York and light sphere\" class=\"wp-image-606\" srcset=\"https:\/\/jkdeco.eu\/wp-content\/uploads\/2019\/11\/IMG_7956-kopia.jpg 480w, https:\/\/jkdeco.eu\/wp-content\/uploads\/2019\/11\/IMG_7956-kopia-246x300.jpg 246w\" sizes=\"(max-width: 480px) 100vw, 480px\" \/><\/a><\/figure>\n\n\n\n<figure class=\"wp-block-image size-large\"><a href=\"https:\/\/jkdeco.eu\/wp-content\/uploads\/2019\/11\/Byt-Ruziinov-3-kopia.jpg\"><img decoding=\"async\" width=\"480\" height=\"640\" data-id=\"608\" src=\"https:\/\/jkdeco.eu\/wp-content\/uploads\/2019\/11\/Byt-Ruziinov-3-kopia.jpg\" alt=\"metallic vase\" class=\"wp-image-608\" srcset=\"https:\/\/jkdeco.eu\/wp-content\/uploads\/2019\/11\/Byt-Ruziinov-3-kopia.jpg 480w, https:\/\/jkdeco.eu\/wp-content\/uploads\/2019\/11\/Byt-Ruziinov-3-kopia-225x300.jpg 225w\" sizes=\"(max-width: 480px) 100vw, 480px\" \/><\/a><\/figure>\n\n\n\n<figure class=\"wp-block-image size-large\"><a href=\"https:\/\/jkdeco.eu\/wp-content\/uploads\/2019\/11\/Byt-Ruzinov-4.jpg\"><img decoding=\"async\" width=\"480\" height=\"640\" data-id=\"604\" src=\"https:\/\/jkdeco.eu\/wp-content\/uploads\/2019\/11\/Byt-Ruzinov-4.jpg\" alt=\"stone cladding in the living room with ethnic accessories, bamboo, cushions and floral\" class=\"wp-image-604\" srcset=\"https:\/\/jkdeco.eu\/wp-content\/uploads\/2019\/11\/Byt-Ruzinov-4.jpg 480w, https:\/\/jkdeco.eu\/wp-content\/uploads\/2019\/11\/Byt-Ruzinov-4-225x300.jpg 225w\" sizes=\"(max-width: 480px) 100vw, 480px\" \/><\/a><\/figure>\n\n\n\n<figure class=\"wp-block-image size-large\"><a href=\"https:\/\/jkdeco.eu\/wp-content\/uploads\/2019\/11\/Byt-Ruzinov-2.jpg\"><img decoding=\"async\" width=\"480\" height=\"640\" data-id=\"609\" src=\"https:\/\/jkdeco.eu\/wp-content\/uploads\/2019\/11\/Byt-Ruzinov-2.jpg\" alt=\"rattan armchair with red and orange accessories\" class=\"wp-image-609\" srcset=\"https:\/\/jkdeco.eu\/wp-content\/uploads\/2019\/11\/Byt-Ruzinov-2.jpg 480w, https:\/\/jkdeco.eu\/wp-content\/uploads\/2019\/11\/Byt-Ruzinov-2-225x300.jpg 225w\" sizes=\"(max-width: 480px) 100vw, 480px\" \/><\/a><\/figure>\n\n\n\n<figure class=\"wp-block-image size-large\"><a href=\"https:\/\/jkdeco.eu\/wp-content\/uploads\/2019\/11\/Podvecerna-nalada.jpg\"><img decoding=\"async\" width=\"399\" height=\"537\" data-id=\"612\" src=\"https:\/\/jkdeco.eu\/wp-content\/uploads\/2019\/11\/Podvecerna-nalada.jpg\" alt=\"rattan basket as a storage table\" class=\"wp-image-612\" srcset=\"https:\/\/jkdeco.eu\/wp-content\/uploads\/2019\/11\/Podvecerna-nalada.jpg 399w, https:\/\/jkdeco.eu\/wp-content\/uploads\/2019\/11\/Podvecerna-nalada-223x300.jpg 223w\" sizes=\"(max-width: 399px) 100vw, 399px\" \/><\/a><\/figure>\n\n\n\n<figure class=\"wp-block-image size-large\"><a href=\"https:\/\/jkdeco.eu\/wp-content\/uploads\/2019\/11\/Byt-Ruzinov-5.jpg\"><img decoding=\"async\" width=\"480\" height=\"640\" data-id=\"610\" src=\"https:\/\/jkdeco.eu\/wp-content\/uploads\/2019\/11\/Byt-Ruzinov-5.jpg\" alt=\"a shade with a wooden bowl and wooden candlesticks\" class=\"wp-image-610\" srcset=\"https:\/\/jkdeco.eu\/wp-content\/uploads\/2019\/11\/Byt-Ruzinov-5.jpg 480w, https:\/\/jkdeco.eu\/wp-content\/uploads\/2019\/11\/Byt-Ruzinov-5-225x300.jpg 225w\" sizes=\"(max-width: 480px) 100vw, 480px\" \/><\/a><\/figure>\n\n\n\n<figure class=\"wp-block-image size-large\"><a href=\"https:\/\/jkdeco.eu\/wp-content\/uploads\/IMG_9871-kopia-scaled.jpg\"><img decoding=\"async\" width=\"1024\" height=\"768\" data-id=\"9964\" src=\"https:\/\/jkdeco.eu\/wp-content\/uploads\/IMG_9871-kopia-1024x768.jpg\" alt=\"resident in orange\" class=\"wp-image-9964\" srcset=\"https:\/\/jkdeco.eu\/wp-content\/uploads\/IMG_9871-kopia-1024x768.jpg 1024w, https:\/\/jkdeco.eu\/wp-content\/uploads\/IMG_9871-kopia-300x225.jpg 300w, https:\/\/jkdeco.eu\/wp-content\/uploads\/IMG_9871-kopia-768x576.jpg 768w, https:\/\/jkdeco.eu\/wp-content\/uploads\/IMG_9871-kopia-1536x1152.jpg 1536w, https:\/\/jkdeco.eu\/wp-content\/uploads\/IMG_9871-kopia-2048x1536.jpg 2048w, https:\/\/jkdeco.eu\/wp-content\/uploads\/IMG_9871-kopia-640x480.jpg 640w, https:\/\/jkdeco.eu\/wp-content\/uploads\/IMG_9871-kopia-1067x800.jpg 1067w\" sizes=\"(max-width: 1024px) 100vw, 1024px\" \/><\/a><\/figure>\n\n\n\n<figure class=\"wp-block-image size-large\"><a href=\"https:\/\/jkdeco.eu\/wp-content\/uploads\/IMG_9398-kopia.jpg\"><img decoding=\"async\" width=\"1024\" height=\"1024\" data-id=\"9965\" src=\"https:\/\/jkdeco.eu\/wp-content\/uploads\/IMG_9398-kopia-1024x1024.jpg\" alt=\"hygge atmosphere\" class=\"wp-image-9965\" srcset=\"https:\/\/jkdeco.eu\/wp-content\/uploads\/IMG_9398-kopia-1024x1024.jpg 1024w, https:\/\/jkdeco.eu\/wp-content\/uploads\/IMG_9398-kopia-300x300.jpg 300w, https:\/\/jkdeco.eu\/wp-content\/uploads\/IMG_9398-kopia-150x150.jpg 150w, https:\/\/jkdeco.eu\/wp-content\/uploads\/IMG_9398-kopia-768x768.jpg 768w, https:\/\/jkdeco.eu\/wp-content\/uploads\/IMG_9398-kopia-1536x1536.jpg 1536w, https:\/\/jkdeco.eu\/wp-content\/uploads\/IMG_9398-kopia-2048x2048.jpg 2048w, https:\/\/jkdeco.eu\/wp-content\/uploads\/IMG_9398-kopia-640x640.jpg 640w, https:\/\/jkdeco.eu\/wp-content\/uploads\/IMG_9398-kopia-800x800.jpg 800w\" sizes=\"(max-width: 1024px) 100vw, 1024px\" \/><\/a><\/figure>\n\n\n\n<figure class=\"wp-block-image size-large\"><a href=\"https:\/\/jkdeco.eu\/wp-content\/uploads\/2019\/11\/122_6861-kopia.jpg\"><img decoding=\"async\" width=\"640\" height=\"360\" data-id=\"614\" src=\"https:\/\/jkdeco.eu\/wp-content\/uploads\/2019\/11\/122_6861-kopia.jpg\" alt=\"stones in a wooden box\" class=\"wp-image-614\" srcset=\"https:\/\/jkdeco.eu\/wp-content\/uploads\/2019\/11\/122_6861-kopia.jpg 640w, https:\/\/jkdeco.eu\/wp-content\/uploads\/2019\/11\/122_6861-kopia-300x169.jpg 300w\" sizes=\"(max-width: 640px) 100vw, 640px\" \/><\/a><\/figure>\n\n\n\n<figure class=\"wp-block-image size-large\"><a href=\"https:\/\/jkdeco.eu\/wp-content\/uploads\/IMG_7933.jpg\"><img decoding=\"async\" width=\"617\" height=\"480\" data-id=\"9943\" src=\"https:\/\/jkdeco.eu\/wp-content\/uploads\/IMG_7933.jpg\" alt=\"decorative box\" class=\"wp-image-9943\" srcset=\"https:\/\/jkdeco.eu\/wp-content\/uploads\/IMG_7933.jpg 617w, https:\/\/jkdeco.eu\/wp-content\/uploads\/IMG_7933-300x233.jpg 300w\" sizes=\"(max-width: 617px) 100vw, 617px\" \/><\/a><\/figure>\n\n\n\n<figure class=\"wp-block-image size-large\"><a href=\"https:\/\/jkdeco.eu\/wp-content\/uploads\/2019\/11\/Byt-Ruzinov-6.jpg\"><img decoding=\"async\" width=\"471\" height=\"640\" data-id=\"611\" src=\"https:\/\/jkdeco.eu\/wp-content\/uploads\/2019\/11\/Byt-Ruzinov-6.jpg\" alt=\"wooden deckchair in the interior\" class=\"wp-image-611\" srcset=\"https:\/\/jkdeco.eu\/wp-content\/uploads\/2019\/11\/Byt-Ruzinov-6.jpg 471w, https:\/\/jkdeco.eu\/wp-content\/uploads\/2019\/11\/Byt-Ruzinov-6-221x300.jpg 221w\" sizes=\"(max-width: 471px) 100vw, 471px\" \/><\/a><\/figure>\n\n\n\n<figure class=\"wp-block-image size-large\"><a href=\"https:\/\/jkdeco.eu\/wp-content\/uploads\/2019\/11\/P1360611-scaled.jpg\"><img decoding=\"async\" width=\"636\" height=\"1024\" data-id=\"613\" src=\"https:\/\/jkdeco.eu\/wp-content\/uploads\/2019\/11\/P1360611-636x1024.jpg\" alt=\"modern wooden candlesticks\" class=\"wp-image-613\" srcset=\"https:\/\/jkdeco.eu\/wp-content\/uploads\/2019\/11\/P1360611-636x1024.jpg 636w, https:\/\/jkdeco.eu\/wp-content\/uploads\/2019\/11\/P1360611-186x300.jpg 186w, https:\/\/jkdeco.eu\/wp-content\/uploads\/2019\/11\/P1360611-768x1237.jpg 768w, https:\/\/jkdeco.eu\/wp-content\/uploads\/2019\/11\/P1360611-954x1536.jpg 954w, https:\/\/jkdeco.eu\/wp-content\/uploads\/2019\/11\/P1360611-1272x2048.jpg 1272w, https:\/\/jkdeco.eu\/wp-content\/uploads\/2019\/11\/P1360611-640x1031.jpg 640w, https:\/\/jkdeco.eu\/wp-content\/uploads\/2019\/11\/P1360611-497x800.jpg 497w, https:\/\/jkdeco.eu\/wp-content\/uploads\/2019\/11\/P1360611-scaled.jpg 1590w\" sizes=\"(max-width: 636px) 100vw, 636px\" \/><\/a><\/figure>\n\n\n\n<figure class=\"wp-block-image size-large\"><a href=\"https:\/\/jkdeco.eu\/wp-content\/uploads\/122_6809-kopia.jpg\"><img decoding=\"async\" width=\"640\" height=\"415\" data-id=\"9946\" src=\"https:\/\/jkdeco.eu\/wp-content\/uploads\/122_6809-kopia.jpg\" alt=\"white bowl with tea lights and stones\" class=\"wp-image-9946\" srcset=\"https:\/\/jkdeco.eu\/wp-content\/uploads\/122_6809-kopia.jpg 640w, https:\/\/jkdeco.eu\/wp-content\/uploads\/122_6809-kopia-300x195.jpg 300w\" sizes=\"(max-width: 640px) 100vw, 640px\" \/><\/a><\/figure>\n\n\n\n<figure class=\"wp-block-image size-large\"><a href=\"https:\/\/jkdeco.eu\/wp-content\/uploads\/122_6825-kopia.jpg\"><img decoding=\"async\" width=\"640\" height=\"360\" data-id=\"9945\" src=\"https:\/\/jkdeco.eu\/wp-content\/uploads\/122_6825-kopia.jpg\" alt=\"white bowl with tea light candles\" class=\"wp-image-9945\" srcset=\"https:\/\/jkdeco.eu\/wp-content\/uploads\/122_6825-kopia.jpg 640w, https:\/\/jkdeco.eu\/wp-content\/uploads\/122_6825-kopia-300x169.jpg 300w\" sizes=\"(max-width: 640px) 100vw, 640px\" \/><\/a><\/figure>\n\n\n\n<figure class=\"wp-block-image size-large\"><a href=\"https:\/\/jkdeco.eu\/wp-content\/uploads\/122_6848-kopia-2.jpg\"><img decoding=\"async\" width=\"640\" height=\"378\" data-id=\"9938\" src=\"https:\/\/jkdeco.eu\/wp-content\/uploads\/122_6848-kopia-2.jpg\" alt=\"tea light candle in broken ceramic\" class=\"wp-image-9938\" srcset=\"https:\/\/jkdeco.eu\/wp-content\/uploads\/122_6848-kopia-2.jpg 640w, https:\/\/jkdeco.eu\/wp-content\/uploads\/122_6848-kopia-2-300x177.jpg 300w\" sizes=\"(max-width: 640px) 100vw, 640px\" \/><\/a><\/figure>\n\n\n\n<figure class=\"wp-block-image size-large\"><a href=\"https:\/\/jkdeco.eu\/wp-content\/uploads\/IMG_7811-kopia.jpg\"><img decoding=\"async\" width=\"470\" height=\"640\" data-id=\"9944\" src=\"https:\/\/jkdeco.eu\/wp-content\/uploads\/IMG_7811-kopia.jpg\" alt=\"lamp in front of the stone wall\" class=\"wp-image-9944\" srcset=\"https:\/\/jkdeco.eu\/wp-content\/uploads\/IMG_7811-kopia.jpg 470w, https:\/\/jkdeco.eu\/wp-content\/uploads\/IMG_7811-kopia-220x300.jpg 220w\" sizes=\"(max-width: 470px) 100vw, 470px\" \/><\/a><\/figure>\n\n\n\n<figure class=\"wp-block-image size-large\"><a href=\"https:\/\/jkdeco.eu\/wp-content\/uploads\/IMG_9419-\u2013-kopia-scaled.jpg\"><img decoding=\"async\" width=\"768\" height=\"1024\" data-id=\"9962\" src=\"https:\/\/jkdeco.eu\/wp-content\/uploads\/IMG_9419-\u2013-kopia-768x1024.jpg\" alt=\"decoration with English motif\" class=\"wp-image-9962\" srcset=\"https:\/\/jkdeco.eu\/wp-content\/uploads\/IMG_9419-\u2013-kopia-768x1024.jpg 768w, https:\/\/jkdeco.eu\/wp-content\/uploads\/IMG_9419-\u2013-kopia-225x300.jpg 225w, https:\/\/jkdeco.eu\/wp-content\/uploads\/IMG_9419-\u2013-kopia-1152x1536.jpg 1152w, https:\/\/jkdeco.eu\/wp-content\/uploads\/IMG_9419-\u2013-kopia-1536x2048.jpg 1536w, https:\/\/jkdeco.eu\/wp-content\/uploads\/IMG_9419-\u2013-kopia-640x853.jpg 640w, https:\/\/jkdeco.eu\/wp-content\/uploads\/IMG_9419-\u2013-kopia-600x800.jpg 600w, https:\/\/jkdeco.eu\/wp-content\/uploads\/IMG_9419-\u2013-kopia-scaled.jpg 1920w\" sizes=\"(max-width: 768px) 100vw, 768px\" \/><\/a><\/figure>\n\n\n\n<figure class=\"wp-block-image size-large\"><a href=\"https:\/\/jkdeco.eu\/wp-content\/uploads\/IMG_9400-bez-caju-scaled.jpg\"><img decoding=\"async\" width=\"768\" height=\"1024\" data-id=\"9966\" src=\"https:\/\/jkdeco.eu\/wp-content\/uploads\/IMG_9400-bez-caju-768x1024.jpg\" alt=\"cup with motif of England\" class=\"wp-image-9966\" srcset=\"https:\/\/jkdeco.eu\/wp-content\/uploads\/IMG_9400-bez-caju-768x1024.jpg 768w, https:\/\/jkdeco.eu\/wp-content\/uploads\/IMG_9400-bez-caju-225x300.jpg 225w, https:\/\/jkdeco.eu\/wp-content\/uploads\/IMG_9400-bez-caju-1152x1536.jpg 1152w, https:\/\/jkdeco.eu\/wp-content\/uploads\/IMG_9400-bez-caju-1536x2048.jpg 1536w, https:\/\/jkdeco.eu\/wp-content\/uploads\/IMG_9400-bez-caju-640x853.jpg 640w, https:\/\/jkdeco.eu\/wp-content\/uploads\/IMG_9400-bez-caju-600x800.jpg 600w, https:\/\/jkdeco.eu\/wp-content\/uploads\/IMG_9400-bez-caju-scaled.jpg 1920w\" sizes=\"(max-width: 768px) 100vw, 768px\" \/><\/a><\/figure>\n\n\n\n<figure class=\"wp-block-image size-large\"><a href=\"https:\/\/jkdeco.eu\/wp-content\/uploads\/2019\/11\/Obyvak-podla-skutocnosti2-k\u00f3pia.jpg\"><img decoding=\"async\" width=\"1024\" height=\"627\" data-id=\"651\" src=\"https:\/\/jkdeco.eu\/wp-content\/uploads\/2019\/11\/Obyvak-podla-skutocnosti2-k\u00f3pia-1024x627.jpg\" alt=\"visualization of a living room in ethno style\" class=\"wp-image-651\" srcset=\"https:\/\/jkdeco.eu\/wp-content\/uploads\/2019\/11\/Obyvak-podla-skutocnosti2-k\u00f3pia-1024x627.jpg 1024w, https:\/\/jkdeco.eu\/wp-content\/uploads\/2019\/11\/Obyvak-podla-skutocnosti2-k\u00f3pia-300x184.jpg 300w, https:\/\/jkdeco.eu\/wp-content\/uploads\/2019\/11\/Obyvak-podla-skutocnosti2-k\u00f3pia-768x470.jpg 768w, https:\/\/jkdeco.eu\/wp-content\/uploads\/2019\/11\/Obyvak-podla-skutocnosti2-k\u00f3pia-640x392.jpg 640w, https:\/\/jkdeco.eu\/wp-content\/uploads\/2019\/11\/Obyvak-podla-skutocnosti2-k\u00f3pia.jpg 1068w\" sizes=\"(max-width: 1024px) 100vw, 1024px\" \/><\/a><\/figure>\n\n\n\n<figure class=\"wp-block-image size-large\"><a href=\"https:\/\/jkdeco.eu\/wp-content\/uploads\/2019\/11\/Byt-Ruzinov.jpg\"><img decoding=\"async\" width=\"640\" height=\"480\" data-id=\"605\" src=\"https:\/\/jkdeco.eu\/wp-content\/uploads\/2019\/11\/Byt-Ruzinov.jpg\" alt=\"remodelling of the living room with tiling\" class=\"wp-image-605\" srcset=\"https:\/\/jkdeco.eu\/wp-content\/uploads\/2019\/11\/Byt-Ruzinov.jpg 640w, https:\/\/jkdeco.eu\/wp-content\/uploads\/2019\/11\/Byt-Ruzinov-300x225.jpg 300w\" sizes=\"(max-width: 640px) 100vw, 640px\" \/><\/a><\/figure>\n<\/figure>\n\n\n\n<div style=\"height:100px\" aria-hidden=\"true\" class=\"wp-block-spacer\"><\/div>","protected":false},"excerpt":{"rendered":"<p>Spojenie dvoch\u00a0 bytov\u00a0a vytvorenie jedn\u00e9ho priestrann\u00e9ho bytu s ve\u013ekou atypickou ob\u00fdva\u010dkou v tvare L s v\u00fdklenkami a priamym v\u00fdstupom na balk\u00f3n. Efekt\u00edvny interi\u00e9rov\u00fd dizajn vznikol vyb\u00faran\u00edm prie\u010dky a dvern\u00e9ho otvoru na jednej strane a zamurovan\u00edm druh\u00e9ho dvern\u00e9ho\u00a0otvoru na druhej strane. Zhoden\u00edm prie\u010dky br\u00e1niacej pr\u00edstupu svetla sa nov\u00e1 ob\u00fdva\u010dka ve\u013ekoryso presvetlila.<\/p>","protected":false},"author":1,"featured_media":606,"parent":530,"menu_order":0,"comment_status":"closed","ping_status":"closed","template":"","meta":{"neve_meta_sidebar":"","neve_meta_container":"","neve_meta_enable_content_width":"","neve_meta_content_width":0,"neve_meta_title_alignment":"","neve_meta_author_avatar":"","neve_post_elements_order":"","neve_meta_disable_header":"","neve_meta_disable_footer":"","neve_meta_disable_title":"","_themeisle_gutenberg_block_has_review":false,"footnotes":""},"class_list":["post-577","page","type-page","status-publish","has-post-thumbnail","hentry"],"aioseo_notices":[],"_links":{"self":[{"href":"https:\/\/jkdeco.eu\/en\/wp-json\/wp\/v2\/pages\/577","targetHints":{"allow":["GET"]}}],"collection":[{"href":"https:\/\/jkdeco.eu\/en\/wp-json\/wp\/v2\/pages"}],"about":[{"href":"https:\/\/jkdeco.eu\/en\/wp-json\/wp\/v2\/types\/page"}],"author":[{"embeddable":true,"href":"https:\/\/jkdeco.eu\/en\/wp-json\/wp\/v2\/users\/1"}],"replies":[{"embeddable":true,"href":"https:\/\/jkdeco.eu\/en\/wp-json\/wp\/v2\/comments?post=577"}],"version-history":[{"count":4,"href":"https:\/\/jkdeco.eu\/en\/wp-json\/wp\/v2\/pages\/577\/revisions"}],"predecessor-version":[{"id":22584,"href":"https:\/\/jkdeco.eu\/en\/wp-json\/wp\/v2\/pages\/577\/revisions\/22584"}],"up":[{"embeddable":true,"href":"https:\/\/jkdeco.eu\/en\/wp-json\/wp\/v2\/pages\/530"}],"wp:featuredmedia":[{"embeddable":true,"href":"https:\/\/jkdeco.eu\/en\/wp-json\/wp\/v2\/media\/606"}],"wp:attachment":[{"href":"https:\/\/jkdeco.eu\/en\/wp-json\/wp\/v2\/media?parent=577"}],"curies":[{"name":"wp","href":"https:\/\/api.w.org\/{rel}","templated":true}]}}