{"id":3364,"date":"2020-01-15T11:35:16","date_gmt":"2020-01-15T10:35:16","guid":{"rendered":"https:\/\/janakadlic.jkdeco.eu\/?page_id=3364"},"modified":"2025-04-02T21:36:42","modified_gmt":"2025-04-02T19:36:42","slug":"design-of-the-bathroom-as-a-gift","status":"publish","type":"page","link":"https:\/\/jkdeco.eu\/en\/vizualizacia\/navrh-kupelne-ako-darcek-rovinka\/","title":{"rendered":"Bathroom design as an unconventional gift, Rovinka"},"content":{"rendered":"<p class=\"has-text-align-justify\">This time the gift was the design of a stylish bathroom and adjoining hallway for a relative. The layout was given, it remained mainly to design the whole. There were indeed many designs available, and one particular tile with the originally requested wave relief was available immediately.  I supplemented the design of the desired brick sink support with shallower furniture in the decor of the door, both for some additional storage space, which will also slide to cover the bathroom trash can, and to balance the dark bathroom door and adjacent wall cabinet. <\/p>\n\n\n\n<figure class=\"wp-block-gallery has-nested-images columns-1 is-cropped wp-block-gallery-1 is-layout-flex wp-block-gallery-is-layout-flex\">\n<figure class=\"wp-block-image size-large\"><img decoding=\"async\" width=\"971\" height=\"534\" data-id=\"2929\" src=\"https:\/\/jkdeco.eu\/wp-content\/uploads\/42-kopia-2.jpg\" alt=\"\" class=\"wp-image-2929\" srcset=\"https:\/\/jkdeco.eu\/wp-content\/uploads\/42-kopia-2.jpg 971w, https:\/\/jkdeco.eu\/wp-content\/uploads\/42-kopia-2-300x165.jpg 300w, https:\/\/jkdeco.eu\/wp-content\/uploads\/42-kopia-2-768x422.jpg 768w, https:\/\/jkdeco.eu\/wp-content\/uploads\/42-kopia-2-640x352.jpg 640w\" sizes=\"(max-width: 971px) 100vw, 971px\" \/><\/figure>\n\n\n\n<figure class=\"wp-block-image size-large\"><img decoding=\"async\" width=\"993\" height=\"534\" data-id=\"2926\" src=\"https:\/\/jkdeco.eu\/wp-content\/uploads\/33-kopia.jpg\" alt=\"\" class=\"wp-image-2926\" srcset=\"https:\/\/jkdeco.eu\/wp-content\/uploads\/33-kopia.jpg 993w, https:\/\/jkdeco.eu\/wp-content\/uploads\/33-kopia-300x161.jpg 300w, https:\/\/jkdeco.eu\/wp-content\/uploads\/33-kopia-768x413.jpg 768w, https:\/\/jkdeco.eu\/wp-content\/uploads\/33-kopia-640x344.jpg 640w\" sizes=\"(max-width: 993px) 100vw, 993px\" \/><\/figure>\n\n\n\n<figure class=\"wp-block-image size-large\"><img decoding=\"async\" width=\"1024\" height=\"442\" data-id=\"2925\" src=\"https:\/\/jkdeco.eu\/wp-content\/uploads\/24-kopia-3-1024x442.jpg\" alt=\"\" class=\"wp-image-2925\" srcset=\"https:\/\/jkdeco.eu\/wp-content\/uploads\/24-kopia-3-1024x442.jpg 1024w, https:\/\/jkdeco.eu\/wp-content\/uploads\/24-kopia-3-300x130.jpg 300w, https:\/\/jkdeco.eu\/wp-content\/uploads\/24-kopia-3-768x332.jpg 768w, https:\/\/jkdeco.eu\/wp-content\/uploads\/24-kopia-3-640x276.jpg 640w, https:\/\/jkdeco.eu\/wp-content\/uploads\/24-kopia-3-1200x518.jpg 1200w, https:\/\/jkdeco.eu\/wp-content\/uploads\/24-kopia-3.jpg 1274w\" sizes=\"(max-width: 1024px) 100vw, 1024px\" \/><\/figure>\n\n\n\n<figure class=\"wp-block-image size-large\"><img decoding=\"async\" width=\"1019\" height=\"550\" data-id=\"2924\" src=\"https:\/\/jkdeco.eu\/wp-content\/uploads\/14-kopia.jpg\" alt=\"\" class=\"wp-image-2924\" srcset=\"https:\/\/jkdeco.eu\/wp-content\/uploads\/14-kopia.jpg 1019w, https:\/\/jkdeco.eu\/wp-content\/uploads\/14-kopia-300x162.jpg 300w, https:\/\/jkdeco.eu\/wp-content\/uploads\/14-kopia-768x415.jpg 768w, https:\/\/jkdeco.eu\/wp-content\/uploads\/14-kopia-640x345.jpg 640w\" sizes=\"(max-width: 1019px) 100vw, 1019px\" \/><\/figure>\n\n\n\n<figure class=\"wp-block-image size-large\"><img decoding=\"async\" width=\"1024\" height=\"502\" data-id=\"2936\" src=\"https:\/\/jkdeco.eu\/wp-content\/uploads\/8-kopia-4-1024x502.jpg\" alt=\"\" class=\"wp-image-2936\" srcset=\"https:\/\/jkdeco.eu\/wp-content\/uploads\/8-kopia-4-1024x502.jpg 1024w, https:\/\/jkdeco.eu\/wp-content\/uploads\/8-kopia-4-300x147.jpg 300w, https:\/\/jkdeco.eu\/wp-content\/uploads\/8-kopia-4-768x377.jpg 768w, https:\/\/jkdeco.eu\/wp-content\/uploads\/8-kopia-4-640x314.jpg 640w, https:\/\/jkdeco.eu\/wp-content\/uploads\/8-kopia-4.jpg 1121w\" sizes=\"(max-width: 1024px) 100vw, 1024px\" \/><\/figure>\n\n\n\n<figure class=\"wp-block-image size-large\"><img decoding=\"async\" width=\"1024\" height=\"500\" data-id=\"2934\" src=\"https:\/\/jkdeco.eu\/wp-content\/uploads\/1-kopia-2-1024x500.jpg\" alt=\"\" class=\"wp-image-2934\" srcset=\"https:\/\/jkdeco.eu\/wp-content\/uploads\/1-kopia-2-1024x500.jpg 1024w, https:\/\/jkdeco.eu\/wp-content\/uploads\/1-kopia-2-300x146.jpg 300w, https:\/\/jkdeco.eu\/wp-content\/uploads\/1-kopia-2-768x375.jpg 768w, https:\/\/jkdeco.eu\/wp-content\/uploads\/1-kopia-2-640x312.jpg 640w, https:\/\/jkdeco.eu\/wp-content\/uploads\/1-kopia-2.jpg 1127w\" sizes=\"(max-width: 1024px) 100vw, 1024px\" \/><\/figure>\n\n\n\n<figure class=\"wp-block-image size-large\"><img decoding=\"async\" width=\"1024\" height=\"468\" data-id=\"2935\" src=\"https:\/\/jkdeco.eu\/wp-content\/uploads\/2-kopia-1-1024x468.jpg\" alt=\"\" class=\"wp-image-2935\" srcset=\"https:\/\/jkdeco.eu\/wp-content\/uploads\/2-kopia-1-1024x468.jpg 1024w, https:\/\/jkdeco.eu\/wp-content\/uploads\/2-kopia-1-300x137.jpg 300w, https:\/\/jkdeco.eu\/wp-content\/uploads\/2-kopia-1-768x351.jpg 768w, https:\/\/jkdeco.eu\/wp-content\/uploads\/2-kopia-1-640x293.jpg 640w, https:\/\/jkdeco.eu\/wp-content\/uploads\/2-kopia-1-1200x549.jpg 1200w, https:\/\/jkdeco.eu\/wp-content\/uploads\/2-kopia-1.jpg 1203w\" sizes=\"(max-width: 1024px) 100vw, 1024px\" \/><\/figure>\n\n\n\n<figure class=\"wp-block-image size-large\"><img decoding=\"async\" width=\"1024\" height=\"442\" data-id=\"2939\" src=\"https:\/\/jkdeco.eu\/wp-content\/uploads\/11-kopia-2-1024x442.jpg\" alt=\"\" class=\"wp-image-2939\" srcset=\"https:\/\/jkdeco.eu\/wp-content\/uploads\/11-kopia-2-1024x442.jpg 1024w, https:\/\/jkdeco.eu\/wp-content\/uploads\/11-kopia-2-300x130.jpg 300w, https:\/\/jkdeco.eu\/wp-content\/uploads\/11-kopia-2-768x332.jpg 768w, https:\/\/jkdeco.eu\/wp-content\/uploads\/11-kopia-2-640x276.jpg 640w, https:\/\/jkdeco.eu\/wp-content\/uploads\/11-kopia-2-1200x518.jpg 1200w, https:\/\/jkdeco.eu\/wp-content\/uploads\/11-kopia-2.jpg 1274w\" sizes=\"(max-width: 1024px) 100vw, 1024px\" \/><\/figure>\n\n\n\n<figure class=\"wp-block-image size-large\"><img decoding=\"async\" width=\"1024\" height=\"442\" data-id=\"2937\" src=\"https:\/\/jkdeco.eu\/wp-content\/uploads\/4-kopia-1-1024x442.jpg\" alt=\"\" class=\"wp-image-2937\" srcset=\"https:\/\/jkdeco.eu\/wp-content\/uploads\/4-kopia-1-1024x442.jpg 1024w, https:\/\/jkdeco.eu\/wp-content\/uploads\/4-kopia-1-300x130.jpg 300w, https:\/\/jkdeco.eu\/wp-content\/uploads\/4-kopia-1-768x332.jpg 768w, https:\/\/jkdeco.eu\/wp-content\/uploads\/4-kopia-1-640x276.jpg 640w, https:\/\/jkdeco.eu\/wp-content\/uploads\/4-kopia-1-1200x518.jpg 1200w, https:\/\/jkdeco.eu\/wp-content\/uploads\/4-kopia-1.jpg 1274w\" sizes=\"(max-width: 1024px) 100vw, 1024px\" \/><\/figure>\n\n\n\n<figure class=\"wp-block-image size-large\"><img decoding=\"async\" width=\"1024\" height=\"442\" data-id=\"2938\" src=\"https:\/\/jkdeco.eu\/wp-content\/uploads\/9-kopia-3-1024x442.jpg\" alt=\"\" class=\"wp-image-2938\" srcset=\"https:\/\/jkdeco.eu\/wp-content\/uploads\/9-kopia-3-1024x442.jpg 1024w, https:\/\/jkdeco.eu\/wp-content\/uploads\/9-kopia-3-300x130.jpg 300w, https:\/\/jkdeco.eu\/wp-content\/uploads\/9-kopia-3-768x332.jpg 768w, https:\/\/jkdeco.eu\/wp-content\/uploads\/9-kopia-3-640x276.jpg 640w, https:\/\/jkdeco.eu\/wp-content\/uploads\/9-kopia-3-1200x518.jpg 1200w, https:\/\/jkdeco.eu\/wp-content\/uploads\/9-kopia-3.jpg 1274w\" sizes=\"(max-width: 1024px) 100vw, 1024px\" \/><\/figure>\n\n\n\n<figure class=\"wp-block-image size-large\"><img decoding=\"async\" width=\"1024\" height=\"442\" data-id=\"2932\" src=\"https:\/\/jkdeco.eu\/wp-content\/uploads\/Dolly-camera-2-kopia-1024x442.jpg\" alt=\"\" class=\"wp-image-2932\" srcset=\"https:\/\/jkdeco.eu\/wp-content\/uploads\/Dolly-camera-2-kopia-1024x442.jpg 1024w, https:\/\/jkdeco.eu\/wp-content\/uploads\/Dolly-camera-2-kopia-300x130.jpg 300w, https:\/\/jkdeco.eu\/wp-content\/uploads\/Dolly-camera-2-kopia-768x332.jpg 768w, https:\/\/jkdeco.eu\/wp-content\/uploads\/Dolly-camera-2-kopia-640x276.jpg 640w, https:\/\/jkdeco.eu\/wp-content\/uploads\/Dolly-camera-2-kopia-1200x518.jpg 1200w, https:\/\/jkdeco.eu\/wp-content\/uploads\/Dolly-camera-2-kopia.jpg 1274w\" sizes=\"(max-width: 1024px) 100vw, 1024px\" \/><\/figure>\n\n\n\n<figure class=\"wp-block-image size-large\"><img decoding=\"async\" width=\"704\" height=\"520\" data-id=\"2931\" src=\"https:\/\/jkdeco.eu\/wp-content\/uploads\/Dolly-2-kopia.jpg\" alt=\"\" class=\"wp-image-2931\" srcset=\"https:\/\/jkdeco.eu\/wp-content\/uploads\/Dolly-2-kopia.jpg 704w, https:\/\/jkdeco.eu\/wp-content\/uploads\/Dolly-2-kopia-300x222.jpg 300w, https:\/\/jkdeco.eu\/wp-content\/uploads\/Dolly-2-kopia-640x473.jpg 640w\" sizes=\"(max-width: 704px) 100vw, 704px\" \/><\/figure>\n\n\n\n<figure class=\"wp-block-image size-large\"><img decoding=\"async\" width=\"1024\" height=\"442\" data-id=\"2923\" src=\"https:\/\/jkdeco.eu\/wp-content\/uploads\/6-dlhsie-zrkadlo-1024x442.jpg\" alt=\"\" class=\"wp-image-2923\" srcset=\"https:\/\/jkdeco.eu\/wp-content\/uploads\/6-dlhsie-zrkadlo-1024x442.jpg 1024w, https:\/\/jkdeco.eu\/wp-content\/uploads\/6-dlhsie-zrkadlo-300x130.jpg 300w, https:\/\/jkdeco.eu\/wp-content\/uploads\/6-dlhsie-zrkadlo-768x332.jpg 768w, https:\/\/jkdeco.eu\/wp-content\/uploads\/6-dlhsie-zrkadlo-640x276.jpg 640w, https:\/\/jkdeco.eu\/wp-content\/uploads\/6-dlhsie-zrkadlo-1200x518.jpg 1200w, https:\/\/jkdeco.eu\/wp-content\/uploads\/6-dlhsie-zrkadlo.jpg 1274w\" sizes=\"(max-width: 1024px) 100vw, 1024px\" \/><\/figure>\n\n\n\n<figure class=\"wp-block-image size-large\"><img decoding=\"async\" width=\"1024\" height=\"435\" data-id=\"2927\" src=\"https:\/\/jkdeco.eu\/wp-content\/uploads\/35-kopia-1-1024x435.jpg\" alt=\"\" class=\"wp-image-2927\" srcset=\"https:\/\/jkdeco.eu\/wp-content\/uploads\/35-kopia-1-1024x435.jpg 1024w, https:\/\/jkdeco.eu\/wp-content\/uploads\/35-kopia-1-300x127.jpg 300w, https:\/\/jkdeco.eu\/wp-content\/uploads\/35-kopia-1-768x326.jpg 768w, https:\/\/jkdeco.eu\/wp-content\/uploads\/35-kopia-1-640x272.jpg 640w, https:\/\/jkdeco.eu\/wp-content\/uploads\/35-kopia-1-1200x509.jpg 1200w, https:\/\/jkdeco.eu\/wp-content\/uploads\/35-kopia-1.jpg 1258w\" sizes=\"(max-width: 1024px) 100vw, 1024px\" \/><\/figure>\n\n\n\n<figure class=\"wp-block-image size-large\"><img decoding=\"async\" width=\"1024\" height=\"435\" data-id=\"2928\" src=\"https:\/\/jkdeco.eu\/wp-content\/uploads\/37-kopia-1-1024x435.jpg\" alt=\"\" class=\"wp-image-2928\" srcset=\"https:\/\/jkdeco.eu\/wp-content\/uploads\/37-kopia-1-1024x435.jpg 1024w, https:\/\/jkdeco.eu\/wp-content\/uploads\/37-kopia-1-300x127.jpg 300w, https:\/\/jkdeco.eu\/wp-content\/uploads\/37-kopia-1-768x326.jpg 768w, https:\/\/jkdeco.eu\/wp-content\/uploads\/37-kopia-1-640x272.jpg 640w, https:\/\/jkdeco.eu\/wp-content\/uploads\/37-kopia-1-1200x509.jpg 1200w, https:\/\/jkdeco.eu\/wp-content\/uploads\/37-kopia-1.jpg 1258w\" sizes=\"(max-width: 1024px) 100vw, 1024px\" \/><\/figure>\n\n\n\n<figure class=\"wp-block-image size-large\"><img decoding=\"async\" width=\"392\" height=\"700\" data-id=\"2930\" src=\"https:\/\/jkdeco.eu\/wp-content\/uploads\/079335.jpg\" alt=\"\" class=\"wp-image-2930\" srcset=\"https:\/\/jkdeco.eu\/wp-content\/uploads\/079335.jpg 392w, https:\/\/jkdeco.eu\/wp-content\/uploads\/079335-168x300.jpg 168w\" sizes=\"(max-width: 392px) 100vw, 392px\" \/><\/figure>\n\n\n\n<figure class=\"wp-block-image size-large\"><img decoding=\"async\" width=\"468\" height=\"1024\" data-id=\"2933\" src=\"https:\/\/jkdeco.eu\/wp-content\/uploads\/IMG_2955-468x1024.jpg\" alt=\"\" class=\"wp-image-2933\" srcset=\"https:\/\/jkdeco.eu\/wp-content\/uploads\/IMG_2955-468x1024.jpg 468w, https:\/\/jkdeco.eu\/wp-content\/uploads\/IMG_2955-137x300.jpg 137w, https:\/\/jkdeco.eu\/wp-content\/uploads\/IMG_2955-768x1681.jpg 768w, https:\/\/jkdeco.eu\/wp-content\/uploads\/IMG_2955-702x1536.jpg 702w, https:\/\/jkdeco.eu\/wp-content\/uploads\/IMG_2955-936x2048.jpg 936w, https:\/\/jkdeco.eu\/wp-content\/uploads\/IMG_2955-640x1401.jpg 640w, https:\/\/jkdeco.eu\/wp-content\/uploads\/IMG_2955-365x800.jpg 365w, https:\/\/jkdeco.eu\/wp-content\/uploads\/IMG_2955-scaled.jpg 1169w\" sizes=\"(max-width: 468px) 100vw, 468px\" \/><\/figure>\n<\/figure>\n\n\n\n<div style=\"height:100px\" aria-hidden=\"true\" class=\"wp-block-spacer\"><\/div>","protected":false},"excerpt":{"rendered":"<p>Tentoraz bol dar\u010dekom n\u00e1vrh \u0161t\u00fdlovej k\u00fapelne a pri\u013eahlej chodby prepr\u00edbuzn\u00e9ho. Dispoz\u00edcia bola dan\u00e1, zost\u00e1valo hlavne nadizajnova\u0165 celok. K dispoz\u00edcii bolo naozaj ve\u013ea n\u00e1vrhov, a jeden konkr\u00e9tny vytypovan\u00fd obklad s p\u00f4vodne \u017eiadan\u00fdm vlnov\u00fdm reli\u00e9fom k dostatiu ihne\u010f.&nbsp; N\u00e1vrh \u017eiadanej murovanej podpery um\u00fdvadla som doplnila o plyt\u0161\u00ed n\u00e1bytok v dekore dver\u00ed jednak pre ak\u00fd-tak\u00fd dodato\u010dn\u00fd odkladac\u00ed priestor,&hellip;&nbsp;<a href=\"https:\/\/jkdeco.eu\/en\/vizualizacia\/navrh-kupelne-ako-darcek-rovinka\/\" rel=\"bookmark\">Read More &raquo;<span class=\"screen-reader-text\">Bathroom design as an unconventional gift, Rovinka<\/span><\/a><\/p>","protected":false},"author":1,"featured_media":0,"parent":528,"menu_order":0,"comment_status":"closed","ping_status":"closed","template":"","meta":{"neve_meta_sidebar":"","neve_meta_container":"","neve_meta_enable_content_width":"","neve_meta_content_width":0,"neve_meta_title_alignment":"","neve_meta_author_avatar":"","neve_post_elements_order":"","neve_meta_disable_header":"","neve_meta_disable_footer":"","neve_meta_disable_title":"","_themeisle_gutenberg_block_has_review":false,"footnotes":""},"class_list":["post-3364","page","type-page","status-publish","hentry"],"aioseo_notices":[],"_links":{"self":[{"href":"https:\/\/jkdeco.eu\/en\/wp-json\/wp\/v2\/pages\/3364","targetHints":{"allow":["GET"]}}],"collection":[{"href":"https:\/\/jkdeco.eu\/en\/wp-json\/wp\/v2\/pages"}],"about":[{"href":"https:\/\/jkdeco.eu\/en\/wp-json\/wp\/v2\/types\/page"}],"author":[{"embeddable":true,"href":"https:\/\/jkdeco.eu\/en\/wp-json\/wp\/v2\/users\/1"}],"replies":[{"embeddable":true,"href":"https:\/\/jkdeco.eu\/en\/wp-json\/wp\/v2\/comments?post=3364"}],"version-history":[{"count":1,"href":"https:\/\/jkdeco.eu\/en\/wp-json\/wp\/v2\/pages\/3364\/revisions"}],"predecessor-version":[{"id":16532,"href":"https:\/\/jkdeco.eu\/en\/wp-json\/wp\/v2\/pages\/3364\/revisions\/16532"}],"up":[{"embeddable":true,"href":"https:\/\/jkdeco.eu\/en\/wp-json\/wp\/v2\/pages\/528"}],"wp:attachment":[{"href":"https:\/\/jkdeco.eu\/en\/wp-json\/wp\/v2\/media?parent=3364"}],"curies":[{"name":"wp","href":"https:\/\/api.w.org\/{rel}","templated":true}]}}