{"id":2574,"date":"2019-12-11T22:28:16","date_gmt":"2019-12-11T21:28:16","guid":{"rendered":"https:\/\/janakadlic.jkdeco.eu\/?page_id=2574"},"modified":"2025-04-02T17:28:43","modified_gmt":"2025-04-02T15:28:43","slug":"damsky-byt","status":"publish","type":"page","link":"https:\/\/jkdeco.eu\/en\/interier\/damsky-byt\/","title":{"rendered":"French Styled Lady' s Apartment"},"content":{"rendered":"<p class=\"has-text-align-justify\">Design and implementation of the interior of a two-room apartment in the French style for a lady and her peaceful and stylish living with a view of Bratislava. <\/p>\n\n\n\n<figure class=\"wp-block-gallery has-nested-images columns-2 is-cropped wp-block-gallery-1 is-layout-flex wp-block-gallery-is-layout-flex\">\n<figure class=\"wp-block-image size-large\"><a href=\"https:\/\/jkdeco.eu\/wp-content\/uploads\/Damsky-byt-Nove-Mesto.jpg\"><img decoding=\"async\" width=\"480\" height=\"609\" data-id=\"2578\" src=\"https:\/\/jkdeco.eu\/wp-content\/uploads\/Damsky-byt-Nove-Mesto.jpg\" alt=\"\" class=\"wp-image-2578\" srcset=\"https:\/\/jkdeco.eu\/wp-content\/uploads\/Damsky-byt-Nove-Mesto.jpg 480w, https:\/\/jkdeco.eu\/wp-content\/uploads\/Damsky-byt-Nove-Mesto-236x300.jpg 236w\" sizes=\"(max-width: 480px) 100vw, 480px\" \/><\/a><\/figure>\n\n\n\n<figure class=\"wp-block-image size-large\"><a href=\"https:\/\/jkdeco.eu\/wp-content\/uploads\/102609153604.jpg\"><img decoding=\"async\" width=\"768\" height=\"1024\" data-id=\"2577\" src=\"https:\/\/jkdeco.eu\/wp-content\/uploads\/102609153604-768x1024.jpg\" alt=\"\" class=\"wp-image-2577\" srcset=\"https:\/\/jkdeco.eu\/wp-content\/uploads\/102609153604-768x1024.jpg 768w, https:\/\/jkdeco.eu\/wp-content\/uploads\/102609153604-225x300.jpg 225w, https:\/\/jkdeco.eu\/wp-content\/uploads\/102609153604-1152x1536.jpg 1152w, https:\/\/jkdeco.eu\/wp-content\/uploads\/102609153604-640x853.jpg 640w, https:\/\/jkdeco.eu\/wp-content\/uploads\/102609153604-600x800.jpg 600w, https:\/\/jkdeco.eu\/wp-content\/uploads\/102609153604.jpg 1200w\" sizes=\"(max-width: 768px) 100vw, 768px\" \/><\/a><\/figure>\n\n\n\n<figure class=\"wp-block-image size-large\"><a href=\"https:\/\/jkdeco.eu\/wp-content\/uploads\/LG9-021.jpg\"><img decoding=\"async\" width=\"1024\" height=\"768\" data-id=\"2580\" src=\"https:\/\/jkdeco.eu\/wp-content\/uploads\/LG9-021-1024x768.jpg\" alt=\"\" class=\"wp-image-2580\" srcset=\"https:\/\/jkdeco.eu\/wp-content\/uploads\/LG9-021-1024x768.jpg 1024w, https:\/\/jkdeco.eu\/wp-content\/uploads\/LG9-021-300x225.jpg 300w, https:\/\/jkdeco.eu\/wp-content\/uploads\/LG9-021-768x576.jpg 768w, https:\/\/jkdeco.eu\/wp-content\/uploads\/LG9-021-1536x1152.jpg 1536w, https:\/\/jkdeco.eu\/wp-content\/uploads\/LG9-021-640x480.jpg 640w, https:\/\/jkdeco.eu\/wp-content\/uploads\/LG9-021-1067x800.jpg 1067w, https:\/\/jkdeco.eu\/wp-content\/uploads\/LG9-021.jpg 1600w\" sizes=\"(max-width: 1024px) 100vw, 1024px\" \/><\/a><\/figure>\n\n\n\n<figure class=\"wp-block-image size-large\"><a href=\"https:\/\/jkdeco.eu\/wp-content\/uploads\/Sedenie.jpg\"><img decoding=\"async\" width=\"1024\" height=\"768\" data-id=\"2581\" src=\"https:\/\/jkdeco.eu\/wp-content\/uploads\/Sedenie-1024x768.jpg\" alt=\"\" class=\"wp-image-2581\" srcset=\"https:\/\/jkdeco.eu\/wp-content\/uploads\/Sedenie-1024x768.jpg 1024w, https:\/\/jkdeco.eu\/wp-content\/uploads\/Sedenie-300x225.jpg 300w, https:\/\/jkdeco.eu\/wp-content\/uploads\/Sedenie-768x576.jpg 768w, https:\/\/jkdeco.eu\/wp-content\/uploads\/Sedenie-1536x1152.jpg 1536w, https:\/\/jkdeco.eu\/wp-content\/uploads\/Sedenie-640x480.jpg 640w, https:\/\/jkdeco.eu\/wp-content\/uploads\/Sedenie-1067x800.jpg 1067w, https:\/\/jkdeco.eu\/wp-content\/uploads\/Sedenie.jpg 1600w\" sizes=\"(max-width: 1024px) 100vw, 1024px\" \/><\/a><\/figure>\n<\/figure>\n\n\n\n<div style=\"height:100px\" aria-hidden=\"true\" class=\"wp-block-spacer\"><\/div>\n\n\n\n<h2 class=\"wp-block-heading\" id=\"vizualizacia-damsky-byt\">Lady' s flat visualization in color variations<\/h2>\n\n\n\n<figure class=\"wp-block-gallery has-nested-images columns-1 is-cropped wp-block-gallery-2 is-layout-flex wp-block-gallery-is-layout-flex\">\n<figure class=\"wp-block-image size-large\"><img decoding=\"async\" width=\"1194\" height=\"656\" data-id=\"4575\" src=\"https:\/\/jkdeco.eu\/wp-content\/uploads\/Pohlad-na-kuchynu-a-jedalen-\u2013-k\u00f3pia.jpg\" alt=\"Kuchyna vo francuzskom romantickom style - jana kadlicova\" class=\"wp-image-4575\" srcset=\"https:\/\/jkdeco.eu\/wp-content\/uploads\/Pohlad-na-kuchynu-a-jedalen-\u2013-k\u00f3pia.jpg 1194w, https:\/\/jkdeco.eu\/wp-content\/uploads\/Pohlad-na-kuchynu-a-jedalen-\u2013-k\u00f3pia-300x165.jpg 300w, https:\/\/jkdeco.eu\/wp-content\/uploads\/Pohlad-na-kuchynu-a-jedalen-\u2013-k\u00f3pia-1024x563.jpg 1024w, https:\/\/jkdeco.eu\/wp-content\/uploads\/Pohlad-na-kuchynu-a-jedalen-\u2013-k\u00f3pia-768x422.jpg 768w, https:\/\/jkdeco.eu\/wp-content\/uploads\/Pohlad-na-kuchynu-a-jedalen-\u2013-k\u00f3pia-640x352.jpg 640w\" sizes=\"(max-width: 1194px) 100vw, 1194px\" \/><\/figure>\n\n\n\n<figure class=\"wp-block-image size-large\"><img decoding=\"async\" width=\"1244\" height=\"661\" data-id=\"4577\" src=\"https:\/\/jkdeco.eu\/wp-content\/uploads\/Render_Bez-pultu-\u2013-k\u00f3pia.jpg\" alt=\"Biela romanticka kuchyna\" class=\"wp-image-4577\" srcset=\"https:\/\/jkdeco.eu\/wp-content\/uploads\/Render_Bez-pultu-\u2013-k\u00f3pia.jpg 1244w, https:\/\/jkdeco.eu\/wp-content\/uploads\/Render_Bez-pultu-\u2013-k\u00f3pia-300x159.jpg 300w, https:\/\/jkdeco.eu\/wp-content\/uploads\/Render_Bez-pultu-\u2013-k\u00f3pia-1024x544.jpg 1024w, https:\/\/jkdeco.eu\/wp-content\/uploads\/Render_Bez-pultu-\u2013-k\u00f3pia-768x408.jpg 768w, https:\/\/jkdeco.eu\/wp-content\/uploads\/Render_Bez-pultu-\u2013-k\u00f3pia-640x340.jpg 640w, https:\/\/jkdeco.eu\/wp-content\/uploads\/Render_Bez-pultu-\u2013-k\u00f3pia-1200x638.jpg 1200w\" sizes=\"(max-width: 1244px) 100vw, 1244px\" \/><\/figure>\n\n\n\n<figure class=\"wp-block-image size-large\"><img decoding=\"async\" width=\"1193\" height=\"654\" data-id=\"4576\" src=\"https:\/\/jkdeco.eu\/wp-content\/uploads\/Pohlad-na-sedenie-\u2013-k\u00f3pia.jpg\" alt=\"Klasicke sedenie\" class=\"wp-image-4576\" srcset=\"https:\/\/jkdeco.eu\/wp-content\/uploads\/Pohlad-na-sedenie-\u2013-k\u00f3pia.jpg 1193w, https:\/\/jkdeco.eu\/wp-content\/uploads\/Pohlad-na-sedenie-\u2013-k\u00f3pia-300x164.jpg 300w, https:\/\/jkdeco.eu\/wp-content\/uploads\/Pohlad-na-sedenie-\u2013-k\u00f3pia-1024x561.jpg 1024w, https:\/\/jkdeco.eu\/wp-content\/uploads\/Pohlad-na-sedenie-\u2013-k\u00f3pia-768x421.jpg 768w, https:\/\/jkdeco.eu\/wp-content\/uploads\/Pohlad-na-sedenie-\u2013-k\u00f3pia-640x351.jpg 640w\" sizes=\"(max-width: 1193px) 100vw, 1193px\" \/><\/figure>\n\n\n\n<figure class=\"wp-block-image size-large\"><img decoding=\"async\" width=\"1243\" height=\"663\" data-id=\"4579\" src=\"https:\/\/jkdeco.eu\/wp-content\/uploads\/Tapeta_3_pasy-\u2013-k\u00f3pia.jpg\" alt=\"Resident\" class=\"wp-image-4579\" srcset=\"https:\/\/jkdeco.eu\/wp-content\/uploads\/Tapeta_3_pasy-\u2013-k\u00f3pia.jpg 1243w, https:\/\/jkdeco.eu\/wp-content\/uploads\/Tapeta_3_pasy-\u2013-k\u00f3pia-300x160.jpg 300w, https:\/\/jkdeco.eu\/wp-content\/uploads\/Tapeta_3_pasy-\u2013-k\u00f3pia-1024x546.jpg 1024w, https:\/\/jkdeco.eu\/wp-content\/uploads\/Tapeta_3_pasy-\u2013-k\u00f3pia-768x410.jpg 768w, https:\/\/jkdeco.eu\/wp-content\/uploads\/Tapeta_3_pasy-\u2013-k\u00f3pia-640x341.jpg 640w, https:\/\/jkdeco.eu\/wp-content\/uploads\/Tapeta_3_pasy-\u2013-k\u00f3pia-1200x640.jpg 1200w\" sizes=\"(max-width: 1243px) 100vw, 1243px\" \/><\/figure>\n\n\n\n<figure class=\"wp-block-image size-large\"><img decoding=\"async\" width=\"1185\" height=\"653\" data-id=\"4581\" src=\"https:\/\/jkdeco.eu\/wp-content\/uploads\/Zlta_pohlad-na-kuchynu-\u2013-k\u00f3pia.jpg\" alt=\"Vizualizacia damskej obyvacky v romantickom style\" class=\"wp-image-4581\" srcset=\"https:\/\/jkdeco.eu\/wp-content\/uploads\/Zlta_pohlad-na-kuchynu-\u2013-k\u00f3pia.jpg 1185w, https:\/\/jkdeco.eu\/wp-content\/uploads\/Zlta_pohlad-na-kuchynu-\u2013-k\u00f3pia-300x165.jpg 300w, https:\/\/jkdeco.eu\/wp-content\/uploads\/Zlta_pohlad-na-kuchynu-\u2013-k\u00f3pia-1024x564.jpg 1024w, https:\/\/jkdeco.eu\/wp-content\/uploads\/Zlta_pohlad-na-kuchynu-\u2013-k\u00f3pia-768x423.jpg 768w, https:\/\/jkdeco.eu\/wp-content\/uploads\/Zlta_pohlad-na-kuchynu-\u2013-k\u00f3pia-640x353.jpg 640w\" sizes=\"(max-width: 1185px) 100vw, 1185px\" \/><\/figure>\n\n\n\n<figure class=\"wp-block-image size-large\"><img decoding=\"async\" width=\"1245\" height=\"663\" data-id=\"4574\" src=\"https:\/\/jkdeco.eu\/wp-content\/uploads\/Obyvak_tapety-\u2013-k\u00f3pia.jpg\" alt=\"Vizualizacia damskej obyvacky v romantickom style\" class=\"wp-image-4574\" srcset=\"https:\/\/jkdeco.eu\/wp-content\/uploads\/Obyvak_tapety-\u2013-k\u00f3pia.jpg 1245w, https:\/\/jkdeco.eu\/wp-content\/uploads\/Obyvak_tapety-\u2013-k\u00f3pia-300x160.jpg 300w, https:\/\/jkdeco.eu\/wp-content\/uploads\/Obyvak_tapety-\u2013-k\u00f3pia-1024x545.jpg 1024w, https:\/\/jkdeco.eu\/wp-content\/uploads\/Obyvak_tapety-\u2013-k\u00f3pia-768x409.jpg 768w, https:\/\/jkdeco.eu\/wp-content\/uploads\/Obyvak_tapety-\u2013-k\u00f3pia-640x341.jpg 640w, https:\/\/jkdeco.eu\/wp-content\/uploads\/Obyvak_tapety-\u2013-k\u00f3pia-1200x639.jpg 1200w\" sizes=\"(max-width: 1245px) 100vw, 1245px\" \/><\/figure>\n\n\n\n<figure class=\"wp-block-image size-large\"><img decoding=\"async\" width=\"1239\" height=\"659\" data-id=\"4580\" src=\"https:\/\/jkdeco.eu\/wp-content\/uploads\/Tapeta_wc-\u2013-k\u00f3pia.jpg\" alt=\"navrh damskej obyvacky v romantickom style\" class=\"wp-image-4580\" srcset=\"https:\/\/jkdeco.eu\/wp-content\/uploads\/Tapeta_wc-\u2013-k\u00f3pia.jpg 1239w, https:\/\/jkdeco.eu\/wp-content\/uploads\/Tapeta_wc-\u2013-k\u00f3pia-300x160.jpg 300w, https:\/\/jkdeco.eu\/wp-content\/uploads\/Tapeta_wc-\u2013-k\u00f3pia-1024x545.jpg 1024w, https:\/\/jkdeco.eu\/wp-content\/uploads\/Tapeta_wc-\u2013-k\u00f3pia-768x408.jpg 768w, https:\/\/jkdeco.eu\/wp-content\/uploads\/Tapeta_wc-\u2013-k\u00f3pia-640x340.jpg 640w, https:\/\/jkdeco.eu\/wp-content\/uploads\/Tapeta_wc-\u2013-k\u00f3pia-1200x638.jpg 1200w\" sizes=\"(max-width: 1239px) 100vw, 1239px\" \/><\/figure>\n\n\n\n<figure class=\"wp-block-image size-large\"><img decoding=\"async\" width=\"1241\" height=\"662\" data-id=\"4578\" src=\"https:\/\/jkdeco.eu\/wp-content\/uploads\/Stena_asymetricka-\u2013-k\u00f3pia.jpg\" alt=\"Navrh romanticke obyvacky\" class=\"wp-image-4578\" srcset=\"https:\/\/jkdeco.eu\/wp-content\/uploads\/Stena_asymetricka-\u2013-k\u00f3pia.jpg 1241w, https:\/\/jkdeco.eu\/wp-content\/uploads\/Stena_asymetricka-\u2013-k\u00f3pia-300x160.jpg 300w, https:\/\/jkdeco.eu\/wp-content\/uploads\/Stena_asymetricka-\u2013-k\u00f3pia-1024x546.jpg 1024w, https:\/\/jkdeco.eu\/wp-content\/uploads\/Stena_asymetricka-\u2013-k\u00f3pia-768x410.jpg 768w, https:\/\/jkdeco.eu\/wp-content\/uploads\/Stena_asymetricka-\u2013-k\u00f3pia-640x341.jpg 640w, https:\/\/jkdeco.eu\/wp-content\/uploads\/Stena_asymetricka-\u2013-k\u00f3pia-1200x640.jpg 1200w\" sizes=\"(max-width: 1241px) 100vw, 1241px\" \/><\/figure>\n\n\n\n<figure class=\"wp-block-image size-large\"><img decoding=\"async\" width=\"1189\" height=\"656\" data-id=\"4585\" src=\"https:\/\/jkdeco.eu\/wp-content\/uploads\/IIIVeze_nahlad-na-kuchynu-\u2013-k\u00f3pia.jpg\" alt=\"Romanticky raz obyvacky\" class=\"wp-image-4585\" srcset=\"https:\/\/jkdeco.eu\/wp-content\/uploads\/IIIVeze_nahlad-na-kuchynu-\u2013-k\u00f3pia.jpg 1189w, https:\/\/jkdeco.eu\/wp-content\/uploads\/IIIVeze_nahlad-na-kuchynu-\u2013-k\u00f3pia-300x166.jpg 300w, https:\/\/jkdeco.eu\/wp-content\/uploads\/IIIVeze_nahlad-na-kuchynu-\u2013-k\u00f3pia-1024x565.jpg 1024w, https:\/\/jkdeco.eu\/wp-content\/uploads\/IIIVeze_nahlad-na-kuchynu-\u2013-k\u00f3pia-768x424.jpg 768w, https:\/\/jkdeco.eu\/wp-content\/uploads\/IIIVeze_nahlad-na-kuchynu-\u2013-k\u00f3pia-640x353.jpg 640w\" sizes=\"(max-width: 1189px) 100vw, 1189px\" \/><\/figure>\n\n\n\n<figure class=\"wp-block-image size-large\"><img decoding=\"async\" width=\"1195\" height=\"658\" data-id=\"4586\" src=\"https:\/\/jkdeco.eu\/wp-content\/uploads\/Sedenie-z-chodby-\u2013-k\u00f3pia.jpg\" alt=\"navrh obyvacky v romatickom style\" class=\"wp-image-4586\" srcset=\"https:\/\/jkdeco.eu\/wp-content\/uploads\/Sedenie-z-chodby-\u2013-k\u00f3pia.jpg 1195w, https:\/\/jkdeco.eu\/wp-content\/uploads\/Sedenie-z-chodby-\u2013-k\u00f3pia-300x165.jpg 300w, https:\/\/jkdeco.eu\/wp-content\/uploads\/Sedenie-z-chodby-\u2013-k\u00f3pia-1024x564.jpg 1024w, https:\/\/jkdeco.eu\/wp-content\/uploads\/Sedenie-z-chodby-\u2013-k\u00f3pia-768x423.jpg 768w, https:\/\/jkdeco.eu\/wp-content\/uploads\/Sedenie-z-chodby-\u2013-k\u00f3pia-640x352.jpg 640w\" sizes=\"(max-width: 1195px) 100vw, 1195px\" \/><\/figure>\n\n\n\n<figure class=\"wp-block-image size-large\"><img decoding=\"async\" width=\"640\" height=\"367\" data-id=\"4584\" src=\"https:\/\/jkdeco.eu\/wp-content\/uploads\/Damsky-byt-Nove-Mesto-1.jpg\" alt=\"vizualizacia romantickej damskej obyvacky\" class=\"wp-image-4584\" srcset=\"https:\/\/jkdeco.eu\/wp-content\/uploads\/Damsky-byt-Nove-Mesto-1.jpg 640w, https:\/\/jkdeco.eu\/wp-content\/uploads\/Damsky-byt-Nove-Mesto-1-300x172.jpg 300w\" sizes=\"(max-width: 640px) 100vw, 640px\" \/><\/figure>\n\n\n\n<figure class=\"wp-block-image size-large\"><img decoding=\"async\" width=\"867\" height=\"578\" data-id=\"4583\" src=\"https:\/\/jkdeco.eu\/wp-content\/uploads\/Dolly_camera_3a1-\u2013-k\u00f3pia.jpg\" alt=\"pohlad na dvojizbovy byt z vtacej perspektivy\" class=\"wp-image-4583\" srcset=\"https:\/\/jkdeco.eu\/wp-content\/uploads\/Dolly_camera_3a1-\u2013-k\u00f3pia.jpg 867w, https:\/\/jkdeco.eu\/wp-content\/uploads\/Dolly_camera_3a1-\u2013-k\u00f3pia-300x200.jpg 300w, https:\/\/jkdeco.eu\/wp-content\/uploads\/Dolly_camera_3a1-\u2013-k\u00f3pia-768x512.jpg 768w, https:\/\/jkdeco.eu\/wp-content\/uploads\/Dolly_camera_3a1-\u2013-k\u00f3pia-640x427.jpg 640w\" sizes=\"(max-width: 867px) 100vw, 867px\" \/><\/figure>\n<\/figure>\n\n\n\n<div style=\"height:100px\" aria-hidden=\"true\" class=\"wp-block-spacer\"><\/div>\n\n\n\n<figure class=\"wp-block-embed is-type-video is-provider-youtube wp-block-embed-youtube wp-embed-aspect-16-9 wp-has-aspect-ratio\"><div class=\"wp-block-embed__wrapper\">\n<div class=\"nv-iframe-embed\"><iframe loading=\"lazy\" title=\"Varianta2x2sedacka\" width=\"1200\" height=\"675\" src=\"https:\/\/www.youtube.com\/embed\/1Olh29W_7IM?feature=oembed\" frameborder=\"0\" allow=\"accelerometer; autoplay; clipboard-write; encrypted-media; gyroscope; picture-in-picture; web-share\" referrerpolicy=\"strict-origin-when-cross-origin\" allowfullscreen><\/iframe><\/div>\n<\/div><\/figure>\n\n\n\n<div style=\"height:100px\" aria-hidden=\"true\" class=\"wp-block-spacer\"><\/div>\n\n\n\n<h2 class=\"wp-block-heading\">Jobs<\/h2>\n\n\n\n<figure class=\"wp-block-image size-large\"><img decoding=\"async\" width=\"768\" height=\"1024\" src=\"https:\/\/jkdeco.eu\/wp-content\/uploads\/072309105127-768x1024.jpg\" alt=\"realizacia tapety\" class=\"wp-image-2576\" srcset=\"https:\/\/jkdeco.eu\/wp-content\/uploads\/072309105127-768x1024.jpg 768w, https:\/\/jkdeco.eu\/wp-content\/uploads\/072309105127-225x300.jpg 225w, https:\/\/jkdeco.eu\/wp-content\/uploads\/072309105127-1152x1536.jpg 1152w, https:\/\/jkdeco.eu\/wp-content\/uploads\/072309105127-640x853.jpg 640w, https:\/\/jkdeco.eu\/wp-content\/uploads\/072309105127-600x800.jpg 600w, https:\/\/jkdeco.eu\/wp-content\/uploads\/072309105127.jpg 1200w\" sizes=\"(max-width: 768px) 100vw, 768px\" \/><\/figure>\n\n\n\n<div style=\"height:100px\" aria-hidden=\"true\" class=\"wp-block-spacer\"><\/div>","protected":false},"excerpt":{"rendered":"<p>N\u00e1vrh a realiz\u00e1cia interi\u00e9ru dvojizbov\u00e9ho bytu vo franc\u00fazskom \u0161t\u00fdle pre d\u00e1mu a jej pokojn\u00e9 a \u0161t\u00fdlov\u00e9 b\u00fdvanie s v\u00fdh\u013eadom na Bratislavu. Vizualiz\u00e1cia d\u00e1mskeho bytu vo farebn\u00fdch variant\u00e1ch Pr\u00e1ce<\/p>","protected":false},"author":1,"featured_media":0,"parent":530,"menu_order":0,"comment_status":"closed","ping_status":"closed","template":"","meta":{"neve_meta_sidebar":"","neve_meta_container":"","neve_meta_enable_content_width":"","neve_meta_content_width":0,"neve_meta_title_alignment":"","neve_meta_author_avatar":"","neve_post_elements_order":"","neve_meta_disable_header":"","neve_meta_disable_footer":"","neve_meta_disable_title":"","_themeisle_gutenberg_block_has_review":false,"footnotes":""},"class_list":["post-2574","page","type-page","status-publish","hentry"],"aioseo_notices":[],"_links":{"self":[{"href":"https:\/\/jkdeco.eu\/en\/wp-json\/wp\/v2\/pages\/2574","targetHints":{"allow":["GET"]}}],"collection":[{"href":"https:\/\/jkdeco.eu\/en\/wp-json\/wp\/v2\/pages"}],"about":[{"href":"https:\/\/jkdeco.eu\/en\/wp-json\/wp\/v2\/types\/page"}],"author":[{"embeddable":true,"href":"https:\/\/jkdeco.eu\/en\/wp-json\/wp\/v2\/users\/1"}],"replies":[{"embeddable":true,"href":"https:\/\/jkdeco.eu\/en\/wp-json\/wp\/v2\/comments?post=2574"}],"version-history":[{"count":1,"href":"https:\/\/jkdeco.eu\/en\/wp-json\/wp\/v2\/pages\/2574\/revisions"}],"predecessor-version":[{"id":16395,"href":"https:\/\/jkdeco.eu\/en\/wp-json\/wp\/v2\/pages\/2574\/revisions\/16395"}],"up":[{"embeddable":true,"href":"https:\/\/jkdeco.eu\/en\/wp-json\/wp\/v2\/pages\/530"}],"wp:attachment":[{"href":"https:\/\/jkdeco.eu\/en\/wp-json\/wp\/v2\/media?parent=2574"}],"curies":[{"name":"wp","href":"https:\/\/api.w.org\/{rel}","templated":true}]}}