{"id":2569,"date":"2019-12-11T22:25:46","date_gmt":"2019-12-11T21:25:46","guid":{"rendered":"https:\/\/janakadlic.jkdeco.eu\/?page_id=2569"},"modified":"2025-04-02T17:34:14","modified_gmt":"2025-04-02T15:34:14","slug":"design-of-modern-library-trnavka","status":"publish","type":"page","link":"https:\/\/jkdeco.eu\/en\/interier\/dizajn-modernej-kniznice-trnavka\/","title":{"rendered":"Design of a modern library for the writer, Trn\u00e1vka"},"content":{"rendered":"<p class=\"has-text-align-justify\"><br>Design a modern library for the writer. The library was designed to incorporate a hidden bar, document compartments shielded from view, mostly open compartments not only for books but also paintings, statuettes and flowers, all imported from his previous residence in Malta. Of the many possibilities in terms of colour, layout and materials, this published version was chosen. The requirement was to preserve the other existing furnishings. However, I changed the seating and dining room layout and added a fireplace and curtains.<\/p>\n\n\n\n<figure class=\"wp-block-gallery has-nested-images columns-1 is-cropped wp-block-gallery-1 is-layout-flex wp-block-gallery-is-layout-flex\">\n<figure class=\"wp-block-image size-large\"><img decoding=\"async\" width=\"1024\" height=\"828\" data-id=\"2570\" src=\"https:\/\/jkdeco.eu\/wp-content\/uploads\/20181211_152227-kopia-\u2013-k\u00f3pia-1024x828.jpg\" alt=\"\" class=\"wp-image-2570\" srcset=\"https:\/\/jkdeco.eu\/wp-content\/uploads\/20181211_152227-kopia-\u2013-k\u00f3pia-1024x828.jpg 1024w, https:\/\/jkdeco.eu\/wp-content\/uploads\/20181211_152227-kopia-\u2013-k\u00f3pia-300x243.jpg 300w, https:\/\/jkdeco.eu\/wp-content\/uploads\/20181211_152227-kopia-\u2013-k\u00f3pia-768x621.jpg 768w, https:\/\/jkdeco.eu\/wp-content\/uploads\/20181211_152227-kopia-\u2013-k\u00f3pia-1536x1242.jpg 1536w, https:\/\/jkdeco.eu\/wp-content\/uploads\/20181211_152227-kopia-\u2013-k\u00f3pia-2048x1656.jpg 2048w, https:\/\/jkdeco.eu\/wp-content\/uploads\/20181211_152227-kopia-\u2013-k\u00f3pia-640x517.jpg 640w, https:\/\/jkdeco.eu\/wp-content\/uploads\/20181211_152227-kopia-\u2013-k\u00f3pia-989x800.jpg 989w\" sizes=\"(max-width: 1024px) 100vw, 1024px\" \/><\/figure>\n\n\n\n<figure class=\"wp-block-image size-large\"><img decoding=\"async\" width=\"1024\" height=\"576\" data-id=\"2571\" src=\"https:\/\/jkdeco.eu\/wp-content\/uploads\/20181211_152227-kopia-1024x576.jpg\" alt=\"\" class=\"wp-image-2571\" srcset=\"https:\/\/jkdeco.eu\/wp-content\/uploads\/20181211_152227-kopia-1024x576.jpg 1024w, https:\/\/jkdeco.eu\/wp-content\/uploads\/20181211_152227-kopia-300x169.jpg 300w, https:\/\/jkdeco.eu\/wp-content\/uploads\/20181211_152227-kopia-768x432.jpg 768w, https:\/\/jkdeco.eu\/wp-content\/uploads\/20181211_152227-kopia-1536x864.jpg 1536w, https:\/\/jkdeco.eu\/wp-content\/uploads\/20181211_152227-kopia-2048x1152.jpg 2048w, https:\/\/jkdeco.eu\/wp-content\/uploads\/20181211_152227-kopia-640x360.jpg 640w, https:\/\/jkdeco.eu\/wp-content\/uploads\/20181211_152227-kopia-1200x675.jpg 1200w\" sizes=\"(max-width: 1024px) 100vw, 1024px\" \/><\/figure>\n\n\n\n<figure class=\"wp-block-image size-large\"><img decoding=\"async\" width=\"1024\" height=\"576\" data-id=\"2572\" src=\"https:\/\/jkdeco.eu\/wp-content\/uploads\/20181212_160454-kopia-1024x576.jpg\" alt=\"\" class=\"wp-image-2572\" srcset=\"https:\/\/jkdeco.eu\/wp-content\/uploads\/20181212_160454-kopia-1024x576.jpg 1024w, https:\/\/jkdeco.eu\/wp-content\/uploads\/20181212_160454-kopia-300x169.jpg 300w, https:\/\/jkdeco.eu\/wp-content\/uploads\/20181212_160454-kopia-768x432.jpg 768w, https:\/\/jkdeco.eu\/wp-content\/uploads\/20181212_160454-kopia-1536x864.jpg 1536w, https:\/\/jkdeco.eu\/wp-content\/uploads\/20181212_160454-kopia-2048x1152.jpg 2048w, https:\/\/jkdeco.eu\/wp-content\/uploads\/20181212_160454-kopia-640x360.jpg 640w, https:\/\/jkdeco.eu\/wp-content\/uploads\/20181212_160454-kopia-1200x675.jpg 1200w\" sizes=\"(max-width: 1024px) 100vw, 1024px\" \/><\/figure>\n<\/figure>\n\n\n\n<figure class=\"wp-block-gallery has-nested-images columns-1 is-cropped wp-block-gallery-2 is-layout-flex wp-block-gallery-is-layout-flex\">\n<figure class=\"wp-block-image size-large\"><img decoding=\"async\" width=\"1024\" height=\"434\" data-id=\"2962\" src=\"https:\/\/jkdeco.eu\/wp-content\/uploads\/53-varianta-s-okrajom-bez-spodku-\u2013-k\u00f3pia-1024x434.jpg\" alt=\"\" class=\"wp-image-2962\" srcset=\"https:\/\/jkdeco.eu\/wp-content\/uploads\/53-varianta-s-okrajom-bez-spodku-\u2013-k\u00f3pia-1024x434.jpg 1024w, https:\/\/jkdeco.eu\/wp-content\/uploads\/53-varianta-s-okrajom-bez-spodku-\u2013-k\u00f3pia-300x127.jpg 300w, https:\/\/jkdeco.eu\/wp-content\/uploads\/53-varianta-s-okrajom-bez-spodku-\u2013-k\u00f3pia-768x326.jpg 768w, https:\/\/jkdeco.eu\/wp-content\/uploads\/53-varianta-s-okrajom-bez-spodku-\u2013-k\u00f3pia-640x271.jpg 640w, https:\/\/jkdeco.eu\/wp-content\/uploads\/53-varianta-s-okrajom-bez-spodku-\u2013-k\u00f3pia-1200x509.jpg 1200w, https:\/\/jkdeco.eu\/wp-content\/uploads\/53-varianta-s-okrajom-bez-spodku-\u2013-k\u00f3pia.jpg 1231w\" sizes=\"(max-width: 1024px) 100vw, 1024px\" \/><\/figure>\n\n\n\n<figure class=\"wp-block-image size-large\"><img decoding=\"async\" width=\"1024\" height=\"434\" data-id=\"2961\" src=\"https:\/\/jkdeco.eu\/wp-content\/uploads\/52-pohlad-final-\u2013-k\u00f3pia-1024x434.jpg\" alt=\"\" class=\"wp-image-2961\" srcset=\"https:\/\/jkdeco.eu\/wp-content\/uploads\/52-pohlad-final-\u2013-k\u00f3pia-1024x434.jpg 1024w, https:\/\/jkdeco.eu\/wp-content\/uploads\/52-pohlad-final-\u2013-k\u00f3pia-300x127.jpg 300w, https:\/\/jkdeco.eu\/wp-content\/uploads\/52-pohlad-final-\u2013-k\u00f3pia-768x326.jpg 768w, https:\/\/jkdeco.eu\/wp-content\/uploads\/52-pohlad-final-\u2013-k\u00f3pia-640x271.jpg 640w, https:\/\/jkdeco.eu\/wp-content\/uploads\/52-pohlad-final-\u2013-k\u00f3pia-1200x509.jpg 1200w, https:\/\/jkdeco.eu\/wp-content\/uploads\/52-pohlad-final-\u2013-k\u00f3pia.jpg 1231w\" sizes=\"(max-width: 1024px) 100vw, 1024px\" \/><\/figure>\n\n\n\n<figure class=\"wp-block-image size-large\"><img decoding=\"async\" width=\"1024\" height=\"448\" data-id=\"2965\" src=\"https:\/\/jkdeco.eu\/wp-content\/uploads\/Kn-43-sede-dvierka-\u2013-k\u00f3pia-1024x448.jpg\" alt=\"\" class=\"wp-image-2965\" srcset=\"https:\/\/jkdeco.eu\/wp-content\/uploads\/Kn-43-sede-dvierka-\u2013-k\u00f3pia-1024x448.jpg 1024w, https:\/\/jkdeco.eu\/wp-content\/uploads\/Kn-43-sede-dvierka-\u2013-k\u00f3pia-300x131.jpg 300w, https:\/\/jkdeco.eu\/wp-content\/uploads\/Kn-43-sede-dvierka-\u2013-k\u00f3pia-768x336.jpg 768w, https:\/\/jkdeco.eu\/wp-content\/uploads\/Kn-43-sede-dvierka-\u2013-k\u00f3pia-640x280.jpg 640w, https:\/\/jkdeco.eu\/wp-content\/uploads\/Kn-43-sede-dvierka-\u2013-k\u00f3pia.jpg 1192w\" sizes=\"(max-width: 1024px) 100vw, 1024px\" \/><\/figure>\n\n\n\n<figure class=\"wp-block-image size-large\"><img decoding=\"async\" width=\"719\" height=\"445\" data-id=\"2968\" src=\"https:\/\/jkdeco.eu\/wp-content\/uploads\/Rez-final-s-nabytkom-nekotovany-\u2013-k\u00f3pia.jpg\" alt=\"\" class=\"wp-image-2968\" srcset=\"https:\/\/jkdeco.eu\/wp-content\/uploads\/Rez-final-s-nabytkom-nekotovany-\u2013-k\u00f3pia.jpg 719w, https:\/\/jkdeco.eu\/wp-content\/uploads\/Rez-final-s-nabytkom-nekotovany-\u2013-k\u00f3pia-300x186.jpg 300w, https:\/\/jkdeco.eu\/wp-content\/uploads\/Rez-final-s-nabytkom-nekotovany-\u2013-k\u00f3pia-640x396.jpg 640w\" sizes=\"(max-width: 719px) 100vw, 719px\" \/><\/figure>\n\n\n\n<figure class=\"wp-block-image size-large\"><img decoding=\"async\" width=\"828\" height=\"513\" data-id=\"2969\" src=\"https:\/\/jkdeco.eu\/wp-content\/uploads\/Rez-s-nabytkom-\u2013-k\u00f3pia.jpg\" alt=\"\" class=\"wp-image-2969\" srcset=\"https:\/\/jkdeco.eu\/wp-content\/uploads\/Rez-s-nabytkom-\u2013-k\u00f3pia.jpg 828w, https:\/\/jkdeco.eu\/wp-content\/uploads\/Rez-s-nabytkom-\u2013-k\u00f3pia-300x186.jpg 300w, https:\/\/jkdeco.eu\/wp-content\/uploads\/Rez-s-nabytkom-\u2013-k\u00f3pia-768x476.jpg 768w, https:\/\/jkdeco.eu\/wp-content\/uploads\/Rez-s-nabytkom-\u2013-k\u00f3pia-640x397.jpg 640w\" sizes=\"(max-width: 828px) 100vw, 828px\" \/><\/figure>\n\n\n\n<figure class=\"wp-block-image size-large\"><img decoding=\"async\" width=\"727\" height=\"522\" data-id=\"2963\" src=\"https:\/\/jkdeco.eu\/wp-content\/uploads\/Kn-13-kose-hnede-\u2013-k\u00f3pia-\u2013-k\u00f3pia.jpg\" alt=\"\" class=\"wp-image-2963\" srcset=\"https:\/\/jkdeco.eu\/wp-content\/uploads\/Kn-13-kose-hnede-\u2013-k\u00f3pia-\u2013-k\u00f3pia.jpg 727w, https:\/\/jkdeco.eu\/wp-content\/uploads\/Kn-13-kose-hnede-\u2013-k\u00f3pia-\u2013-k\u00f3pia-300x215.jpg 300w, https:\/\/jkdeco.eu\/wp-content\/uploads\/Kn-13-kose-hnede-\u2013-k\u00f3pia-\u2013-k\u00f3pia-640x460.jpg 640w\" sizes=\"(max-width: 727px) 100vw, 727px\" \/><\/figure>\n\n\n\n<figure class=\"wp-block-image size-large\"><img decoding=\"async\" width=\"1024\" height=\"436\" data-id=\"2966\" src=\"https:\/\/jkdeco.eu\/wp-content\/uploads\/Rez-\u2013-k\u00f3pia-1024x436.jpg\" alt=\"\" class=\"wp-image-2966\" srcset=\"https:\/\/jkdeco.eu\/wp-content\/uploads\/Rez-\u2013-k\u00f3pia-1024x436.jpg 1024w, https:\/\/jkdeco.eu\/wp-content\/uploads\/Rez-\u2013-k\u00f3pia-300x128.jpg 300w, https:\/\/jkdeco.eu\/wp-content\/uploads\/Rez-\u2013-k\u00f3pia-768x327.jpg 768w, https:\/\/jkdeco.eu\/wp-content\/uploads\/Rez-\u2013-k\u00f3pia-640x272.jpg 640w, https:\/\/jkdeco.eu\/wp-content\/uploads\/Rez-\u2013-k\u00f3pia-1200x511.jpg 1200w, https:\/\/jkdeco.eu\/wp-content\/uploads\/Rez-\u2013-k\u00f3pia.jpg 1227w\" sizes=\"(max-width: 1024px) 100vw, 1024px\" \/><\/figure>\n\n\n\n<figure class=\"wp-block-image size-large\"><img decoding=\"async\" width=\"846\" height=\"522\" data-id=\"2967\" src=\"https:\/\/jkdeco.eu\/wp-content\/uploads\/Rez-final-kotovany-\u2013-k\u00f3pia.jpg\" alt=\"\" class=\"wp-image-2967\" srcset=\"https:\/\/jkdeco.eu\/wp-content\/uploads\/Rez-final-kotovany-\u2013-k\u00f3pia.jpg 846w, https:\/\/jkdeco.eu\/wp-content\/uploads\/Rez-final-kotovany-\u2013-k\u00f3pia-300x185.jpg 300w, https:\/\/jkdeco.eu\/wp-content\/uploads\/Rez-final-kotovany-\u2013-k\u00f3pia-768x474.jpg 768w, https:\/\/jkdeco.eu\/wp-content\/uploads\/Rez-final-kotovany-\u2013-k\u00f3pia-640x395.jpg 640w\" sizes=\"(max-width: 846px) 100vw, 846px\" \/><\/figure>\n<\/figure>\n\n\n\n<div style=\"height:100px\" aria-hidden=\"true\" class=\"wp-block-spacer\"><\/div>","protected":false},"excerpt":{"rendered":"<p>Dizajn modernej kni\u017enice pre spisovate\u013ea. Kni\u017enica bola navrhovan\u00e1 tak, aby v nej bol integrovan\u00fd skryt\u00fd bar, priehradky na dokumenty kryt\u00e9 pred zrakom, preva\u017ene otvoren\u00e9 priehradky nielen pre knihy, ale i obrazy, so\u0161ky a kvety, v\u0161etko dovezen\u00e9 z doteraj\u0161ieho bydliska na Malte. Z farebne, dispozi\u010dne a materi\u00e1lovo mnoh\u00fdch mo\u017enost\u00ed bola vybrat\u00e1 pr\u00e1ve t\u00e1to publikovan\u00e1 varianta. Po\u017eiadavkou&hellip;&nbsp;<a href=\"https:\/\/jkdeco.eu\/en\/interier\/dizajn-modernej-kniznice-trnavka\/\" rel=\"bookmark\">Read More &raquo;<span class=\"screen-reader-text\">Design of a modern library for the writer, Trn\u00e1vka<\/span><\/a><\/p>","protected":false},"author":1,"featured_media":2571,"parent":530,"menu_order":0,"comment_status":"closed","ping_status":"closed","template":"","meta":{"neve_meta_sidebar":"","neve_meta_container":"","neve_meta_enable_content_width":"","neve_meta_content_width":0,"neve_meta_title_alignment":"","neve_meta_author_avatar":"","neve_post_elements_order":"","neve_meta_disable_header":"","neve_meta_disable_footer":"","neve_meta_disable_title":"","_themeisle_gutenberg_block_has_review":false,"footnotes":""},"class_list":["post-2569","page","type-page","status-publish","has-post-thumbnail","hentry"],"aioseo_notices":[],"_links":{"self":[{"href":"https:\/\/jkdeco.eu\/en\/wp-json\/wp\/v2\/pages\/2569","targetHints":{"allow":["GET"]}}],"collection":[{"href":"https:\/\/jkdeco.eu\/en\/wp-json\/wp\/v2\/pages"}],"about":[{"href":"https:\/\/jkdeco.eu\/en\/wp-json\/wp\/v2\/types\/page"}],"author":[{"embeddable":true,"href":"https:\/\/jkdeco.eu\/en\/wp-json\/wp\/v2\/users\/1"}],"replies":[{"embeddable":true,"href":"https:\/\/jkdeco.eu\/en\/wp-json\/wp\/v2\/comments?post=2569"}],"version-history":[{"count":1,"href":"https:\/\/jkdeco.eu\/en\/wp-json\/wp\/v2\/pages\/2569\/revisions"}],"predecessor-version":[{"id":16399,"href":"https:\/\/jkdeco.eu\/en\/wp-json\/wp\/v2\/pages\/2569\/revisions\/16399"}],"up":[{"embeddable":true,"href":"https:\/\/jkdeco.eu\/en\/wp-json\/wp\/v2\/pages\/530"}],"wp:featuredmedia":[{"embeddable":true,"href":"https:\/\/jkdeco.eu\/en\/wp-json\/wp\/v2\/media\/2571"}],"wp:attachment":[{"href":"https:\/\/jkdeco.eu\/en\/wp-json\/wp\/v2\/media?parent=2569"}],"curies":[{"name":"wp","href":"https:\/\/api.w.org\/{rel}","templated":true}]}}