{"id":2543,"date":"2019-12-11T22:12:09","date_gmt":"2019-12-11T21:12:09","guid":{"rendered":"https:\/\/janakadlic.jkdeco.eu\/?page_id=2543"},"modified":"2025-04-02T19:41:01","modified_gmt":"2025-04-02T17:41:01","slug":"sleeping-room-iii-ties","status":"publish","type":"page","link":"https:\/\/jkdeco.eu\/en\/interier\/spalna-iii-veze\/","title":{"rendered":"Bedroom in hotel design, III Towers, Bratislava"},"content":{"rendered":"<div class=\"wp-block-group\"><div class=\"wp-block-group__inner-container is-layout-flow wp-block-group-is-layout-flow\">\n<p class=\"has-text-align-justify\">The request was that the room should resemble a hotel room. Creating an atypical work desk with a place to store luggage for a frequent traveller. <\/p>\n<\/div><\/div>\n\n\n\n<figure class=\"wp-block-gallery has-nested-images columns-1 is-cropped wp-block-gallery-1 is-layout-flex wp-block-gallery-is-layout-flex\">\n<figure class=\"wp-block-image size-full\"><img decoding=\"async\" width=\"640\" height=\"480\" data-id=\"2545\" src=\"https:\/\/jkdeco.eu\/wp-content\/uploads\/IMG_7184.jpg\" alt=\"\" class=\"wp-image-2545\" srcset=\"https:\/\/jkdeco.eu\/wp-content\/uploads\/IMG_7184.jpg 640w, https:\/\/jkdeco.eu\/wp-content\/uploads\/IMG_7184-300x225.jpg 300w\" sizes=\"(max-width: 640px) 100vw, 640px\" \/><\/figure>\n\n\n\n<figure class=\"wp-block-image size-full\"><img decoding=\"async\" width=\"480\" height=\"640\" data-id=\"2548\" src=\"https:\/\/jkdeco.eu\/wp-content\/uploads\/IMG_7187.jpg\" alt=\"\" class=\"wp-image-2548\" srcset=\"https:\/\/jkdeco.eu\/wp-content\/uploads\/IMG_7187.jpg 480w, https:\/\/jkdeco.eu\/wp-content\/uploads\/IMG_7187-225x300.jpg 225w\" sizes=\"(max-width: 480px) 100vw, 480px\" \/><\/figure>\n\n\n\n<figure class=\"wp-block-image size-full\"><img decoding=\"async\" width=\"640\" height=\"437\" data-id=\"2546\" src=\"https:\/\/jkdeco.eu\/wp-content\/uploads\/IMG_7185.jpg\" alt=\"\" class=\"wp-image-2546\" srcset=\"https:\/\/jkdeco.eu\/wp-content\/uploads\/IMG_7185.jpg 640w, https:\/\/jkdeco.eu\/wp-content\/uploads\/IMG_7185-300x205.jpg 300w\" sizes=\"(max-width: 640px) 100vw, 640px\" \/><\/figure>\n\n\n\n<figure class=\"wp-block-image size-full\"><img decoding=\"async\" width=\"433\" height=\"640\" data-id=\"2555\" src=\"https:\/\/jkdeco.eu\/wp-content\/uploads\/IMG_7200.jpg\" alt=\"\" class=\"wp-image-2555\" srcset=\"https:\/\/jkdeco.eu\/wp-content\/uploads\/IMG_7200.jpg 433w, https:\/\/jkdeco.eu\/wp-content\/uploads\/IMG_7200-203x300.jpg 203w\" sizes=\"(max-width: 433px) 100vw, 433px\" \/><\/figure>\n\n\n\n<figure class=\"wp-block-image size-full\"><img decoding=\"async\" width=\"640\" height=\"433\" data-id=\"2558\" src=\"https:\/\/jkdeco.eu\/wp-content\/uploads\/IMG_7204.jpg\" alt=\"\" class=\"wp-image-2558\" srcset=\"https:\/\/jkdeco.eu\/wp-content\/uploads\/IMG_7204.jpg 640w, https:\/\/jkdeco.eu\/wp-content\/uploads\/IMG_7204-300x203.jpg 300w\" sizes=\"(max-width: 640px) 100vw, 640px\" \/><\/figure>\n\n\n\n<figure class=\"wp-block-image size-full\"><img decoding=\"async\" width=\"640\" height=\"480\" data-id=\"2549\" src=\"https:\/\/jkdeco.eu\/wp-content\/uploads\/IMG_7188.jpg\" alt=\"\" class=\"wp-image-2549\" srcset=\"https:\/\/jkdeco.eu\/wp-content\/uploads\/IMG_7188.jpg 640w, https:\/\/jkdeco.eu\/wp-content\/uploads\/IMG_7188-300x225.jpg 300w\" sizes=\"(max-width: 640px) 100vw, 640px\" \/><\/figure>\n\n\n\n<figure class=\"wp-block-image size-full\"><img decoding=\"async\" width=\"480\" height=\"537\" data-id=\"2544\" src=\"https:\/\/jkdeco.eu\/wp-content\/uploads\/IMG_7182.jpg\" alt=\"\" class=\"wp-image-2544\" srcset=\"https:\/\/jkdeco.eu\/wp-content\/uploads\/IMG_7182.jpg 480w, https:\/\/jkdeco.eu\/wp-content\/uploads\/IMG_7182-268x300.jpg 268w\" sizes=\"(max-width: 480px) 100vw, 480px\" \/><\/figure>\n<\/figure>\n\n\n\n<div style=\"height:100px\" aria-hidden=\"true\" class=\"wp-block-spacer\"><\/div>\n\n\n\n<h2 class=\"wp-block-heading\">Vizualiz\u00e1cia sp\u00e1lne v hotelovom preveden\u00ed<\/h2>\n\n\n\n<figure class=\"wp-block-gallery has-nested-images columns-1 is-cropped wp-block-gallery-2 is-layout-flex wp-block-gallery-is-layout-flex\">\n<figure class=\"wp-block-image size-large\"><img decoding=\"async\" width=\"1024\" height=\"541\" data-id=\"4597\" src=\"https:\/\/jkdeco.eu\/wp-content\/uploads\/Spalna2-kopia-1024x541.jpg\" alt=\"\" class=\"wp-image-4597\" srcset=\"https:\/\/jkdeco.eu\/wp-content\/uploads\/Spalna2-kopia-1024x541.jpg 1024w, https:\/\/jkdeco.eu\/wp-content\/uploads\/Spalna2-kopia-300x158.jpg 300w, https:\/\/jkdeco.eu\/wp-content\/uploads\/Spalna2-kopia-768x405.jpg 768w, https:\/\/jkdeco.eu\/wp-content\/uploads\/Spalna2-kopia-640x338.jpg 640w, https:\/\/jkdeco.eu\/wp-content\/uploads\/Spalna2-kopia-1200x633.jpg 1200w, https:\/\/jkdeco.eu\/wp-content\/uploads\/Spalna2-kopia.jpg 1239w\" sizes=\"(max-width: 1024px) 100vw, 1024px\" \/><\/figure>\n\n\n\n<figure class=\"wp-block-image size-large\"><img decoding=\"async\" width=\"1024\" height=\"546\" data-id=\"4588\" src=\"https:\/\/jkdeco.eu\/wp-content\/uploads\/Final_pohlad-na-postel-\u2013-k\u00f3pia-1024x546.jpg\" alt=\"\" class=\"wp-image-4588\" srcset=\"https:\/\/jkdeco.eu\/wp-content\/uploads\/Final_pohlad-na-postel-\u2013-k\u00f3pia-1024x546.jpg 1024w, https:\/\/jkdeco.eu\/wp-content\/uploads\/Final_pohlad-na-postel-\u2013-k\u00f3pia-300x160.jpg 300w, https:\/\/jkdeco.eu\/wp-content\/uploads\/Final_pohlad-na-postel-\u2013-k\u00f3pia-768x410.jpg 768w, https:\/\/jkdeco.eu\/wp-content\/uploads\/Final_pohlad-na-postel-\u2013-k\u00f3pia-640x341.jpg 640w, https:\/\/jkdeco.eu\/wp-content\/uploads\/Final_pohlad-na-postel-\u2013-k\u00f3pia-1200x640.jpg 1200w, https:\/\/jkdeco.eu\/wp-content\/uploads\/Final_pohlad-na-postel-\u2013-k\u00f3pia.jpg 1241w\" sizes=\"(max-width: 1024px) 100vw, 1024px\" \/><\/figure>\n\n\n\n<figure class=\"wp-block-image size-large\"><img decoding=\"async\" width=\"1024\" height=\"543\" data-id=\"4589\" src=\"https:\/\/jkdeco.eu\/wp-content\/uploads\/Spalna_pohlad_dnu-\u2013-k\u00f3pia-1024x543.jpg\" alt=\"\" class=\"wp-image-4589\" srcset=\"https:\/\/jkdeco.eu\/wp-content\/uploads\/Spalna_pohlad_dnu-\u2013-k\u00f3pia-1024x543.jpg 1024w, https:\/\/jkdeco.eu\/wp-content\/uploads\/Spalna_pohlad_dnu-\u2013-k\u00f3pia-300x159.jpg 300w, https:\/\/jkdeco.eu\/wp-content\/uploads\/Spalna_pohlad_dnu-\u2013-k\u00f3pia-768x407.jpg 768w, https:\/\/jkdeco.eu\/wp-content\/uploads\/Spalna_pohlad_dnu-\u2013-k\u00f3pia-640x339.jpg 640w, https:\/\/jkdeco.eu\/wp-content\/uploads\/Spalna_pohlad_dnu-\u2013-k\u00f3pia-1200x636.jpg 1200w, https:\/\/jkdeco.eu\/wp-content\/uploads\/Spalna_pohlad_dnu-\u2013-k\u00f3pia.jpg 1237w\" sizes=\"(max-width: 1024px) 100vw, 1024px\" \/><\/figure>\n<\/figure>\n\n\n\n<div style=\"height:100px\" aria-hidden=\"true\" class=\"wp-block-spacer\"><\/div>","protected":false},"excerpt":{"rendered":"<p>Po\u017eiadavka znela, aby sa izba podobala na hotelev\u00fa izbu. Vytvorenie atypov\u00e9ho pracovn\u00e9ho stola namieru s priestorom na ulo\u017eenie bato\u017einy pre \u010dasto cestuj\u00faceho kienta. Vizualiz\u00e1cia sp\u00e1lne v hotelovom preveden\u00ed<\/p>","protected":false},"author":1,"featured_media":0,"parent":530,"menu_order":0,"comment_status":"closed","ping_status":"closed","template":"","meta":{"neve_meta_sidebar":"","neve_meta_container":"","neve_meta_enable_content_width":"","neve_meta_content_width":0,"neve_meta_title_alignment":"","neve_meta_author_avatar":"","neve_post_elements_order":"","neve_meta_disable_header":"","neve_meta_disable_footer":"","neve_meta_disable_title":"","_themeisle_gutenberg_block_has_review":false,"footnotes":""},"class_list":["post-2543","page","type-page","status-publish","hentry"],"aioseo_notices":[],"_links":{"self":[{"href":"https:\/\/jkdeco.eu\/en\/wp-json\/wp\/v2\/pages\/2543","targetHints":{"allow":["GET"]}}],"collection":[{"href":"https:\/\/jkdeco.eu\/en\/wp-json\/wp\/v2\/pages"}],"about":[{"href":"https:\/\/jkdeco.eu\/en\/wp-json\/wp\/v2\/types\/page"}],"author":[{"embeddable":true,"href":"https:\/\/jkdeco.eu\/en\/wp-json\/wp\/v2\/users\/1"}],"replies":[{"embeddable":true,"href":"https:\/\/jkdeco.eu\/en\/wp-json\/wp\/v2\/comments?post=2543"}],"version-history":[{"count":1,"href":"https:\/\/jkdeco.eu\/en\/wp-json\/wp\/v2\/pages\/2543\/revisions"}],"predecessor-version":[{"id":16447,"href":"https:\/\/jkdeco.eu\/en\/wp-json\/wp\/v2\/pages\/2543\/revisions\/16447"}],"up":[{"embeddable":true,"href":"https:\/\/jkdeco.eu\/en\/wp-json\/wp\/v2\/pages\/530"}],"wp:attachment":[{"href":"https:\/\/jkdeco.eu\/en\/wp-json\/wp\/v2\/media?parent=2543"}],"curies":[{"name":"wp","href":"https:\/\/api.w.org\/{rel}","templated":true}]}}