{"id":1579,"date":"2019-12-07T19:12:14","date_gmt":"2019-12-07T18:12:14","guid":{"rendered":"https:\/\/janakadlic.jkdeco.eu\/?page_id=1579"},"modified":"2025-04-02T19:29:48","modified_gmt":"2025-04-02T17:29:48","slug":"apartment-pezinok","status":"publish","type":"page","link":"https:\/\/jkdeco.eu\/en\/interier\/byt-pezinok\/","title":{"rendered":"Redesign of a modern apartment near the vineyards, Pezinok"},"content":{"rendered":"<p class=\"has-text-align-justify\">Redesign of a complete apartment (living room, hallway, children's room, bathroom) based on the visualization of the interior design. Use of the existing sofa and fitting a new one to it. Design of furniture, TV table, atypical wall bookcases, shading, painting. Variable separation of kitchen and dining area. <\/p>\n\n\n\n<figure class=\"wp-block-gallery has-nested-images columns-2 is-cropped wp-block-gallery-1 is-layout-flex wp-block-gallery-is-layout-flex\">\n<figure class=\"wp-block-image size-large\"><a href=\"https:\/\/jkdeco.eu\/wp-content\/uploads\/Pezinok-Sedenie-5.jpg\"><img decoding=\"async\" width=\"336\" height=\"439\" data-id=\"1591\" src=\"https:\/\/jkdeco.eu\/wp-content\/uploads\/Pezinok-Sedenie-5.jpg\" alt=\"\" class=\"wp-image-1591\" srcset=\"https:\/\/jkdeco.eu\/wp-content\/uploads\/Pezinok-Sedenie-5.jpg 336w, https:\/\/jkdeco.eu\/wp-content\/uploads\/Pezinok-Sedenie-5-230x300.jpg 230w\" sizes=\"(max-width: 336px) 100vw, 336px\" \/><\/a><\/figure>\n\n\n\n<figure class=\"wp-block-image size-large\"><a href=\"https:\/\/jkdeco.eu\/wp-content\/uploads\/Byt-Pezinok.jpg\"><img decoding=\"async\" width=\"448\" height=\"298\" data-id=\"1597\" src=\"https:\/\/jkdeco.eu\/wp-content\/uploads\/Byt-Pezinok.jpg\" alt=\"\" class=\"wp-image-1597\" srcset=\"https:\/\/jkdeco.eu\/wp-content\/uploads\/Byt-Pezinok.jpg 448w, https:\/\/jkdeco.eu\/wp-content\/uploads\/Byt-Pezinok-300x200.jpg 300w\" sizes=\"(max-width: 448px) 100vw, 448px\" \/><\/a><\/figure>\n\n\n\n<figure class=\"wp-block-image size-large\"><a href=\"https:\/\/jkdeco.eu\/wp-content\/uploads\/Pezinok-Roh-kopia.jpg\"><img decoding=\"async\" width=\"359\" height=\"295\" data-id=\"1589\" src=\"https:\/\/jkdeco.eu\/wp-content\/uploads\/Pezinok-Roh-kopia.jpg\" alt=\"\" class=\"wp-image-1589\" srcset=\"https:\/\/jkdeco.eu\/wp-content\/uploads\/Pezinok-Roh-kopia.jpg 359w, https:\/\/jkdeco.eu\/wp-content\/uploads\/Pezinok-Roh-kopia-300x247.jpg 300w\" sizes=\"(max-width: 359px) 100vw, 359px\" \/><\/a><\/figure>\n\n\n\n<figure class=\"wp-block-image size-large\"><a href=\"https:\/\/jkdeco.eu\/wp-content\/uploads\/Pezinok-Sedenie-3-scaled.jpg\"><img decoding=\"async\" width=\"1024\" height=\"703\" data-id=\"1603\" src=\"https:\/\/jkdeco.eu\/wp-content\/uploads\/Pezinok-Sedenie-3-1024x703.jpg\" alt=\"\" class=\"wp-image-1603\" srcset=\"https:\/\/jkdeco.eu\/wp-content\/uploads\/Pezinok-Sedenie-3-1024x703.jpg 1024w, https:\/\/jkdeco.eu\/wp-content\/uploads\/Pezinok-Sedenie-3-300x206.jpg 300w, https:\/\/jkdeco.eu\/wp-content\/uploads\/Pezinok-Sedenie-3-768x527.jpg 768w, https:\/\/jkdeco.eu\/wp-content\/uploads\/Pezinok-Sedenie-3-1536x1054.jpg 1536w, https:\/\/jkdeco.eu\/wp-content\/uploads\/Pezinok-Sedenie-3-2048x1406.jpg 2048w, https:\/\/jkdeco.eu\/wp-content\/uploads\/Pezinok-Sedenie-3-640x439.jpg 640w, https:\/\/jkdeco.eu\/wp-content\/uploads\/Pezinok-Sedenie-3-1166x800.jpg 1166w\" sizes=\"(max-width: 1024px) 100vw, 1024px\" \/><\/a><\/figure>\n\n\n\n<figure class=\"wp-block-image size-large\"><a href=\"https:\/\/jkdeco.eu\/wp-content\/uploads\/Pezinok-TV-1.jpg\"><img decoding=\"async\" width=\"448\" height=\"269\" data-id=\"1592\" src=\"https:\/\/jkdeco.eu\/wp-content\/uploads\/Pezinok-TV-1.jpg\" alt=\"\" class=\"wp-image-1592\" srcset=\"https:\/\/jkdeco.eu\/wp-content\/uploads\/Pezinok-TV-1.jpg 448w, https:\/\/jkdeco.eu\/wp-content\/uploads\/Pezinok-TV-1-300x180.jpg 300w\" sizes=\"(max-width: 448px) 100vw, 448px\" \/><\/a><\/figure>\n\n\n\n<figure class=\"wp-block-image size-large\"><a href=\"https:\/\/jkdeco.eu\/wp-content\/uploads\/Pezinok-TV-2.jpg\"><img decoding=\"async\" width=\"448\" height=\"299\" data-id=\"1593\" src=\"https:\/\/jkdeco.eu\/wp-content\/uploads\/Pezinok-TV-2.jpg\" alt=\"\" class=\"wp-image-1593\" srcset=\"https:\/\/jkdeco.eu\/wp-content\/uploads\/Pezinok-TV-2.jpg 448w, https:\/\/jkdeco.eu\/wp-content\/uploads\/Pezinok-TV-2-300x200.jpg 300w\" sizes=\"(max-width: 448px) 100vw, 448px\" \/><\/a><\/figure>\n\n\n\n<figure class=\"wp-block-image size-large\"><a href=\"https:\/\/jkdeco.eu\/wp-content\/uploads\/Pezinok-TV-4.jpg\"><img decoding=\"async\" width=\"448\" height=\"291\" data-id=\"1594\" src=\"https:\/\/jkdeco.eu\/wp-content\/uploads\/Pezinok-TV-4.jpg\" alt=\"\" class=\"wp-image-1594\" srcset=\"https:\/\/jkdeco.eu\/wp-content\/uploads\/Pezinok-TV-4.jpg 448w, https:\/\/jkdeco.eu\/wp-content\/uploads\/Pezinok-TV-4-300x195.jpg 300w\" sizes=\"(max-width: 448px) 100vw, 448px\" \/><\/a><\/figure>\n\n\n\n<figure class=\"wp-block-image size-large\"><a href=\"https:\/\/jkdeco.eu\/wp-content\/uploads\/Pezinok-TV-7.jpg\"><img decoding=\"async\" width=\"299\" height=\"448\" data-id=\"1596\" src=\"https:\/\/jkdeco.eu\/wp-content\/uploads\/Pezinok-TV-7.jpg\" alt=\"\" class=\"wp-image-1596\" srcset=\"https:\/\/jkdeco.eu\/wp-content\/uploads\/Pezinok-TV-7.jpg 299w, https:\/\/jkdeco.eu\/wp-content\/uploads\/Pezinok-TV-7-200x300.jpg 200w\" sizes=\"(max-width: 299px) 100vw, 299px\" \/><\/a><\/figure>\n\n\n\n<figure class=\"wp-block-image size-large\"><a href=\"https:\/\/jkdeco.eu\/wp-content\/uploads\/Pezinok-Nabytok-5.jpg\"><img decoding=\"async\" width=\"448\" height=\"299\" data-id=\"1587\" src=\"https:\/\/jkdeco.eu\/wp-content\/uploads\/Pezinok-Nabytok-5.jpg\" alt=\"\" class=\"wp-image-1587\" srcset=\"https:\/\/jkdeco.eu\/wp-content\/uploads\/Pezinok-Nabytok-5.jpg 448w, https:\/\/jkdeco.eu\/wp-content\/uploads\/Pezinok-Nabytok-5-300x200.jpg 300w\" sizes=\"(max-width: 448px) 100vw, 448px\" \/><\/a><\/figure>\n\n\n\n<figure class=\"wp-block-image size-large\"><a href=\"https:\/\/jkdeco.eu\/wp-content\/uploads\/Pezinok-Nabytok-1.jpg\"><img decoding=\"async\" width=\"448\" height=\"299\" data-id=\"1586\" src=\"https:\/\/jkdeco.eu\/wp-content\/uploads\/Pezinok-Nabytok-1.jpg\" alt=\"\" class=\"wp-image-1586\" srcset=\"https:\/\/jkdeco.eu\/wp-content\/uploads\/Pezinok-Nabytok-1.jpg 448w, https:\/\/jkdeco.eu\/wp-content\/uploads\/Pezinok-Nabytok-1-300x200.jpg 300w\" sizes=\"(max-width: 448px) 100vw, 448px\" \/><\/a><\/figure>\n\n\n\n<figure class=\"wp-block-image size-large\"><a href=\"https:\/\/jkdeco.eu\/wp-content\/uploads\/L3-scaled.jpg\"><img decoding=\"async\" width=\"1024\" height=\"683\" data-id=\"1601\" src=\"https:\/\/jkdeco.eu\/wp-content\/uploads\/L3-1024x683.jpg\" alt=\"\" class=\"wp-image-1601\" srcset=\"https:\/\/jkdeco.eu\/wp-content\/uploads\/L3-1024x683.jpg 1024w, https:\/\/jkdeco.eu\/wp-content\/uploads\/L3-300x200.jpg 300w, https:\/\/jkdeco.eu\/wp-content\/uploads\/L3-768x512.jpg 768w, https:\/\/jkdeco.eu\/wp-content\/uploads\/L3-1536x1024.jpg 1536w, https:\/\/jkdeco.eu\/wp-content\/uploads\/L3-2048x1365.jpg 2048w, https:\/\/jkdeco.eu\/wp-content\/uploads\/L3-640x427.jpg 640w, https:\/\/jkdeco.eu\/wp-content\/uploads\/L3-1200x800.jpg 1200w\" sizes=\"(max-width: 1024px) 100vw, 1024px\" \/><\/a><\/figure>\n\n\n\n<figure class=\"wp-block-image size-large\"><a href=\"https:\/\/jkdeco.eu\/wp-content\/uploads\/Pezinok-TV-6.jpg\"><img decoding=\"async\" width=\"336\" height=\"442\" data-id=\"1595\" src=\"https:\/\/jkdeco.eu\/wp-content\/uploads\/Pezinok-TV-6.jpg\" alt=\"\" class=\"wp-image-1595\" srcset=\"https:\/\/jkdeco.eu\/wp-content\/uploads\/Pezinok-TV-6.jpg 336w, https:\/\/jkdeco.eu\/wp-content\/uploads\/Pezinok-TV-6-228x300.jpg 228w\" sizes=\"(max-width: 336px) 100vw, 336px\" \/><\/a><\/figure>\n\n\n\n<figure class=\"wp-block-image size-large\"><a href=\"https:\/\/jkdeco.eu\/wp-content\/uploads\/Pezinok-Jedalen-1.jpg\"><img decoding=\"async\" width=\"299\" height=\"448\" data-id=\"1584\" src=\"https:\/\/jkdeco.eu\/wp-content\/uploads\/Pezinok-Jedalen-1.jpg\" alt=\"\" class=\"wp-image-1584\" srcset=\"https:\/\/jkdeco.eu\/wp-content\/uploads\/Pezinok-Jedalen-1.jpg 299w, https:\/\/jkdeco.eu\/wp-content\/uploads\/Pezinok-Jedalen-1-200x300.jpg 200w\" sizes=\"(max-width: 299px) 100vw, 299px\" \/><\/a><\/figure>\n\n\n\n<figure class=\"wp-block-image size-large\"><a href=\"https:\/\/jkdeco.eu\/wp-content\/uploads\/Pezinok-Jedalen-2.jpg\"><img decoding=\"async\" width=\"299\" height=\"448\" data-id=\"1585\" src=\"https:\/\/jkdeco.eu\/wp-content\/uploads\/Pezinok-Jedalen-2.jpg\" alt=\"\" class=\"wp-image-1585\" srcset=\"https:\/\/jkdeco.eu\/wp-content\/uploads\/Pezinok-Jedalen-2.jpg 299w, https:\/\/jkdeco.eu\/wp-content\/uploads\/Pezinok-Jedalen-2-200x300.jpg 200w\" sizes=\"(max-width: 299px) 100vw, 299px\" \/><\/a><\/figure>\n\n\n\n<figure class=\"wp-block-image size-large\"><a href=\"https:\/\/jkdeco.eu\/wp-content\/uploads\/Pezinok-Roh-1.jpg\"><img decoding=\"async\" width=\"448\" height=\"299\" data-id=\"1588\" src=\"https:\/\/jkdeco.eu\/wp-content\/uploads\/Pezinok-Roh-1.jpg\" alt=\"\" class=\"wp-image-1588\" srcset=\"https:\/\/jkdeco.eu\/wp-content\/uploads\/Pezinok-Roh-1.jpg 448w, https:\/\/jkdeco.eu\/wp-content\/uploads\/Pezinok-Roh-1-300x200.jpg 300w\" sizes=\"(max-width: 448px) 100vw, 448px\" \/><\/a><\/figure>\n\n\n\n<figure class=\"wp-block-image size-large\"><a href=\"https:\/\/jkdeco.eu\/wp-content\/uploads\/Pezinok-Roh.jpg\"><img decoding=\"async\" width=\"448\" height=\"295\" data-id=\"1590\" src=\"https:\/\/jkdeco.eu\/wp-content\/uploads\/Pezinok-Roh.jpg\" alt=\"\" class=\"wp-image-1590\" srcset=\"https:\/\/jkdeco.eu\/wp-content\/uploads\/Pezinok-Roh.jpg 448w, https:\/\/jkdeco.eu\/wp-content\/uploads\/Pezinok-Roh-300x198.jpg 300w\" sizes=\"(max-width: 448px) 100vw, 448px\" \/><\/a><\/figure>\n<\/figure>\n\n\n\n<div style=\"height:100px\" aria-hidden=\"true\" class=\"wp-block-spacer\"><\/div>\n\n\n\n<h2 class=\"wp-block-heading\">Before<\/h2>\n\n\n\n<figure class=\"wp-block-image size-full\"><img decoding=\"async\" width=\"358\" height=\"446\" src=\"https:\/\/jkdeco.eu\/wp-content\/uploads\/lgh-025-kopia-1.jpg\" alt=\"basic interior condition, Pezinok\" class=\"wp-image-4090\" srcset=\"https:\/\/jkdeco.eu\/wp-content\/uploads\/lgh-025-kopia-1.jpg 358w, https:\/\/jkdeco.eu\/wp-content\/uploads\/lgh-025-kopia-1-241x300.jpg 241w\" sizes=\"(max-width: 358px) 100vw, 358px\" \/><\/figure>\n\n\n\n<div style=\"height:100px\" aria-hidden=\"true\" class=\"wp-block-spacer\"><\/div>\n\n\n\n<h2 class=\"wp-block-heading\" id=\"vizualizacia-obyvacky-pezinok\">Visualisation of the living room<\/h2>\n\n\n\n<figure class=\"wp-block-gallery has-nested-images columns-default is-cropped wp-block-gallery-2 is-layout-flex wp-block-gallery-is-layout-flex\">\n<figure class=\"wp-block-image size-large\"><img decoding=\"async\" width=\"1231\" height=\"610\" data-id=\"2814\" src=\"https:\/\/jkdeco.eu\/wp-content\/uploads\/Obyvacka-B-Pezinok.jpg\" alt=\"living room design in brown and vanilla colours - jkdeco\" class=\"wp-image-2814\" srcset=\"https:\/\/jkdeco.eu\/wp-content\/uploads\/Obyvacka-B-Pezinok.jpg 1231w, https:\/\/jkdeco.eu\/wp-content\/uploads\/Obyvacka-B-Pezinok-300x149.jpg 300w, https:\/\/jkdeco.eu\/wp-content\/uploads\/Obyvacka-B-Pezinok-1024x507.jpg 1024w, https:\/\/jkdeco.eu\/wp-content\/uploads\/Obyvacka-B-Pezinok-768x381.jpg 768w, https:\/\/jkdeco.eu\/wp-content\/uploads\/Obyvacka-B-Pezinok-640x317.jpg 640w, https:\/\/jkdeco.eu\/wp-content\/uploads\/Obyvacka-B-Pezinok-1200x595.jpg 1200w\" sizes=\"(max-width: 1231px) 100vw, 1231px\" \/><\/figure>\n\n\n\n<figure class=\"wp-block-image size-large\"><img decoding=\"async\" width=\"1231\" height=\"610\" data-id=\"2815\" src=\"https:\/\/jkdeco.eu\/wp-content\/uploads\/Obyvacka-C-Pezinok.jpg\" alt=\"living room design in golden green and brown colours - jana kadlicova\" class=\"wp-image-2815\" srcset=\"https:\/\/jkdeco.eu\/wp-content\/uploads\/Obyvacka-C-Pezinok.jpg 1231w, https:\/\/jkdeco.eu\/wp-content\/uploads\/Obyvacka-C-Pezinok-300x149.jpg 300w, https:\/\/jkdeco.eu\/wp-content\/uploads\/Obyvacka-C-Pezinok-1024x507.jpg 1024w, https:\/\/jkdeco.eu\/wp-content\/uploads\/Obyvacka-C-Pezinok-768x381.jpg 768w, https:\/\/jkdeco.eu\/wp-content\/uploads\/Obyvacka-C-Pezinok-640x317.jpg 640w, https:\/\/jkdeco.eu\/wp-content\/uploads\/Obyvacka-C-Pezinok-1200x595.jpg 1200w\" sizes=\"(max-width: 1231px) 100vw, 1231px\" \/><\/figure>\n\n\n\n<figure class=\"wp-block-image size-large\"><img decoding=\"async\" width=\"640\" height=\"317\" data-id=\"2816\" src=\"https:\/\/jkdeco.eu\/wp-content\/uploads\/Obyvacka-Pezinok-C-zhora.jpg\" alt=\"living room design in brown green vanilla colours\" class=\"wp-image-2816\" srcset=\"https:\/\/jkdeco.eu\/wp-content\/uploads\/Obyvacka-Pezinok-C-zhora.jpg 640w, https:\/\/jkdeco.eu\/wp-content\/uploads\/Obyvacka-Pezinok-C-zhora-300x149.jpg 300w\" sizes=\"(max-width: 640px) 100vw, 640px\" \/><\/figure>\n\n\n\n<figure class=\"wp-block-image size-large\"><img decoding=\"async\" width=\"1231\" height=\"610\" data-id=\"2813\" src=\"https:\/\/jkdeco.eu\/wp-content\/uploads\/Obyvacka-A-Pezinok.jpg\" alt=\"view of the interior of the apartment from above\" class=\"wp-image-2813\" srcset=\"https:\/\/jkdeco.eu\/wp-content\/uploads\/Obyvacka-A-Pezinok.jpg 1231w, https:\/\/jkdeco.eu\/wp-content\/uploads\/Obyvacka-A-Pezinok-300x149.jpg 300w, https:\/\/jkdeco.eu\/wp-content\/uploads\/Obyvacka-A-Pezinok-1024x507.jpg 1024w, https:\/\/jkdeco.eu\/wp-content\/uploads\/Obyvacka-A-Pezinok-768x381.jpg 768w, https:\/\/jkdeco.eu\/wp-content\/uploads\/Obyvacka-A-Pezinok-640x317.jpg 640w, https:\/\/jkdeco.eu\/wp-content\/uploads\/Obyvacka-A-Pezinok-1200x595.jpg 1200w\" sizes=\"(max-width: 1231px) 100vw, 1231px\" \/><\/figure>\n<\/figure>\n\n\n\n<div style=\"height:100px\" aria-hidden=\"true\" class=\"wp-block-spacer\"><\/div>\n\n\n\n<h2 class=\"wp-block-heading\" id=\"detska-izba-pezinok\">Visualization of the children's room<\/h2>\n\n\n\n<figure class=\"wp-block-image size-large\"><img decoding=\"async\" width=\"1024\" height=\"520\" src=\"https:\/\/jkdeco.eu\/wp-content\/uploads\/Detska-izba-B-Pezinok-1024x520.jpg\" alt=\"design of a children&#039;s room in rizovo\" class=\"wp-image-3056\" srcset=\"https:\/\/jkdeco.eu\/wp-content\/uploads\/Detska-izba-B-Pezinok-1024x520.jpg 1024w, https:\/\/jkdeco.eu\/wp-content\/uploads\/Detska-izba-B-Pezinok-300x152.jpg 300w, https:\/\/jkdeco.eu\/wp-content\/uploads\/Detska-izba-B-Pezinok-768x390.jpg 768w, https:\/\/jkdeco.eu\/wp-content\/uploads\/Detska-izba-B-Pezinok-640x325.jpg 640w, https:\/\/jkdeco.eu\/wp-content\/uploads\/Detska-izba-B-Pezinok-1200x609.jpg 1200w, https:\/\/jkdeco.eu\/wp-content\/uploads\/Detska-izba-B-Pezinok.jpg 1202w\" sizes=\"(max-width: 1024px) 100vw, 1024px\" \/><\/figure>\n\n\n\n<div style=\"height:100px\" aria-hidden=\"true\" class=\"wp-block-spacer\"><\/div>\n\n\n\n<h2 class=\"wp-block-heading\" id=\"chodba-pezinok\">Corridor<\/h2>\n\n\n\n<figure class=\"wp-block-gallery has-nested-images columns-default is-cropped wp-block-gallery-3 is-layout-flex wp-block-gallery-is-layout-flex\">\n<figure class=\"wp-block-image size-large\"><a href=\"https:\/\/jkdeco.eu\/wp-content\/uploads\/Chodba-Pezinok.jpg\"><img decoding=\"async\" width=\"1024\" height=\"520\" data-id=\"3062\" src=\"https:\/\/jkdeco.eu\/wp-content\/uploads\/Chodba-Pezinok-1024x520.jpg\" alt=\"\" class=\"wp-image-3062\" srcset=\"https:\/\/jkdeco.eu\/wp-content\/uploads\/Chodba-Pezinok-1024x520.jpg 1024w, https:\/\/jkdeco.eu\/wp-content\/uploads\/Chodba-Pezinok-300x152.jpg 300w, https:\/\/jkdeco.eu\/wp-content\/uploads\/Chodba-Pezinok-768x390.jpg 768w, https:\/\/jkdeco.eu\/wp-content\/uploads\/Chodba-Pezinok-640x325.jpg 640w, https:\/\/jkdeco.eu\/wp-content\/uploads\/Chodba-Pezinok-1200x609.jpg 1200w, https:\/\/jkdeco.eu\/wp-content\/uploads\/Chodba-Pezinok.jpg 1202w\" sizes=\"(max-width: 1024px) 100vw, 1024px\" \/><\/a><\/figure>\n\n\n\n<figure class=\"wp-block-image size-large\"><a href=\"https:\/\/jkdeco.eu\/wp-content\/uploads\/P1000201.jpg\"><img decoding=\"async\" width=\"463\" height=\"640\" data-id=\"1583\" src=\"https:\/\/jkdeco.eu\/wp-content\/uploads\/P1000201.jpg\" alt=\"\" class=\"wp-image-1583\" srcset=\"https:\/\/jkdeco.eu\/wp-content\/uploads\/P1000201.jpg 463w, https:\/\/jkdeco.eu\/wp-content\/uploads\/P1000201-217x300.jpg 217w\" sizes=\"(max-width: 463px) 100vw, 463px\" \/><\/a><\/figure>\n<\/figure>\n\n\n\n<div class=\"wp-block-group\"><div class=\"wp-block-group__inner-container is-layout-flow wp-block-group-is-layout-flow\">\n<div style=\"height:100px\" aria-hidden=\"true\" class=\"wp-block-spacer\"><\/div>\n\n\n\n<h2 class=\"wp-block-heading\" id=\"vesela-kupelna-pezinok\">Cheerful bathroom<\/h2>\n\n\n\n<p>A cheerful bathroom design for the delight of children and maybe even adults. <\/p>\n<\/div><\/div>\n\n\n\n<div class=\"wp-block-group\"><div class=\"wp-block-group__inner-container is-layout-flow wp-block-group-is-layout-flow\">\n<figure class=\"wp-block-gallery has-nested-images columns-default is-cropped wp-block-gallery-4 is-layout-flex wp-block-gallery-is-layout-flex\">\n<figure class=\"wp-block-image size-large\"><a href=\"https:\/\/jkdeco.eu\/wp-content\/uploads\/hotova-kupelna-a-zachod-012.jpg\"><img decoding=\"async\" width=\"480\" height=\"599\" data-id=\"1582\" src=\"https:\/\/jkdeco.eu\/wp-content\/uploads\/hotova-kupelna-a-zachod-012.jpg\" alt=\"cheerful bath mats for the bathroom\" class=\"wp-image-1582\" srcset=\"https:\/\/jkdeco.eu\/wp-content\/uploads\/hotova-kupelna-a-zachod-012.jpg 480w, https:\/\/jkdeco.eu\/wp-content\/uploads\/hotova-kupelna-a-zachod-012-240x300.jpg 240w\" sizes=\"(max-width: 480px) 100vw, 480px\" \/><\/a><\/figure>\n\n\n\n<figure class=\"wp-block-image size-large\"><a href=\"https:\/\/jkdeco.eu\/wp-content\/uploads\/hotova-kupelna-a-zachod-005-kopia.jpg\"><img decoding=\"async\" width=\"370\" height=\"640\" data-id=\"1580\" src=\"https:\/\/jkdeco.eu\/wp-content\/uploads\/hotova-kupelna-a-zachod-005-kopia.jpg\" alt=\"design of red tile with mosaic in the bathroom\" class=\"wp-image-1580\" srcset=\"https:\/\/jkdeco.eu\/wp-content\/uploads\/hotova-kupelna-a-zachod-005-kopia.jpg 370w, https:\/\/jkdeco.eu\/wp-content\/uploads\/hotova-kupelna-a-zachod-005-kopia-173x300.jpg 173w\" sizes=\"(max-width: 370px) 100vw, 370px\" \/><\/a><\/figure>\n\n\n\n<figure class=\"wp-block-image size-large\"><a href=\"https:\/\/jkdeco.eu\/wp-content\/uploads\/hotova-kupelna-a-zachod-011.jpg\"><img decoding=\"async\" width=\"640\" height=\"417\" data-id=\"1581\" src=\"https:\/\/jkdeco.eu\/wp-content\/uploads\/hotova-kupelna-a-zachod-011.jpg\" alt=\"green tiles in the bathroom\" class=\"wp-image-1581\" srcset=\"https:\/\/jkdeco.eu\/wp-content\/uploads\/hotova-kupelna-a-zachod-011.jpg 640w, https:\/\/jkdeco.eu\/wp-content\/uploads\/hotova-kupelna-a-zachod-011-300x195.jpg 300w\" sizes=\"(max-width: 640px) 100vw, 640px\" \/><\/a><\/figure>\n<\/figure>\n<\/div><\/div>\n\n\n\n<div style=\"height:100px\" aria-hidden=\"true\" class=\"wp-block-spacer\"><\/div>\n\n\n\n<h2 class=\"wp-block-heading\" id=\"vizualizacia-kupelne-pezinok\">Visualization of the bathroom<\/h2>\n\n\n\n<figure class=\"wp-block-gallery has-nested-images columns-1 is-cropped wp-block-gallery-5 is-layout-flex wp-block-gallery-is-layout-flex\">\n<figure class=\"wp-block-image size-large\"><img decoding=\"async\" width=\"1270\" height=\"598\" data-id=\"2820\" src=\"https:\/\/jkdeco.eu\/wp-content\/uploads\/Pezinok-kupelna.jpg\" alt=\"bathroom design in cheerful colours\" class=\"wp-image-2820\" srcset=\"https:\/\/jkdeco.eu\/wp-content\/uploads\/Pezinok-kupelna.jpg 1270w, https:\/\/jkdeco.eu\/wp-content\/uploads\/Pezinok-kupelna-300x141.jpg 300w, https:\/\/jkdeco.eu\/wp-content\/uploads\/Pezinok-kupelna-1024x482.jpg 1024w, https:\/\/jkdeco.eu\/wp-content\/uploads\/Pezinok-kupelna-768x362.jpg 768w, https:\/\/jkdeco.eu\/wp-content\/uploads\/Pezinok-kupelna-640x301.jpg 640w, https:\/\/jkdeco.eu\/wp-content\/uploads\/Pezinok-kupelna-1200x565.jpg 1200w\" sizes=\"(max-width: 1270px) 100vw, 1270px\" \/><\/figure>\n\n\n\n<figure class=\"wp-block-image size-large\"><img decoding=\"async\" width=\"1271\" height=\"582\" data-id=\"2817\" src=\"https:\/\/jkdeco.eu\/wp-content\/uploads\/Pezinok-Kupelna-B.jpg\" alt=\"visualization of a cheerful bathroom\" class=\"wp-image-2817\" srcset=\"https:\/\/jkdeco.eu\/wp-content\/uploads\/Pezinok-Kupelna-B.jpg 1271w, https:\/\/jkdeco.eu\/wp-content\/uploads\/Pezinok-Kupelna-B-300x137.jpg 300w, https:\/\/jkdeco.eu\/wp-content\/uploads\/Pezinok-Kupelna-B-1024x469.jpg 1024w, https:\/\/jkdeco.eu\/wp-content\/uploads\/Pezinok-Kupelna-B-768x352.jpg 768w, https:\/\/jkdeco.eu\/wp-content\/uploads\/Pezinok-Kupelna-B-640x293.jpg 640w, https:\/\/jkdeco.eu\/wp-content\/uploads\/Pezinok-Kupelna-B-1200x549.jpg 1200w\" sizes=\"(max-width: 1271px) 100vw, 1271px\" \/><\/figure>\n\n\n\n<figure class=\"wp-block-image size-large\"><img decoding=\"async\" width=\"1287\" height=\"598\" data-id=\"2818\" src=\"https:\/\/jkdeco.eu\/wp-content\/uploads\/Pezinok-Kupelna-C.jpg\" alt=\"design of a cheerful bathroom\" class=\"wp-image-2818\" srcset=\"https:\/\/jkdeco.eu\/wp-content\/uploads\/Pezinok-Kupelna-C.jpg 1287w, https:\/\/jkdeco.eu\/wp-content\/uploads\/Pezinok-Kupelna-C-300x139.jpg 300w, https:\/\/jkdeco.eu\/wp-content\/uploads\/Pezinok-Kupelna-C-1024x476.jpg 1024w, https:\/\/jkdeco.eu\/wp-content\/uploads\/Pezinok-Kupelna-C-768x357.jpg 768w, https:\/\/jkdeco.eu\/wp-content\/uploads\/Pezinok-Kupelna-C-640x297.jpg 640w, https:\/\/jkdeco.eu\/wp-content\/uploads\/Pezinok-Kupelna-C-1200x558.jpg 1200w\" sizes=\"(max-width: 1287px) 100vw, 1287px\" \/><\/figure>\n\n\n\n<figure class=\"wp-block-image size-large\"><img decoding=\"async\" width=\"1287\" height=\"598\" data-id=\"2819\" src=\"https:\/\/jkdeco.eu\/wp-content\/uploads\/Pezinok-Kupelna-nautral.jpg\" alt=\"Bathroom design with stone wall - jana kadlicova\" class=\"wp-image-2819\" srcset=\"https:\/\/jkdeco.eu\/wp-content\/uploads\/Pezinok-Kupelna-nautral.jpg 1287w, https:\/\/jkdeco.eu\/wp-content\/uploads\/Pezinok-Kupelna-nautral-300x139.jpg 300w, https:\/\/jkdeco.eu\/wp-content\/uploads\/Pezinok-Kupelna-nautral-1024x476.jpg 1024w, https:\/\/jkdeco.eu\/wp-content\/uploads\/Pezinok-Kupelna-nautral-768x357.jpg 768w, https:\/\/jkdeco.eu\/wp-content\/uploads\/Pezinok-Kupelna-nautral-640x297.jpg 640w, https:\/\/jkdeco.eu\/wp-content\/uploads\/Pezinok-Kupelna-nautral-1200x558.jpg 1200w\" sizes=\"(max-width: 1287px) 100vw, 1287px\" \/><\/figure>\n<\/figure>\n\n\n\n<div style=\"height:100px\" aria-hidden=\"true\" class=\"wp-block-spacer\"><\/div>","protected":false},"excerpt":{"rendered":"<p>Redizajn kompletn\u00e9ho bytu (ob\u00fdva\u010dka, chodba, detsk\u00e1 izba, k\u00fapel\u0148a) na z\u00e1klade vizualiz\u00e1cie n\u00e1vrhu interi\u00e9ru. Vyu\u017eitie st\u00e1vaj\u00facej seda\u010dky a k nej pasovanie novej. N\u00e1vrh dizajnu n\u00e1bytku, TV stol\u00edka, atypick\u00fdch kni\u017en\u00edc na stenu, tienenia, ma\u013eby. variabiln\u00e9 oddelenie kuchyne a jed\u00e1lenskej \u010dasti. Pred Vizualiz\u00e1cia ob\u00fdva\u010dky Vizualiz\u00e1cia detskej izby Chodba Vesel\u00e1 k\u00fape\u013e\u0148a N\u00e1vrh veselej k\u00fape\u013ene pre pote\u0161enie det\u00ed a mo\u017eno&hellip;&nbsp;<a href=\"https:\/\/jkdeco.eu\/en\/interier\/byt-pezinok\/\" rel=\"bookmark\">Read More &raquo;<span class=\"screen-reader-text\">Redesign of a modern apartment near the vineyards, Pezinok<\/span><\/a><\/p>","protected":false},"author":1,"featured_media":0,"parent":530,"menu_order":0,"comment_status":"closed","ping_status":"closed","template":"","meta":{"neve_meta_sidebar":"","neve_meta_container":"","neve_meta_enable_content_width":"","neve_meta_content_width":0,"neve_meta_title_alignment":"","neve_meta_author_avatar":"","neve_post_elements_order":"","neve_meta_disable_header":"","neve_meta_disable_footer":"","neve_meta_disable_title":"","_themeisle_gutenberg_block_has_review":false,"footnotes":""},"class_list":["post-1579","page","type-page","status-publish","hentry"],"aioseo_notices":[],"_links":{"self":[{"href":"https:\/\/jkdeco.eu\/en\/wp-json\/wp\/v2\/pages\/1579","targetHints":{"allow":["GET"]}}],"collection":[{"href":"https:\/\/jkdeco.eu\/en\/wp-json\/wp\/v2\/pages"}],"about":[{"href":"https:\/\/jkdeco.eu\/en\/wp-json\/wp\/v2\/types\/page"}],"author":[{"embeddable":true,"href":"https:\/\/jkdeco.eu\/en\/wp-json\/wp\/v2\/users\/1"}],"replies":[{"embeddable":true,"href":"https:\/\/jkdeco.eu\/en\/wp-json\/wp\/v2\/comments?post=1579"}],"version-history":[{"count":1,"href":"https:\/\/jkdeco.eu\/en\/wp-json\/wp\/v2\/pages\/1579\/revisions"}],"predecessor-version":[{"id":16442,"href":"https:\/\/jkdeco.eu\/en\/wp-json\/wp\/v2\/pages\/1579\/revisions\/16442"}],"up":[{"embeddable":true,"href":"https:\/\/jkdeco.eu\/en\/wp-json\/wp\/v2\/pages\/530"}],"wp:attachment":[{"href":"https:\/\/jkdeco.eu\/en\/wp-json\/wp\/v2\/media?parent=1579"}],"curies":[{"name":"wp","href":"https:\/\/api.w.org\/{rel}","templated":true}]}}