{"id":1103,"date":"2019-12-02T16:41:17","date_gmt":"2019-12-02T15:41:17","guid":{"rendered":"https:\/\/janakadlic.jkdeco.eu\/?page_id=1103"},"modified":"2025-04-02T19:22:10","modified_gmt":"2025-04-02T17:22:10","slug":"interior-of-the-apartment-koliba-bratislava","status":"publish","type":"page","link":"https:\/\/jkdeco.eu\/en\/interier\/interier-bytu-koliba-bratislava\/","title":{"rendered":"Nice living in Bratislava Koliba with a view, Minergo"},"content":{"rendered":"<p class=\"has-text-align-justify\">Interior design by consulting and purchasing assistance. This investment apartment has been furnished purposefully, aesthetically and neutrally and pleasantly enough to impress with its clean tuning, and to exploit the potential of a good address overlooking Bratislava. The apartment was rented immediately after it was furnished - while one prospective tenant started his inspection by going through the garage, the other was already upstairs in the apartment signing the lease.<\/p>\n\n\n\n<figure class=\"wp-block-gallery has-nested-images columns-1 is-cropped wp-block-gallery-1 is-layout-flex wp-block-gallery-is-layout-flex\">\n<figure class=\"wp-block-image size-large\"><img decoding=\"async\" width=\"576\" height=\"1024\" data-id=\"4924\" src=\"https:\/\/jkdeco.eu\/wp-content\/uploads\/P1310055-576x1024.jpg\" alt=\"\" class=\"wp-image-4924\" srcset=\"https:\/\/jkdeco.eu\/wp-content\/uploads\/P1310055-576x1024.jpg 576w, https:\/\/jkdeco.eu\/wp-content\/uploads\/P1310055-169x300.jpg 169w, https:\/\/jkdeco.eu\/wp-content\/uploads\/P1310055-768x1365.jpg 768w, https:\/\/jkdeco.eu\/wp-content\/uploads\/P1310055-864x1536.jpg 864w, https:\/\/jkdeco.eu\/wp-content\/uploads\/P1310055-1152x2048.jpg 1152w, https:\/\/jkdeco.eu\/wp-content\/uploads\/P1310055-640x1138.jpg 640w, https:\/\/jkdeco.eu\/wp-content\/uploads\/P1310055-450x800.jpg 450w, https:\/\/jkdeco.eu\/wp-content\/uploads\/P1310055-scaled.jpg 1440w\" sizes=\"(max-width: 576px) 100vw, 576px\" \/><\/figure>\n\n\n\n<figure class=\"wp-block-image size-large\"><img decoding=\"async\" width=\"576\" height=\"1024\" data-id=\"1112\" src=\"https:\/\/jkdeco.eu\/wp-content\/uploads\/P1310071-576x1024.jpg\" alt=\"\" class=\"wp-image-1112\" srcset=\"https:\/\/jkdeco.eu\/wp-content\/uploads\/P1310071-576x1024.jpg 576w, https:\/\/jkdeco.eu\/wp-content\/uploads\/P1310071-169x300.jpg 169w, https:\/\/jkdeco.eu\/wp-content\/uploads\/P1310071-768x1365.jpg 768w, https:\/\/jkdeco.eu\/wp-content\/uploads\/P1310071-864x1536.jpg 864w, https:\/\/jkdeco.eu\/wp-content\/uploads\/P1310071-1152x2048.jpg 1152w, https:\/\/jkdeco.eu\/wp-content\/uploads\/P1310071-640x1138.jpg 640w, https:\/\/jkdeco.eu\/wp-content\/uploads\/P1310071-450x800.jpg 450w, https:\/\/jkdeco.eu\/wp-content\/uploads\/P1310071-scaled.jpg 1440w\" sizes=\"(max-width: 576px) 100vw, 576px\" \/><\/figure>\n\n\n\n<figure class=\"wp-block-image size-large\"><img decoding=\"async\" width=\"576\" height=\"1024\" data-id=\"1111\" src=\"https:\/\/jkdeco.eu\/wp-content\/uploads\/P1310065-576x1024.jpg\" alt=\"\" class=\"wp-image-1111\" srcset=\"https:\/\/jkdeco.eu\/wp-content\/uploads\/P1310065-576x1024.jpg 576w, https:\/\/jkdeco.eu\/wp-content\/uploads\/P1310065-169x300.jpg 169w, https:\/\/jkdeco.eu\/wp-content\/uploads\/P1310065-768x1365.jpg 768w, https:\/\/jkdeco.eu\/wp-content\/uploads\/P1310065-864x1536.jpg 864w, https:\/\/jkdeco.eu\/wp-content\/uploads\/P1310065-1152x2048.jpg 1152w, https:\/\/jkdeco.eu\/wp-content\/uploads\/P1310065-640x1138.jpg 640w, https:\/\/jkdeco.eu\/wp-content\/uploads\/P1310065-450x800.jpg 450w, https:\/\/jkdeco.eu\/wp-content\/uploads\/P1310065-scaled.jpg 1440w\" sizes=\"(max-width: 576px) 100vw, 576px\" \/><\/figure>\n\n\n\n<figure class=\"wp-block-image size-large\"><img decoding=\"async\" width=\"1024\" height=\"576\" data-id=\"1110\" src=\"https:\/\/jkdeco.eu\/wp-content\/uploads\/P1310060-1024x576.jpg\" alt=\"\" class=\"wp-image-1110\" srcset=\"https:\/\/jkdeco.eu\/wp-content\/uploads\/P1310060-1024x576.jpg 1024w, https:\/\/jkdeco.eu\/wp-content\/uploads\/P1310060-300x169.jpg 300w, https:\/\/jkdeco.eu\/wp-content\/uploads\/P1310060-768x432.jpg 768w, https:\/\/jkdeco.eu\/wp-content\/uploads\/P1310060-1536x864.jpg 1536w, https:\/\/jkdeco.eu\/wp-content\/uploads\/P1310060-2048x1152.jpg 2048w, https:\/\/jkdeco.eu\/wp-content\/uploads\/P1310060-640x360.jpg 640w, https:\/\/jkdeco.eu\/wp-content\/uploads\/P1310060-1200x675.jpg 1200w\" sizes=\"(max-width: 1024px) 100vw, 1024px\" \/><\/figure>\n\n\n\n<figure class=\"wp-block-image size-large\"><img decoding=\"async\" width=\"1024\" height=\"576\" data-id=\"1109\" src=\"https:\/\/jkdeco.eu\/wp-content\/uploads\/P1310057-1024x576.jpg\" alt=\"\" class=\"wp-image-1109\" srcset=\"https:\/\/jkdeco.eu\/wp-content\/uploads\/P1310057-1024x576.jpg 1024w, https:\/\/jkdeco.eu\/wp-content\/uploads\/P1310057-300x169.jpg 300w, https:\/\/jkdeco.eu\/wp-content\/uploads\/P1310057-768x432.jpg 768w, https:\/\/jkdeco.eu\/wp-content\/uploads\/P1310057-1536x864.jpg 1536w, https:\/\/jkdeco.eu\/wp-content\/uploads\/P1310057-2048x1152.jpg 2048w, https:\/\/jkdeco.eu\/wp-content\/uploads\/P1310057-640x360.jpg 640w, https:\/\/jkdeco.eu\/wp-content\/uploads\/P1310057-1200x675.jpg 1200w\" sizes=\"(max-width: 1024px) 100vw, 1024px\" \/><\/figure>\n\n\n\n<figure class=\"wp-block-image size-large\"><img decoding=\"async\" width=\"592\" height=\"1024\" data-id=\"1113\" src=\"https:\/\/jkdeco.eu\/wp-content\/uploads\/P1310076-592x1024.jpg\" alt=\"\" class=\"wp-image-1113\" srcset=\"https:\/\/jkdeco.eu\/wp-content\/uploads\/P1310076-592x1024.jpg 592w, https:\/\/jkdeco.eu\/wp-content\/uploads\/P1310076-173x300.jpg 173w, https:\/\/jkdeco.eu\/wp-content\/uploads\/P1310076-768x1329.jpg 768w, https:\/\/jkdeco.eu\/wp-content\/uploads\/P1310076-888x1536.jpg 888w, https:\/\/jkdeco.eu\/wp-content\/uploads\/P1310076-1184x2048.jpg 1184w, https:\/\/jkdeco.eu\/wp-content\/uploads\/P1310076-640x1107.jpg 640w, https:\/\/jkdeco.eu\/wp-content\/uploads\/P1310076-462x800.jpg 462w, https:\/\/jkdeco.eu\/wp-content\/uploads\/P1310076-scaled.jpg 1479w\" sizes=\"(max-width: 592px) 100vw, 592px\" \/><\/figure>\n\n\n\n<figure class=\"wp-block-image size-large\"><img decoding=\"async\" width=\"698\" height=\"1024\" data-id=\"1124\" src=\"https:\/\/jkdeco.eu\/wp-content\/uploads\/P1310472-k\u00f3pia-698x1024.jpg\" alt=\"\" class=\"wp-image-1124\" srcset=\"https:\/\/jkdeco.eu\/wp-content\/uploads\/P1310472-k\u00f3pia-698x1024.jpg 698w, https:\/\/jkdeco.eu\/wp-content\/uploads\/P1310472-k\u00f3pia-204x300.jpg 204w, https:\/\/jkdeco.eu\/wp-content\/uploads\/P1310472-k\u00f3pia-768x1127.jpg 768w, https:\/\/jkdeco.eu\/wp-content\/uploads\/P1310472-k\u00f3pia-1047x1536.jpg 1047w, https:\/\/jkdeco.eu\/wp-content\/uploads\/P1310472-k\u00f3pia-640x939.jpg 640w, https:\/\/jkdeco.eu\/wp-content\/uploads\/P1310472-k\u00f3pia-545x800.jpg 545w, https:\/\/jkdeco.eu\/wp-content\/uploads\/P1310472-k\u00f3pia.jpg 1171w\" sizes=\"(max-width: 698px) 100vw, 698px\" \/><\/figure>\n\n\n\n<figure class=\"wp-block-image size-large\"><img decoding=\"async\" width=\"1024\" height=\"741\" data-id=\"1123\" src=\"https:\/\/jkdeco.eu\/wp-content\/uploads\/P1310470-k\u00f3pia-1-1024x741.jpg\" alt=\"\" class=\"wp-image-1123\" srcset=\"https:\/\/jkdeco.eu\/wp-content\/uploads\/P1310470-k\u00f3pia-1-1024x741.jpg 1024w, https:\/\/jkdeco.eu\/wp-content\/uploads\/P1310470-k\u00f3pia-1-300x217.jpg 300w, https:\/\/jkdeco.eu\/wp-content\/uploads\/P1310470-k\u00f3pia-1-768x556.jpg 768w, https:\/\/jkdeco.eu\/wp-content\/uploads\/P1310470-k\u00f3pia-1-1536x1112.jpg 1536w, https:\/\/jkdeco.eu\/wp-content\/uploads\/P1310470-k\u00f3pia-1-640x463.jpg 640w, https:\/\/jkdeco.eu\/wp-content\/uploads\/P1310470-k\u00f3pia-1-1105x800.jpg 1105w, https:\/\/jkdeco.eu\/wp-content\/uploads\/P1310470-k\u00f3pia-1.jpg 1860w\" sizes=\"(max-width: 1024px) 100vw, 1024px\" \/><\/figure>\n<\/figure>\n\n\n\n<div style=\"height:100px\" aria-hidden=\"true\" class=\"wp-block-spacer\"><\/div>\n\n\n\n<h2 class=\"wp-block-heading\" id=\"dizajnova-drevena-kupelna\">Design wooden bathroom<\/h2>\n\n\n\n<p>Zariadenie k\u00fape\u013ene v znamen\u00ed dreva. Pre dokon\u010den\u00fd investi\u010dn\u00fd byt potreboval investor poradi\u0165 vybavenie, ktor\u00e9 by ho cenovo nezabilo, ale prinieslo by individu\u00e1lny rozmer a oslovilo tak bonitnej\u0161iu klientelu. Na prv\u00fd pokus som tipla t\u00fato zostavu s riadnou a\u017e dominantnou \u0161trukt\u00farou,&nbsp; ktor\u00e1 investora ihne\u010f oslovila. Zostavu som mala v hlave u\u017e p\u00e1r mesiacov a mohla som ju tak kone\u010dne k prospechu investora&nbsp; zu\u017eitkova\u0165.<\/p>\n\n\n\n<figure class=\"wp-block-gallery has-nested-images columns-1 is-cropped wp-block-gallery-2 is-layout-flex wp-block-gallery-is-layout-flex\">\n<figure class=\"wp-block-image size-large\"><img decoding=\"async\" width=\"689\" height=\"1024\" data-id=\"1129\" src=\"https:\/\/jkdeco.eu\/wp-content\/uploads\/P1310032-\u2013-k\u00f3pia-1-689x1024.jpg\" alt=\"wooden bathroom cabinet with mirror\" class=\"wp-image-1129\" srcset=\"https:\/\/jkdeco.eu\/wp-content\/uploads\/P1310032-\u2013-k\u00f3pia-1-689x1024.jpg 689w, https:\/\/jkdeco.eu\/wp-content\/uploads\/P1310032-\u2013-k\u00f3pia-1-202x300.jpg 202w, https:\/\/jkdeco.eu\/wp-content\/uploads\/P1310032-\u2013-k\u00f3pia-1-768x1141.jpg 768w, https:\/\/jkdeco.eu\/wp-content\/uploads\/P1310032-\u2013-k\u00f3pia-1-1034x1536.jpg 1034w, https:\/\/jkdeco.eu\/wp-content\/uploads\/P1310032-\u2013-k\u00f3pia-1-1379x2048.jpg 1379w, https:\/\/jkdeco.eu\/wp-content\/uploads\/P1310032-\u2013-k\u00f3pia-1-640x951.jpg 640w, https:\/\/jkdeco.eu\/wp-content\/uploads\/P1310032-\u2013-k\u00f3pia-1-539x800.jpg 539w, https:\/\/jkdeco.eu\/wp-content\/uploads\/P1310032-\u2013-k\u00f3pia-1.jpg 1613w\" sizes=\"(max-width: 689px) 100vw, 689px\" \/><\/figure>\n\n\n\n<figure class=\"wp-block-image size-large\"><img decoding=\"async\" width=\"360\" height=\"640\" data-id=\"4916\" src=\"https:\/\/jkdeco.eu\/wp-content\/uploads\/P1310035-kopia.jpg\" alt=\"wooden bathroom cabinet above the sink\" class=\"wp-image-4916\" srcset=\"https:\/\/jkdeco.eu\/wp-content\/uploads\/P1310035-kopia.jpg 360w, https:\/\/jkdeco.eu\/wp-content\/uploads\/P1310035-kopia-169x300.jpg 169w\" sizes=\"(max-width: 360px) 100vw, 360px\" \/><\/figure>\n\n\n\n<figure class=\"wp-block-image size-large\"><img decoding=\"async\" width=\"1024\" height=\"541\" data-id=\"1132\" src=\"https:\/\/jkdeco.eu\/wp-content\/uploads\/P1310026-1-1024x541.jpg\" alt=\"mirror and wooden cabinet in the bathroom\" class=\"wp-image-1132\" srcset=\"https:\/\/jkdeco.eu\/wp-content\/uploads\/P1310026-1-1024x541.jpg 1024w, https:\/\/jkdeco.eu\/wp-content\/uploads\/P1310026-1-300x159.jpg 300w, https:\/\/jkdeco.eu\/wp-content\/uploads\/P1310026-1-768x406.jpg 768w, https:\/\/jkdeco.eu\/wp-content\/uploads\/P1310026-1-1536x812.jpg 1536w, https:\/\/jkdeco.eu\/wp-content\/uploads\/P1310026-1-2048x1083.jpg 2048w, https:\/\/jkdeco.eu\/wp-content\/uploads\/P1310026-1-640x338.jpg 640w, https:\/\/jkdeco.eu\/wp-content\/uploads\/P1310026-1-1200x634.jpg 1200w\" sizes=\"(max-width: 1024px) 100vw, 1024px\" \/><\/figure>\n\n\n\n<figure class=\"wp-block-image size-large\"><img decoding=\"async\" width=\"556\" height=\"1024\" data-id=\"1131\" src=\"https:\/\/jkdeco.eu\/wp-content\/uploads\/P1310021-1-556x1024.jpg\" alt=\"bathroom mirror with wooden cabinet\" class=\"wp-image-1131\" srcset=\"https:\/\/jkdeco.eu\/wp-content\/uploads\/P1310021-1-556x1024.jpg 556w, https:\/\/jkdeco.eu\/wp-content\/uploads\/P1310021-1-163x300.jpg 163w, https:\/\/jkdeco.eu\/wp-content\/uploads\/P1310021-1-768x1413.jpg 768w, https:\/\/jkdeco.eu\/wp-content\/uploads\/P1310021-1-835x1536.jpg 835w, https:\/\/jkdeco.eu\/wp-content\/uploads\/P1310021-1-1113x2048.jpg 1113w, https:\/\/jkdeco.eu\/wp-content\/uploads\/P1310021-1-640x1178.jpg 640w, https:\/\/jkdeco.eu\/wp-content\/uploads\/P1310021-1-435x800.jpg 435w, https:\/\/jkdeco.eu\/wp-content\/uploads\/P1310021-1-scaled.jpg 1391w\" sizes=\"(max-width: 556px) 100vw, 556px\" \/><\/figure>\n\n\n\n<figure class=\"wp-block-image size-large\"><img decoding=\"async\" width=\"360\" height=\"640\" data-id=\"4915\" src=\"https:\/\/jkdeco.eu\/wp-content\/uploads\/P1310032-kopia.jpg\" alt=\"bathroom with wooden cabinets\" class=\"wp-image-4915\" srcset=\"https:\/\/jkdeco.eu\/wp-content\/uploads\/P1310032-kopia.jpg 360w, https:\/\/jkdeco.eu\/wp-content\/uploads\/P1310032-kopia-169x300.jpg 169w\" sizes=\"(max-width: 360px) 100vw, 360px\" \/><\/figure>\n<\/figure>\n\n\n\n<div style=\"height:100px\" aria-hidden=\"true\" class=\"wp-block-spacer\"><\/div>\n\n\n\n<h2 class=\"wp-block-heading\" id=\"terasa-s-vyhladom-na-bratislavu\">Terrace overlooking Bratislava<\/h2>\n\n\n\n<p>Easy to maintain and yet variable and not expensive furnishing of the investment apartment terrace. Clean lines follow clean&nbsp;<a href=\"https:\/\/jkdeco.eu\/en\/interior\/interior-of-the-apartment-koliba-bratislava\/\">Interior<\/a>, ready to add decorations to your taste.<\/p>\n\n\n\n<figure class=\"wp-block-gallery has-nested-images columns-1 is-cropped wp-block-gallery-3 is-layout-flex wp-block-gallery-is-layout-flex\">\n<figure class=\"wp-block-image size-large\"><img decoding=\"async\" width=\"1024\" height=\"680\" data-id=\"1125\" src=\"https:\/\/jkdeco.eu\/wp-content\/uploads\/P1310445-2-1024x680.jpg\" alt=\"\" class=\"wp-image-1125\" srcset=\"https:\/\/jkdeco.eu\/wp-content\/uploads\/P1310445-2-1024x680.jpg 1024w, https:\/\/jkdeco.eu\/wp-content\/uploads\/P1310445-2-300x199.jpg 300w, https:\/\/jkdeco.eu\/wp-content\/uploads\/P1310445-2-768x510.jpg 768w, https:\/\/jkdeco.eu\/wp-content\/uploads\/P1310445-2-1536x1020.jpg 1536w, https:\/\/jkdeco.eu\/wp-content\/uploads\/P1310445-2-640x425.jpg 640w, https:\/\/jkdeco.eu\/wp-content\/uploads\/P1310445-2-1200x797.jpg 1200w, https:\/\/jkdeco.eu\/wp-content\/uploads\/P1310445-2.jpg 2048w\" sizes=\"(max-width: 1024px) 100vw, 1024px\" \/><\/figure>\n\n\n\n<figure class=\"wp-block-image size-large\"><img decoding=\"async\" width=\"680\" height=\"1024\" data-id=\"1127\" src=\"https:\/\/jkdeco.eu\/wp-content\/uploads\/P1310457-2-680x1024.jpg\" alt=\"\" class=\"wp-image-1127\" srcset=\"https:\/\/jkdeco.eu\/wp-content\/uploads\/P1310457-2-680x1024.jpg 680w, https:\/\/jkdeco.eu\/wp-content\/uploads\/P1310457-2-199x300.jpg 199w, https:\/\/jkdeco.eu\/wp-content\/uploads\/P1310457-2-768x1157.jpg 768w, https:\/\/jkdeco.eu\/wp-content\/uploads\/P1310457-2-1020x1536.jpg 1020w, https:\/\/jkdeco.eu\/wp-content\/uploads\/P1310457-2-640x964.jpg 640w, https:\/\/jkdeco.eu\/wp-content\/uploads\/P1310457-2-531x800.jpg 531w, https:\/\/jkdeco.eu\/wp-content\/uploads\/P1310457-2.jpg 1360w\" sizes=\"(max-width: 680px) 100vw, 680px\" \/><\/figure>\n\n\n\n<figure class=\"wp-block-image size-large\"><img decoding=\"async\" width=\"1024\" height=\"680\" data-id=\"1126\" src=\"https:\/\/jkdeco.eu\/wp-content\/uploads\/P1310450-2-1024x680.jpg\" alt=\"\" class=\"wp-image-1126\" srcset=\"https:\/\/jkdeco.eu\/wp-content\/uploads\/P1310450-2-1024x680.jpg 1024w, https:\/\/jkdeco.eu\/wp-content\/uploads\/P1310450-2-300x199.jpg 300w, https:\/\/jkdeco.eu\/wp-content\/uploads\/P1310450-2-768x510.jpg 768w, https:\/\/jkdeco.eu\/wp-content\/uploads\/P1310450-2-1536x1020.jpg 1536w, https:\/\/jkdeco.eu\/wp-content\/uploads\/P1310450-2-640x425.jpg 640w, https:\/\/jkdeco.eu\/wp-content\/uploads\/P1310450-2-1200x797.jpg 1200w, https:\/\/jkdeco.eu\/wp-content\/uploads\/P1310450-2.jpg 2048w\" sizes=\"(max-width: 1024px) 100vw, 1024px\" \/><\/figure>\n\n\n\n<figure class=\"wp-block-image size-large\"><img decoding=\"async\" width=\"659\" height=\"1024\" data-id=\"1128\" src=\"https:\/\/jkdeco.eu\/wp-content\/uploads\/P1310462-k\u00f3pia-2-659x1024.jpg\" alt=\"\" class=\"wp-image-1128\" srcset=\"https:\/\/jkdeco.eu\/wp-content\/uploads\/P1310462-k\u00f3pia-2-659x1024.jpg 659w, https:\/\/jkdeco.eu\/wp-content\/uploads\/P1310462-k\u00f3pia-2-193x300.jpg 193w, https:\/\/jkdeco.eu\/wp-content\/uploads\/P1310462-k\u00f3pia-2-768x1193.jpg 768w, https:\/\/jkdeco.eu\/wp-content\/uploads\/P1310462-k\u00f3pia-2-989x1536.jpg 989w, https:\/\/jkdeco.eu\/wp-content\/uploads\/P1310462-k\u00f3pia-2-640x994.jpg 640w, https:\/\/jkdeco.eu\/wp-content\/uploads\/P1310462-k\u00f3pia-2-515x800.jpg 515w, https:\/\/jkdeco.eu\/wp-content\/uploads\/P1310462-k\u00f3pia-2.jpg 1318w\" sizes=\"(max-width: 659px) 100vw, 659px\" \/><\/figure>\n<\/figure>\n\n\n\n<div style=\"height:100px\" aria-hidden=\"true\" class=\"wp-block-spacer\"><\/div>","protected":false},"excerpt":{"rendered":"<p>N\u00e1vrh interi\u00e9ru formou poradenstva a n\u00e1kupnej asistencie. Tento investi\u010dn\u00fd byt bol zariaden\u00fd \u00fa\u010delne, esteticky a dostato\u010dne neutr\u00e1lne a pr\u00edjemne na to, aby zaujal svojim \u010dist\u00fdm laden\u00edm, a vyu\u017eil potenci\u00e1l dobrej adresy s v\u00fdh\u013eadom na Bratislavu. Byt sa prenajal bezprostredne po jeho zariaden\u00ed &#8211; zatia\u013e \u010do jeden z\u00e1ujemca za\u010dal obhliadku gar\u00e1\u017eou, druh\u00fd u\u017e hore v byte&hellip;&nbsp;<a href=\"https:\/\/jkdeco.eu\/en\/interier\/interier-bytu-koliba-bratislava\/\" rel=\"bookmark\">Read More &raquo;<span class=\"screen-reader-text\">Nice living in Bratislava Koliba with a view, Minergo<\/span><\/a><\/p>","protected":false},"author":1,"featured_media":4924,"parent":530,"menu_order":0,"comment_status":"closed","ping_status":"closed","template":"","meta":{"neve_meta_sidebar":"","neve_meta_container":"","neve_meta_enable_content_width":"","neve_meta_content_width":0,"neve_meta_title_alignment":"","neve_meta_author_avatar":"","neve_post_elements_order":"","neve_meta_disable_header":"","neve_meta_disable_footer":"","neve_meta_disable_title":"","_themeisle_gutenberg_block_has_review":false,"footnotes":""},"class_list":["post-1103","page","type-page","status-publish","has-post-thumbnail","hentry"],"aioseo_notices":[],"_links":{"self":[{"href":"https:\/\/jkdeco.eu\/en\/wp-json\/wp\/v2\/pages\/1103","targetHints":{"allow":["GET"]}}],"collection":[{"href":"https:\/\/jkdeco.eu\/en\/wp-json\/wp\/v2\/pages"}],"about":[{"href":"https:\/\/jkdeco.eu\/en\/wp-json\/wp\/v2\/types\/page"}],"author":[{"embeddable":true,"href":"https:\/\/jkdeco.eu\/en\/wp-json\/wp\/v2\/users\/1"}],"replies":[{"embeddable":true,"href":"https:\/\/jkdeco.eu\/en\/wp-json\/wp\/v2\/comments?post=1103"}],"version-history":[{"count":2,"href":"https:\/\/jkdeco.eu\/en\/wp-json\/wp\/v2\/pages\/1103\/revisions"}],"predecessor-version":[{"id":16436,"href":"https:\/\/jkdeco.eu\/en\/wp-json\/wp\/v2\/pages\/1103\/revisions\/16436"}],"up":[{"embeddable":true,"href":"https:\/\/jkdeco.eu\/en\/wp-json\/wp\/v2\/pages\/530"}],"wp:featuredmedia":[{"embeddable":true,"href":"https:\/\/jkdeco.eu\/en\/wp-json\/wp\/v2\/media\/4924"}],"wp:attachment":[{"href":"https:\/\/jkdeco.eu\/en\/wp-json\/wp\/v2\/media?parent=1103"}],"curies":[{"name":"wp","href":"https:\/\/api.w.org\/{rel}","templated":true}]}}