{"id":10444,"date":"2021-11-16T19:49:01","date_gmt":"2021-11-16T18:49:01","guid":{"rendered":"https:\/\/jkdeco.eu\/?page_id=10444"},"modified":"2026-03-27T14:05:39","modified_gmt":"2026-03-27T13:05:39","slug":"sunny-apartment-in-sunny-houses","status":"publish","type":"page","link":"https:\/\/jkdeco.eu\/en\/vizualizacia\/slnecny-byt-v-slnecniciach\/","title":{"rendered":"Sunny apartment in Slne\u010dnice"},"content":{"rendered":"<p>Unrecognizably modified floor plan of the new building, where the kitchen offers a compact space with the possibility of placing a large table at the large open living room wall. <\/p>\n\n\n\n<figure class=\"wp-block-gallery has-nested-images columns-default is-cropped wp-block-gallery-1 is-layout-flex wp-block-gallery-is-layout-flex\">\n<figure class=\"wp-block-image size-large\"><a href=\"https:\/\/jkdeco.eu\/wp-content\/uploads\/42918deb-5918-47cc-95a4-8af78534d46c-kopia.jpg\"><img decoding=\"async\" width=\"818\" height=\"1024\" data-id=\"14450\" src=\"https:\/\/jkdeco.eu\/wp-content\/uploads\/42918deb-5918-47cc-95a4-8af78534d46c-kopia-818x1024.jpg\" alt=\"dining table with golden chairs\" class=\"wp-image-14450\" srcset=\"https:\/\/jkdeco.eu\/wp-content\/uploads\/42918deb-5918-47cc-95a4-8af78534d46c-kopia-818x1024.jpg 818w, https:\/\/jkdeco.eu\/wp-content\/uploads\/42918deb-5918-47cc-95a4-8af78534d46c-kopia-240x300.jpg 240w, https:\/\/jkdeco.eu\/wp-content\/uploads\/42918deb-5918-47cc-95a4-8af78534d46c-kopia-768x962.jpg 768w, https:\/\/jkdeco.eu\/wp-content\/uploads\/42918deb-5918-47cc-95a4-8af78534d46c-kopia-640x802.jpg 640w, https:\/\/jkdeco.eu\/wp-content\/uploads\/42918deb-5918-47cc-95a4-8af78534d46c-kopia-639x800.jpg 639w, https:\/\/jkdeco.eu\/wp-content\/uploads\/42918deb-5918-47cc-95a4-8af78534d46c-kopia.jpg 923w\" sizes=\"(max-width: 818px) 100vw, 818px\" \/><\/a><\/figure>\n\n\n\n<figure class=\"wp-block-image size-large\"><a href=\"https:\/\/jkdeco.eu\/wp-content\/uploads\/1341a790-6bbb-4277-b23b-fbac73236778-kopia.jpg\"><img decoding=\"async\" width=\"843\" height=\"1024\" data-id=\"14449\" src=\"https:\/\/jkdeco.eu\/wp-content\/uploads\/1341a790-6bbb-4277-b23b-fbac73236778-kopia-843x1024.jpg\" alt=\"beige and white kitchen\" class=\"wp-image-14449\" srcset=\"https:\/\/jkdeco.eu\/wp-content\/uploads\/1341a790-6bbb-4277-b23b-fbac73236778-kopia-843x1024.jpg 843w, https:\/\/jkdeco.eu\/wp-content\/uploads\/1341a790-6bbb-4277-b23b-fbac73236778-kopia-247x300.jpg 247w, https:\/\/jkdeco.eu\/wp-content\/uploads\/1341a790-6bbb-4277-b23b-fbac73236778-kopia-768x933.jpg 768w, https:\/\/jkdeco.eu\/wp-content\/uploads\/1341a790-6bbb-4277-b23b-fbac73236778-kopia-640x777.jpg 640w, https:\/\/jkdeco.eu\/wp-content\/uploads\/1341a790-6bbb-4277-b23b-fbac73236778-kopia-659x800.jpg 659w, https:\/\/jkdeco.eu\/wp-content\/uploads\/1341a790-6bbb-4277-b23b-fbac73236778-kopia.jpg 923w\" sizes=\"(max-width: 843px) 100vw, 843px\" \/><\/a><\/figure>\n<\/figure>\n\n\n\n<div style=\"height:100px\" aria-hidden=\"true\" class=\"wp-block-spacer\"><\/div>\n\n\n\n<h2 class=\"wp-block-heading\">Modification of the floor plan <\/h2>\n\n\n\n<p>P<mark style=\"background-color:rgba(0, 0, 0, 0);color:#514f48\" class=\"has-inline-color\">The original layout of the developer had two passages from the hallway to the kitchen. The kitchen with the \"working\" space was thus put in the centre of attention. For one thing, the rest of the space was visually countered by the tall kitchen cabinets. Secondly, the living room was shrunk down to a seating area next to the kitchen arm. <\/mark><\/p>\n\n\n\n<div class=\"wp-block-columns is-layout-flex wp-container-core-columns-is-layout-9d6595d7 wp-block-columns-is-layout-flex\">\n<div class=\"wp-block-column is-layout-flow wp-block-column-is-layout-flow\">\n<figure class=\"wp-block-image size-full\"><img decoding=\"async\" width=\"987\" height=\"823\" src=\"https:\/\/jkdeco.eu\/wp-content\/uploads\/Snimka-obrazovky-2025-02-14-o-13.42.32.png\" alt=\"the developer&#039;s layout\" class=\"wp-image-16173\" srcset=\"https:\/\/jkdeco.eu\/wp-content\/uploads\/Snimka-obrazovky-2025-02-14-o-13.42.32.png 987w, https:\/\/jkdeco.eu\/wp-content\/uploads\/Snimka-obrazovky-2025-02-14-o-13.42.32-300x250.png 300w, https:\/\/jkdeco.eu\/wp-content\/uploads\/Snimka-obrazovky-2025-02-14-o-13.42.32-768x640.png 768w\" sizes=\"(max-width: 987px) 100vw, 987px\" \/><figcaption class=\"wp-element-caption\">Original layout of the developer<\/figcaption><\/figure>\n<\/div>\n\n\n\n<div class=\"wp-block-column is-layout-flow wp-block-column-is-layout-flow\">\n<figure class=\"wp-block-image size-large\"><img decoding=\"async\" width=\"1024\" height=\"861\" src=\"https:\/\/jkdeco.eu\/wp-content\/uploads\/Snimka-obrazovky-2025-03-09-o-21.21.38-1024x861.png\" alt=\"modified layout with closure of the kitchen arm\" class=\"wp-image-16172\" srcset=\"https:\/\/jkdeco.eu\/wp-content\/uploads\/Snimka-obrazovky-2025-03-09-o-21.21.38-1024x861.png 1024w, https:\/\/jkdeco.eu\/wp-content\/uploads\/Snimka-obrazovky-2025-03-09-o-21.21.38-300x252.png 300w, https:\/\/jkdeco.eu\/wp-content\/uploads\/Snimka-obrazovky-2025-03-09-o-21.21.38-768x646.png 768w, https:\/\/jkdeco.eu\/wp-content\/uploads\/Snimka-obrazovky-2025-03-09-o-21.21.38.png 1427w\" sizes=\"(max-width: 1024px) 100vw, 1024px\" \/><figcaption class=\"wp-element-caption\">Adjusted layout of a 2-room apartment<\/figcaption><\/figure>\n<\/div>\n<\/div>\n\n\n\n<p><mark style=\"background-color:rgba(0, 0, 0, 0);color:#514f48\" class=\"has-inline-color\">In contrast, I proposed to change the <a href=\"https:\/\/jkdeco.eu\/en\/interior-design\/\" title=\"\">interior design.<\/a><a href=\"https:\/\/jkdeco.eu\/en\/services\/interior-design\/\" title=\"Interior design\"> <\/a>layout in the sense of closing one of the passageways<\/mark> from the hallway. This put the entire kitchen out of the main view, leaving its tall cupboards in the wall's concealment. This opened up one clean and large living room wall. The large dining table can also stand out against it, which together with the living room seating already forms a tasteful and appropriate open space. <mark style=\"background-color:rgba(0, 0, 0, 0);color:#514f48\" class=\"has-inline-color\">On the other hand, this has further increased the size of the wardrobes in the hallway. <\/mark> <mark style=\"background-color:rgba(0, 0, 0, 0);color:#514f48\" class=\"has-inline-color\">This is an exemplary example of how effective interior design can help make interiors and living even more pleasant. <\/mark><\/p>\n\n\n\n<div style=\"height:100px\" aria-hidden=\"true\" class=\"wp-block-spacer\"><\/div>\n\n\n\n<h2 class=\"wp-block-heading\" id=\"navrh-slnecneho-bytu\">Design of a sunny apartment in Slne\u010dnice<\/h2>\n\n\n\n<figure class=\"wp-block-gallery has-nested-images columns-1 is-cropped wp-block-gallery-2 is-layout-flex wp-block-gallery-is-layout-flex\">\n<figure class=\"wp-block-image size-large\"><img decoding=\"async\" width=\"967\" height=\"428\" data-id=\"10361\" src=\"https:\/\/jkdeco.eu\/wp-content\/uploads\/Sln-41-web-cierna-\u2013-kopia.jpg\" alt=\"vanilla kitchen with black appliances\" class=\"wp-image-10361\" srcset=\"https:\/\/jkdeco.eu\/wp-content\/uploads\/Sln-41-web-cierna-\u2013-kopia.jpg 967w, https:\/\/jkdeco.eu\/wp-content\/uploads\/Sln-41-web-cierna-\u2013-kopia-300x133.jpg 300w, https:\/\/jkdeco.eu\/wp-content\/uploads\/Sln-41-web-cierna-\u2013-kopia-768x340.jpg 768w, https:\/\/jkdeco.eu\/wp-content\/uploads\/Sln-41-web-cierna-\u2013-kopia-640x283.jpg 640w\" sizes=\"(max-width: 967px) 100vw, 967px\" \/><\/figure>\n\n\n\n<figure class=\"wp-block-image size-large\"><img decoding=\"async\" width=\"967\" height=\"428\" data-id=\"10362\" src=\"https:\/\/jkdeco.eu\/wp-content\/uploads\/Sln-42-web-biele-appl-\u2013-kopia.jpg\" alt=\"vanilla kitchen with stainless steel appliances\" class=\"wp-image-10362\" srcset=\"https:\/\/jkdeco.eu\/wp-content\/uploads\/Sln-42-web-biele-appl-\u2013-kopia.jpg 967w, https:\/\/jkdeco.eu\/wp-content\/uploads\/Sln-42-web-biele-appl-\u2013-kopia-300x133.jpg 300w, https:\/\/jkdeco.eu\/wp-content\/uploads\/Sln-42-web-biele-appl-\u2013-kopia-768x340.jpg 768w, https:\/\/jkdeco.eu\/wp-content\/uploads\/Sln-42-web-biele-appl-\u2013-kopia-640x283.jpg 640w\" sizes=\"(max-width: 967px) 100vw, 967px\" \/><\/figure>\n\n\n\n<figure class=\"wp-block-image size-large\"><img decoding=\"async\" width=\"990\" height=\"433\" data-id=\"10368\" src=\"https:\/\/jkdeco.eu\/wp-content\/uploads\/Sln-13-\u2013-kopia.jpg\" alt=\"vanilla kitchen in the living room\" class=\"wp-image-10368\" srcset=\"https:\/\/jkdeco.eu\/wp-content\/uploads\/Sln-13-\u2013-kopia.jpg 990w, https:\/\/jkdeco.eu\/wp-content\/uploads\/Sln-13-\u2013-kopia-300x131.jpg 300w, https:\/\/jkdeco.eu\/wp-content\/uploads\/Sln-13-\u2013-kopia-768x336.jpg 768w, https:\/\/jkdeco.eu\/wp-content\/uploads\/Sln-13-\u2013-kopia-640x280.jpg 640w\" sizes=\"(max-width: 990px) 100vw, 990px\" \/><\/figure>\n\n\n\n<figure class=\"wp-block-image size-large\"><img decoding=\"async\" width=\"990\" height=\"433\" data-id=\"10364\" src=\"https:\/\/jkdeco.eu\/wp-content\/uploads\/Sln-6-\u2013-kopia.jpg\" alt=\"grey walls in vanilla living room\" class=\"wp-image-10364\" srcset=\"https:\/\/jkdeco.eu\/wp-content\/uploads\/Sln-6-\u2013-kopia.jpg 990w, https:\/\/jkdeco.eu\/wp-content\/uploads\/Sln-6-\u2013-kopia-300x131.jpg 300w, https:\/\/jkdeco.eu\/wp-content\/uploads\/Sln-6-\u2013-kopia-768x336.jpg 768w, https:\/\/jkdeco.eu\/wp-content\/uploads\/Sln-6-\u2013-kopia-640x280.jpg 640w\" sizes=\"(max-width: 990px) 100vw, 990px\" \/><\/figure>\n\n\n\n<figure class=\"wp-block-image size-large\"><img decoding=\"async\" width=\"990\" height=\"433\" data-id=\"10365\" src=\"https:\/\/jkdeco.eu\/wp-content\/uploads\/Sln-7-\u2013-kopia.jpg\" alt=\"grey walls\" class=\"wp-image-10365\" srcset=\"https:\/\/jkdeco.eu\/wp-content\/uploads\/Sln-7-\u2013-kopia.jpg 990w, https:\/\/jkdeco.eu\/wp-content\/uploads\/Sln-7-\u2013-kopia-300x131.jpg 300w, https:\/\/jkdeco.eu\/wp-content\/uploads\/Sln-7-\u2013-kopia-768x336.jpg 768w, https:\/\/jkdeco.eu\/wp-content\/uploads\/Sln-7-\u2013-kopia-640x280.jpg 640w\" sizes=\"(max-width: 990px) 100vw, 990px\" \/><\/figure>\n\n\n\n<figure class=\"wp-block-image size-large\"><img decoding=\"async\" width=\"990\" height=\"433\" data-id=\"10366\" src=\"https:\/\/jkdeco.eu\/wp-content\/uploads\/Sln-8-hnede-steny-\u2013-kopia.jpg\" alt=\"sunny house in sunny houses\" class=\"wp-image-10366\" srcset=\"https:\/\/jkdeco.eu\/wp-content\/uploads\/Sln-8-hnede-steny-\u2013-kopia.jpg 990w, https:\/\/jkdeco.eu\/wp-content\/uploads\/Sln-8-hnede-steny-\u2013-kopia-300x131.jpg 300w, https:\/\/jkdeco.eu\/wp-content\/uploads\/Sln-8-hnede-steny-\u2013-kopia-768x336.jpg 768w, https:\/\/jkdeco.eu\/wp-content\/uploads\/Sln-8-hnede-steny-\u2013-kopia-640x280.jpg 640w\" sizes=\"(max-width: 990px) 100vw, 990px\" \/><\/figure>\n\n\n\n<figure class=\"wp-block-image size-large\"><img decoding=\"async\" width=\"967\" height=\"428\" data-id=\"10363\" src=\"https:\/\/jkdeco.eu\/wp-content\/uploads\/Sln-43-biel-akuch-biele-steny-\u2013-kopia.jpg\" alt=\"\" class=\"wp-image-10363\" srcset=\"https:\/\/jkdeco.eu\/wp-content\/uploads\/Sln-43-biel-akuch-biele-steny-\u2013-kopia.jpg 967w, https:\/\/jkdeco.eu\/wp-content\/uploads\/Sln-43-biel-akuch-biele-steny-\u2013-kopia-300x133.jpg 300w, https:\/\/jkdeco.eu\/wp-content\/uploads\/Sln-43-biel-akuch-biele-steny-\u2013-kopia-768x340.jpg 768w, https:\/\/jkdeco.eu\/wp-content\/uploads\/Sln-43-biel-akuch-biele-steny-\u2013-kopia-640x283.jpg 640w\" sizes=\"(max-width: 967px) 100vw, 967px\" \/><\/figure>\n\n\n\n<figure class=\"wp-block-image size-large\"><img decoding=\"async\" width=\"990\" height=\"433\" data-id=\"10369\" src=\"https:\/\/jkdeco.eu\/wp-content\/uploads\/Sln-20-\u2013-kopia.jpg\" alt=\"view of the window of the pressed loggia of the apartment\" class=\"wp-image-10369\" srcset=\"https:\/\/jkdeco.eu\/wp-content\/uploads\/Sln-20-\u2013-kopia.jpg 990w, https:\/\/jkdeco.eu\/wp-content\/uploads\/Sln-20-\u2013-kopia-300x131.jpg 300w, https:\/\/jkdeco.eu\/wp-content\/uploads\/Sln-20-\u2013-kopia-768x336.jpg 768w, https:\/\/jkdeco.eu\/wp-content\/uploads\/Sln-20-\u2013-kopia-640x280.jpg 640w\" sizes=\"(max-width: 990px) 100vw, 990px\" \/><\/figure>\n\n\n\n<figure class=\"wp-block-image size-large\"><img decoding=\"async\" width=\"990\" height=\"433\" data-id=\"10358\" src=\"https:\/\/jkdeco.eu\/wp-content\/uploads\/Sln-31-\u2013-kopia.jpg\" alt=\"loggia of the apartment in suncnices\" class=\"wp-image-10358\" srcset=\"https:\/\/jkdeco.eu\/wp-content\/uploads\/Sln-31-\u2013-kopia.jpg 990w, https:\/\/jkdeco.eu\/wp-content\/uploads\/Sln-31-\u2013-kopia-300x131.jpg 300w, https:\/\/jkdeco.eu\/wp-content\/uploads\/Sln-31-\u2013-kopia-768x336.jpg 768w, https:\/\/jkdeco.eu\/wp-content\/uploads\/Sln-31-\u2013-kopia-640x280.jpg 640w\" sizes=\"(max-width: 990px) 100vw, 990px\" \/><\/figure>\n\n\n\n<figure class=\"wp-block-image size-large\"><img decoding=\"async\" width=\"938\" height=\"431\" data-id=\"10360\" src=\"https:\/\/jkdeco.eu\/wp-content\/uploads\/Sln-38-chodba-\u2013-kopia.jpg\" alt=\"hallway with built-in wardrobe and wood panelled bench\" class=\"wp-image-10360\" srcset=\"https:\/\/jkdeco.eu\/wp-content\/uploads\/Sln-38-chodba-\u2013-kopia.jpg 938w, https:\/\/jkdeco.eu\/wp-content\/uploads\/Sln-38-chodba-\u2013-kopia-300x138.jpg 300w, https:\/\/jkdeco.eu\/wp-content\/uploads\/Sln-38-chodba-\u2013-kopia-768x353.jpg 768w, https:\/\/jkdeco.eu\/wp-content\/uploads\/Sln-38-chodba-\u2013-kopia-640x294.jpg 640w\" sizes=\"(max-width: 938px) 100vw, 938px\" \/><\/figure>\n<\/figure>\n\n\n\n<div style=\"height:100px\" aria-hidden=\"true\" class=\"wp-block-spacer\"><\/div>\n\n\n\n<h2 class=\"wp-block-heading\" id=\"navrh-decentnej-kupelne-v-slnecniciach\">Design of a decent bathroom in Slne\u010dnice<\/h2>\n\n\n\n<figure class=\"wp-block-gallery has-nested-images columns-2 is-cropped wp-block-gallery-3 is-layout-flex wp-block-gallery-is-layout-flex\">\n<figure class=\"wp-block-image size-large\"><a href=\"https:\/\/jkdeco.eu\/wp-content\/uploads\/IMG_3428-kopia-scaled.jpg\"><img decoding=\"async\" width=\"1920\" height=\"2560\" data-id=\"9384\" src=\"https:\/\/jkdeco.eu\/wp-content\/uploads\/IMG_3428-kopia-scaled.jpg\" alt=\"grey bathroom sunrooms\" class=\"wp-image-9384\" srcset=\"https:\/\/jkdeco.eu\/wp-content\/uploads\/IMG_3428-kopia-scaled.jpg 1920w, https:\/\/jkdeco.eu\/wp-content\/uploads\/IMG_3428-kopia-225x300.jpg 225w, https:\/\/jkdeco.eu\/wp-content\/uploads\/IMG_3428-kopia-768x1024.jpg 768w, https:\/\/jkdeco.eu\/wp-content\/uploads\/IMG_3428-kopia-1152x1536.jpg 1152w, https:\/\/jkdeco.eu\/wp-content\/uploads\/IMG_3428-kopia-1536x2048.jpg 1536w, https:\/\/jkdeco.eu\/wp-content\/uploads\/IMG_3428-kopia-640x853.jpg 640w, https:\/\/jkdeco.eu\/wp-content\/uploads\/IMG_3428-kopia-600x800.jpg 600w\" sizes=\"(max-width: 1920px) 100vw, 1920px\" \/><\/a><\/figure>\n\n\n\n<figure class=\"wp-block-image size-large\"><a href=\"https:\/\/jkdeco.eu\/wp-content\/uploads\/IMG_0980-\u2013-kopia-scaled.jpg\"><img decoding=\"async\" width=\"1920\" height=\"2560\" data-id=\"7963\" src=\"https:\/\/jkdeco.eu\/wp-content\/uploads\/IMG_0980-\u2013-kopia-scaled.jpg\" alt=\"\" class=\"wp-image-7963\" srcset=\"https:\/\/jkdeco.eu\/wp-content\/uploads\/IMG_0980-\u2013-kopia-scaled.jpg 1920w, https:\/\/jkdeco.eu\/wp-content\/uploads\/IMG_0980-\u2013-kopia-225x300.jpg 225w, https:\/\/jkdeco.eu\/wp-content\/uploads\/IMG_0980-\u2013-kopia-768x1024.jpg 768w, https:\/\/jkdeco.eu\/wp-content\/uploads\/IMG_0980-\u2013-kopia-1152x1536.jpg 1152w, https:\/\/jkdeco.eu\/wp-content\/uploads\/IMG_0980-\u2013-kopia-1536x2048.jpg 1536w, https:\/\/jkdeco.eu\/wp-content\/uploads\/IMG_0980-\u2013-kopia-640x853.jpg 640w, https:\/\/jkdeco.eu\/wp-content\/uploads\/IMG_0980-\u2013-kopia-600x800.jpg 600w\" sizes=\"(max-width: 1920px) 100vw, 1920px\" \/><\/a><\/figure>\n\n\n\n<figure class=\"wp-block-image size-large\"><a href=\"https:\/\/jkdeco.eu\/wp-content\/uploads\/IMG_0971-\u2013-kopia-scaled.jpg\"><img decoding=\"async\" width=\"1920\" height=\"2560\" data-id=\"7961\" src=\"https:\/\/jkdeco.eu\/wp-content\/uploads\/IMG_0971-\u2013-kopia-scaled.jpg\" alt=\"modern west\" class=\"wp-image-7961\" srcset=\"https:\/\/jkdeco.eu\/wp-content\/uploads\/IMG_0971-\u2013-kopia-scaled.jpg 1920w, https:\/\/jkdeco.eu\/wp-content\/uploads\/IMG_0971-\u2013-kopia-225x300.jpg 225w, https:\/\/jkdeco.eu\/wp-content\/uploads\/IMG_0971-\u2013-kopia-768x1024.jpg 768w, https:\/\/jkdeco.eu\/wp-content\/uploads\/IMG_0971-\u2013-kopia-1152x1536.jpg 1152w, https:\/\/jkdeco.eu\/wp-content\/uploads\/IMG_0971-\u2013-kopia-1536x2048.jpg 1536w, https:\/\/jkdeco.eu\/wp-content\/uploads\/IMG_0971-\u2013-kopia-640x853.jpg 640w, https:\/\/jkdeco.eu\/wp-content\/uploads\/IMG_0971-\u2013-kopia-600x800.jpg 600w\" sizes=\"(max-width: 1920px) 100vw, 1920px\" \/><\/a><\/figure>\n\n\n\n<figure class=\"wp-block-image size-large\"><a href=\"https:\/\/jkdeco.eu\/wp-content\/uploads\/IMG_0969-\u2013-kopia-scaled.jpg\"><img decoding=\"async\" width=\"1920\" height=\"2560\" data-id=\"7960\" src=\"https:\/\/jkdeco.eu\/wp-content\/uploads\/IMG_0969-\u2013-kopia-scaled.jpg\" alt=\"modern bathrooom\" class=\"wp-image-7960\" srcset=\"https:\/\/jkdeco.eu\/wp-content\/uploads\/IMG_0969-\u2013-kopia-scaled.jpg 1920w, https:\/\/jkdeco.eu\/wp-content\/uploads\/IMG_0969-\u2013-kopia-225x300.jpg 225w, https:\/\/jkdeco.eu\/wp-content\/uploads\/IMG_0969-\u2013-kopia-768x1024.jpg 768w, https:\/\/jkdeco.eu\/wp-content\/uploads\/IMG_0969-\u2013-kopia-1152x1536.jpg 1152w, https:\/\/jkdeco.eu\/wp-content\/uploads\/IMG_0969-\u2013-kopia-1536x2048.jpg 1536w, https:\/\/jkdeco.eu\/wp-content\/uploads\/IMG_0969-\u2013-kopia-640x853.jpg 640w, https:\/\/jkdeco.eu\/wp-content\/uploads\/IMG_0969-\u2013-kopia-600x800.jpg 600w\" sizes=\"(max-width: 1920px) 100vw, 1920px\" \/><\/a><\/figure>\n<\/figure>\n\n\n\n<div style=\"height:100px\" aria-hidden=\"true\" class=\"wp-block-spacer\"><\/div>","protected":false},"excerpt":{"rendered":"<p>Na nepoznanie upraven\u00fd p\u00f4dorys novostavby, kedy kuchy\u0148a pon\u00faka kompaktn\u00fd priestor s mo\u017enos\u0165ou umiestnenia ve\u013ek\u00e9ho stola pri ve\u013ekej otvorenej ob\u00fdva\u010dkovej stenoe. \u00daprava p\u00f4dorysu P\u00f4vodn\u00e1 dispoz\u00edcia developera mala dva priechody z chodby do kuchyne. Kuchy\u0148a sa tak s &#8222;pracovn\u00fdm&#8220; priestorom dostala do centra pozornosti. Jednak zvy\u0161ok priestoru poh\u013eadovo \u010delil pr\u00e1ve vysok\u00fdm kuchynsk\u00fdm skriniam. Druhak ob\u00fdva\u010dka sa scvrkla&hellip;&nbsp;<a href=\"https:\/\/jkdeco.eu\/en\/vizualizacia\/slnecny-byt-v-slnecniciach\/\" rel=\"bookmark\">Read More &raquo;<span class=\"screen-reader-text\">Sunny apartment in Slne\u010dnice<\/span><\/a><\/p>","protected":false},"author":1,"featured_media":0,"parent":528,"menu_order":0,"comment_status":"closed","ping_status":"closed","template":"","meta":{"neve_meta_sidebar":"","neve_meta_container":"","neve_meta_enable_content_width":"","neve_meta_content_width":0,"neve_meta_title_alignment":"","neve_meta_author_avatar":"","neve_post_elements_order":"","neve_meta_disable_header":"","neve_meta_disable_footer":"","neve_meta_disable_title":"","_themeisle_gutenberg_block_has_review":false,"footnotes":""},"class_list":["post-10444","page","type-page","status-publish","hentry"],"aioseo_notices":[],"_links":{"self":[{"href":"https:\/\/jkdeco.eu\/en\/wp-json\/wp\/v2\/pages\/10444","targetHints":{"allow":["GET"]}}],"collection":[{"href":"https:\/\/jkdeco.eu\/en\/wp-json\/wp\/v2\/pages"}],"about":[{"href":"https:\/\/jkdeco.eu\/en\/wp-json\/wp\/v2\/types\/page"}],"author":[{"embeddable":true,"href":"https:\/\/jkdeco.eu\/en\/wp-json\/wp\/v2\/users\/1"}],"replies":[{"embeddable":true,"href":"https:\/\/jkdeco.eu\/en\/wp-json\/wp\/v2\/comments?post=10444"}],"version-history":[{"count":5,"href":"https:\/\/jkdeco.eu\/en\/wp-json\/wp\/v2\/pages\/10444\/revisions"}],"predecessor-version":[{"id":22591,"href":"https:\/\/jkdeco.eu\/en\/wp-json\/wp\/v2\/pages\/10444\/revisions\/22591"}],"up":[{"embeddable":true,"href":"https:\/\/jkdeco.eu\/en\/wp-json\/wp\/v2\/pages\/528"}],"wp:attachment":[{"href":"https:\/\/jkdeco.eu\/en\/wp-json\/wp\/v2\/media?parent=10444"}],"curies":[{"name":"wp","href":"https:\/\/api.w.org\/{rel}","templated":true}]}}