{"id":10314,"date":"2021-11-15T16:47:18","date_gmt":"2021-11-15T15:47:18","guid":{"rendered":"https:\/\/jkdeco.eu\/?page_id=10314"},"modified":"2025-04-03T14:05:36","modified_gmt":"2025-04-03T12:05:36","slug":"visualization-of-a-small-efficient-bathroom-dubravka","status":"publish","type":"page","link":"https:\/\/jkdeco.eu\/en\/vizualizacia\/vizualizacia-malej-efektivnej-kupelne-dubravka\/","title":{"rendered":"Visualization of a small efficient bathroom, D\u00fabravka"},"content":{"rendered":"<p>The only thing that needed to be added to the elegant apartment was a small bathroom, which is supposedly not very magical. The owners were even willing to move the mains or lose the bathtub and replace it with a shower, just to make a little more room for the sink. This was eventually achieved by using an asymmetrical corner bath. An idea that at first seemed incomprehensible. In the end, it resulted in 4 possible variations in different combinations of the layout of the bathtub itself as well as the nets with the basin. <\/p>\n\n\n\n<figure class=\"wp-block-gallery has-nested-images columns-1 is-cropped wp-block-gallery-1 is-layout-flex wp-block-gallery-is-layout-flex\">\n<figure class=\"wp-block-image size-large\"><img decoding=\"async\" width=\"990\" height=\"478\" data-id=\"10171\" src=\"https:\/\/jkdeco.eu\/wp-content\/uploads\/D39-\u2013-kopia.jpg\" alt=\"tiling strip in the bathroom\" class=\"wp-image-10171\" srcset=\"https:\/\/jkdeco.eu\/wp-content\/uploads\/D39-\u2013-kopia.jpg 990w, https:\/\/jkdeco.eu\/wp-content\/uploads\/D39-\u2013-kopia-300x145.jpg 300w, https:\/\/jkdeco.eu\/wp-content\/uploads\/D39-\u2013-kopia-768x371.jpg 768w, https:\/\/jkdeco.eu\/wp-content\/uploads\/D39-\u2013-kopia-640x309.jpg 640w\" sizes=\"(max-width: 990px) 100vw, 990px\" \/><\/figure>\n\n\n\n<figure class=\"wp-block-image size-large\"><img decoding=\"async\" width=\"990\" height=\"478\" data-id=\"10170\" src=\"https:\/\/jkdeco.eu\/wp-content\/uploads\/D38-\u2013-kopia.jpg\" alt=\"contrasting tiling in the bathroom\" class=\"wp-image-10170\" srcset=\"https:\/\/jkdeco.eu\/wp-content\/uploads\/D38-\u2013-kopia.jpg 990w, https:\/\/jkdeco.eu\/wp-content\/uploads\/D38-\u2013-kopia-300x145.jpg 300w, https:\/\/jkdeco.eu\/wp-content\/uploads\/D38-\u2013-kopia-768x371.jpg 768w, https:\/\/jkdeco.eu\/wp-content\/uploads\/D38-\u2013-kopia-640x309.jpg 640w\" sizes=\"(max-width: 990px) 100vw, 990px\" \/><\/figure>\n\n\n\n<figure class=\"wp-block-image size-large\"><img decoding=\"async\" width=\"990\" height=\"478\" data-id=\"10167\" src=\"https:\/\/jkdeco.eu\/wp-content\/uploads\/D45-tmava-podlaha-\u2013-kopia.jpg\" alt=\"design of a contrasting bathroom with a dark floor\" class=\"wp-image-10167\" srcset=\"https:\/\/jkdeco.eu\/wp-content\/uploads\/D45-tmava-podlaha-\u2013-kopia.jpg 990w, https:\/\/jkdeco.eu\/wp-content\/uploads\/D45-tmava-podlaha-\u2013-kopia-300x145.jpg 300w, https:\/\/jkdeco.eu\/wp-content\/uploads\/D45-tmava-podlaha-\u2013-kopia-768x371.jpg 768w, https:\/\/jkdeco.eu\/wp-content\/uploads\/D45-tmava-podlaha-\u2013-kopia-640x309.jpg 640w\" sizes=\"(max-width: 990px) 100vw, 990px\" \/><\/figure>\n\n\n\n<figure class=\"wp-block-image size-large\"><img decoding=\"async\" width=\"990\" height=\"478\" data-id=\"10166\" src=\"https:\/\/jkdeco.eu\/wp-content\/uploads\/D44-bleda-podlaha-\u2013-kopia.jpg\" alt=\"design of a contrasting bathroom with a pale floor\" class=\"wp-image-10166\" srcset=\"https:\/\/jkdeco.eu\/wp-content\/uploads\/D44-bleda-podlaha-\u2013-kopia.jpg 990w, https:\/\/jkdeco.eu\/wp-content\/uploads\/D44-bleda-podlaha-\u2013-kopia-300x145.jpg 300w, https:\/\/jkdeco.eu\/wp-content\/uploads\/D44-bleda-podlaha-\u2013-kopia-768x371.jpg 768w, https:\/\/jkdeco.eu\/wp-content\/uploads\/D44-bleda-podlaha-\u2013-kopia-640x309.jpg 640w\" sizes=\"(max-width: 990px) 100vw, 990px\" \/><\/figure>\n\n\n\n<figure class=\"wp-block-image size-large\"><img decoding=\"async\" width=\"990\" height=\"478\" data-id=\"10165\" src=\"https:\/\/jkdeco.eu\/wp-content\/uploads\/D43-\u2013-kopia.jpg\" alt=\"Bathroom with asymmetric corner bath\" class=\"wp-image-10165\" srcset=\"https:\/\/jkdeco.eu\/wp-content\/uploads\/D43-\u2013-kopia.jpg 990w, https:\/\/jkdeco.eu\/wp-content\/uploads\/D43-\u2013-kopia-300x145.jpg 300w, https:\/\/jkdeco.eu\/wp-content\/uploads\/D43-\u2013-kopia-768x371.jpg 768w, https:\/\/jkdeco.eu\/wp-content\/uploads\/D43-\u2013-kopia-640x309.jpg 640w\" sizes=\"(max-width: 990px) 100vw, 990px\" \/><\/figure>\n\n\n\n<figure class=\"wp-block-image size-large\"><img decoding=\"async\" width=\"990\" height=\"478\" data-id=\"10169\" src=\"https:\/\/jkdeco.eu\/wp-content\/uploads\/D47-tmave-murovanie-vane-\u2013-kopia.jpg\" alt=\"brick storage area in the bathroom\" class=\"wp-image-10169\" srcset=\"https:\/\/jkdeco.eu\/wp-content\/uploads\/D47-tmave-murovanie-vane-\u2013-kopia.jpg 990w, https:\/\/jkdeco.eu\/wp-content\/uploads\/D47-tmave-murovanie-vane-\u2013-kopia-300x145.jpg 300w, https:\/\/jkdeco.eu\/wp-content\/uploads\/D47-tmave-murovanie-vane-\u2013-kopia-768x371.jpg 768w, https:\/\/jkdeco.eu\/wp-content\/uploads\/D47-tmave-murovanie-vane-\u2013-kopia-640x309.jpg 640w\" sizes=\"(max-width: 990px) 100vw, 990px\" \/><\/figure>\n\n\n\n<figure class=\"wp-block-image size-large\"><img decoding=\"async\" width=\"990\" height=\"478\" data-id=\"10168\" src=\"https:\/\/jkdeco.eu\/wp-content\/uploads\/D46-blede-murovanie-vane-\u2013-kopia.jpg\" alt=\"storage area in the bathroom\" class=\"wp-image-10168\" srcset=\"https:\/\/jkdeco.eu\/wp-content\/uploads\/D46-blede-murovanie-vane-\u2013-kopia.jpg 990w, https:\/\/jkdeco.eu\/wp-content\/uploads\/D46-blede-murovanie-vane-\u2013-kopia-300x145.jpg 300w, https:\/\/jkdeco.eu\/wp-content\/uploads\/D46-blede-murovanie-vane-\u2013-kopia-768x371.jpg 768w, https:\/\/jkdeco.eu\/wp-content\/uploads\/D46-blede-murovanie-vane-\u2013-kopia-640x309.jpg 640w\" sizes=\"(max-width: 990px) 100vw, 990px\" \/><\/figure>\n\n\n\n<figure class=\"wp-block-image size-large\"><img decoding=\"async\" width=\"990\" height=\"478\" data-id=\"10164\" src=\"https:\/\/jkdeco.eu\/wp-content\/uploads\/D42-\u2013-kopia.jpg\" alt=\"visualization of the contrasting bathroom\" class=\"wp-image-10164\" srcset=\"https:\/\/jkdeco.eu\/wp-content\/uploads\/D42-\u2013-kopia.jpg 990w, https:\/\/jkdeco.eu\/wp-content\/uploads\/D42-\u2013-kopia-300x145.jpg 300w, https:\/\/jkdeco.eu\/wp-content\/uploads\/D42-\u2013-kopia-768x371.jpg 768w, https:\/\/jkdeco.eu\/wp-content\/uploads\/D42-\u2013-kopia-640x309.jpg 640w\" sizes=\"(max-width: 990px) 100vw, 990px\" \/><\/figure>\n\n\n\n<figure class=\"wp-block-image size-large\"><img decoding=\"async\" width=\"990\" height=\"478\" data-id=\"10173\" src=\"https:\/\/jkdeco.eu\/wp-content\/uploads\/D41-\u2013-kopia.jpg\" alt=\"beige bathroom with dark brown wood\" class=\"wp-image-10173\" srcset=\"https:\/\/jkdeco.eu\/wp-content\/uploads\/D41-\u2013-kopia.jpg 990w, https:\/\/jkdeco.eu\/wp-content\/uploads\/D41-\u2013-kopia-300x145.jpg 300w, https:\/\/jkdeco.eu\/wp-content\/uploads\/D41-\u2013-kopia-768x371.jpg 768w, https:\/\/jkdeco.eu\/wp-content\/uploads\/D41-\u2013-kopia-640x309.jpg 640w\" sizes=\"(max-width: 990px) 100vw, 990px\" \/><\/figure>\n\n\n\n<figure class=\"wp-block-image size-large\"><img decoding=\"async\" width=\"990\" height=\"478\" data-id=\"10172\" src=\"https:\/\/jkdeco.eu\/wp-content\/uploads\/D40-\u2013-kopia.jpg\" alt=\"illuminated mirror in the bathroom\" class=\"wp-image-10172\" srcset=\"https:\/\/jkdeco.eu\/wp-content\/uploads\/D40-\u2013-kopia.jpg 990w, https:\/\/jkdeco.eu\/wp-content\/uploads\/D40-\u2013-kopia-300x145.jpg 300w, https:\/\/jkdeco.eu\/wp-content\/uploads\/D40-\u2013-kopia-768x371.jpg 768w, https:\/\/jkdeco.eu\/wp-content\/uploads\/D40-\u2013-kopia-640x309.jpg 640w\" sizes=\"(max-width: 990px) 100vw, 990px\" \/><\/figure>\n<\/figure>\n\n\n\n<p>This variant was chosen for the implementation, where the narrowed foot section brings more space for the sink, gives the recliner a nice view of the composition with the sink and moreover ... there is no need to move the nets! On the other hand, the idea of a wall following the bathtub enlivens the space, providing comfotable space both under the wall and for storage above it, as well as an \"airy\" space for the recliner. The cabinet mounted a little higher up is still large enough for plenty of storage space. <\/p>\n\n\n\n<figure class=\"wp-block-gallery has-nested-images columns-3 is-cropped wp-block-gallery-2 is-layout-flex wp-block-gallery-is-layout-flex\">\n<figure class=\"wp-block-image size-large\"><a href=\"https:\/\/jkdeco.eu\/wp-content\/uploads\/D13-murovana-doska-s-bielou-skrinkou-\u2013-kopia.jpg\"><img decoding=\"async\" width=\"967\" height=\"428\" data-id=\"10156\" src=\"https:\/\/jkdeco.eu\/wp-content\/uploads\/D13-murovana-doska-s-bielou-skrinkou-\u2013-kopia.jpg\" alt=\"bathroom design\" class=\"wp-image-10156\" srcset=\"https:\/\/jkdeco.eu\/wp-content\/uploads\/D13-murovana-doska-s-bielou-skrinkou-\u2013-kopia.jpg 967w, https:\/\/jkdeco.eu\/wp-content\/uploads\/D13-murovana-doska-s-bielou-skrinkou-\u2013-kopia-300x133.jpg 300w, https:\/\/jkdeco.eu\/wp-content\/uploads\/D13-murovana-doska-s-bielou-skrinkou-\u2013-kopia-768x340.jpg 768w, https:\/\/jkdeco.eu\/wp-content\/uploads\/D13-murovana-doska-s-bielou-skrinkou-\u2013-kopia-640x283.jpg 640w\" sizes=\"(max-width: 967px) 100vw, 967px\" \/><\/a><\/figure>\n\n\n\n<figure class=\"wp-block-image size-large\"><a href=\"https:\/\/jkdeco.eu\/wp-content\/uploads\/D7-\u2013-kopia-1.jpg\"><img decoding=\"async\" width=\"967\" height=\"428\" data-id=\"10161\" src=\"https:\/\/jkdeco.eu\/wp-content\/uploads\/D7-\u2013-kopia-1.jpg\" alt=\"design of a small bathroom\" class=\"wp-image-10161\" srcset=\"https:\/\/jkdeco.eu\/wp-content\/uploads\/D7-\u2013-kopia-1.jpg 967w, https:\/\/jkdeco.eu\/wp-content\/uploads\/D7-\u2013-kopia-1-300x133.jpg 300w, https:\/\/jkdeco.eu\/wp-content\/uploads\/D7-\u2013-kopia-1-768x340.jpg 768w, https:\/\/jkdeco.eu\/wp-content\/uploads\/D7-\u2013-kopia-1-640x283.jpg 640w\" sizes=\"(max-width: 967px) 100vw, 967px\" \/><\/a><\/figure>\n\n\n\n<figure class=\"wp-block-image size-large\"><a href=\"https:\/\/jkdeco.eu\/wp-content\/uploads\/D9-\u2013-kopia.jpg\"><img decoding=\"async\" width=\"967\" height=\"428\" data-id=\"10162\" src=\"https:\/\/jkdeco.eu\/wp-content\/uploads\/D9-\u2013-kopia.jpg\" alt=\"small bathroom design\" class=\"wp-image-10162\" srcset=\"https:\/\/jkdeco.eu\/wp-content\/uploads\/D9-\u2013-kopia.jpg 967w, https:\/\/jkdeco.eu\/wp-content\/uploads\/D9-\u2013-kopia-300x133.jpg 300w, https:\/\/jkdeco.eu\/wp-content\/uploads\/D9-\u2013-kopia-768x340.jpg 768w, https:\/\/jkdeco.eu\/wp-content\/uploads\/D9-\u2013-kopia-640x283.jpg 640w\" sizes=\"(max-width: 967px) 100vw, 967px\" \/><\/a><\/figure>\n\n\n\n<figure class=\"wp-block-image size-large\"><a href=\"https:\/\/jkdeco.eu\/wp-content\/uploads\/D4-\u2013-kopia-1.jpg\"><img decoding=\"async\" width=\"990\" height=\"478\" data-id=\"10160\" src=\"https:\/\/jkdeco.eu\/wp-content\/uploads\/D4-\u2013-kopia-1.jpg\" alt=\"design of stone tiles in the bathroom\" class=\"wp-image-10160\" srcset=\"https:\/\/jkdeco.eu\/wp-content\/uploads\/D4-\u2013-kopia-1.jpg 990w, https:\/\/jkdeco.eu\/wp-content\/uploads\/D4-\u2013-kopia-1-300x145.jpg 300w, https:\/\/jkdeco.eu\/wp-content\/uploads\/D4-\u2013-kopia-1-768x371.jpg 768w, https:\/\/jkdeco.eu\/wp-content\/uploads\/D4-\u2013-kopia-1-640x309.jpg 640w\" sizes=\"(max-width: 990px) 100vw, 990px\" \/><\/a><\/figure>\n\n\n\n<figure class=\"wp-block-image size-large\"><a href=\"https:\/\/jkdeco.eu\/wp-content\/uploads\/D12-\u2013-kopia.jpg\"><img decoding=\"async\" width=\"967\" height=\"428\" data-id=\"10155\" src=\"https:\/\/jkdeco.eu\/wp-content\/uploads\/D12-\u2013-kopia.jpg\" alt=\"design and 3d visualization of the bathroom\" class=\"wp-image-10155\" srcset=\"https:\/\/jkdeco.eu\/wp-content\/uploads\/D12-\u2013-kopia.jpg 967w, https:\/\/jkdeco.eu\/wp-content\/uploads\/D12-\u2013-kopia-300x133.jpg 300w, https:\/\/jkdeco.eu\/wp-content\/uploads\/D12-\u2013-kopia-768x340.jpg 768w, https:\/\/jkdeco.eu\/wp-content\/uploads\/D12-\u2013-kopia-640x283.jpg 640w\" sizes=\"(max-width: 967px) 100vw, 967px\" \/><\/a><\/figure>\n\n\n\n<figure class=\"wp-block-image size-large\"><a href=\"https:\/\/jkdeco.eu\/wp-content\/uploads\/D10-symetricka-skrinka-\u2013-kopia.jpg\"><img decoding=\"async\" width=\"967\" height=\"428\" data-id=\"10163\" src=\"https:\/\/jkdeco.eu\/wp-content\/uploads\/D10-symetricka-skrinka-\u2013-kopia.jpg\" alt=\"wall cabinet in the bathroom with backlight\" class=\"wp-image-10163\" srcset=\"https:\/\/jkdeco.eu\/wp-content\/uploads\/D10-symetricka-skrinka-\u2013-kopia.jpg 967w, https:\/\/jkdeco.eu\/wp-content\/uploads\/D10-symetricka-skrinka-\u2013-kopia-300x133.jpg 300w, https:\/\/jkdeco.eu\/wp-content\/uploads\/D10-symetricka-skrinka-\u2013-kopia-768x340.jpg 768w, https:\/\/jkdeco.eu\/wp-content\/uploads\/D10-symetricka-skrinka-\u2013-kopia-640x283.jpg 640w\" sizes=\"(max-width: 967px) 100vw, 967px\" \/><\/a><\/figure>\n\n\n\n<figure class=\"wp-block-image size-large\"><a href=\"https:\/\/jkdeco.eu\/wp-content\/uploads\/Pohlad-zhora-1-\u2013-kopia.jpg\"><img decoding=\"async\" width=\"967\" height=\"428\" data-id=\"10159\" src=\"https:\/\/jkdeco.eu\/wp-content\/uploads\/Pohlad-zhora-1-\u2013-kopia.jpg\" alt=\"top view of the bathroom layout\" class=\"wp-image-10159\" srcset=\"https:\/\/jkdeco.eu\/wp-content\/uploads\/Pohlad-zhora-1-\u2013-kopia.jpg 967w, https:\/\/jkdeco.eu\/wp-content\/uploads\/Pohlad-zhora-1-\u2013-kopia-300x133.jpg 300w, https:\/\/jkdeco.eu\/wp-content\/uploads\/Pohlad-zhora-1-\u2013-kopia-768x340.jpg 768w, https:\/\/jkdeco.eu\/wp-content\/uploads\/Pohlad-zhora-1-\u2013-kopia-640x283.jpg 640w\" sizes=\"(max-width: 967px) 100vw, 967px\" \/><\/a><\/figure>\n\n\n\n<figure class=\"wp-block-image size-large\"><a href=\"https:\/\/jkdeco.eu\/wp-content\/uploads\/Dolly-1-\u2013-kopia-1.jpg\"><img decoding=\"async\" width=\"967\" height=\"428\" data-id=\"10157\" src=\"https:\/\/jkdeco.eu\/wp-content\/uploads\/Dolly-1-\u2013-kopia-1.jpg\" alt=\"layout of a small bathroom\" class=\"wp-image-10157\" srcset=\"https:\/\/jkdeco.eu\/wp-content\/uploads\/Dolly-1-\u2013-kopia-1.jpg 967w, https:\/\/jkdeco.eu\/wp-content\/uploads\/Dolly-1-\u2013-kopia-1-300x133.jpg 300w, https:\/\/jkdeco.eu\/wp-content\/uploads\/Dolly-1-\u2013-kopia-1-768x340.jpg 768w, https:\/\/jkdeco.eu\/wp-content\/uploads\/Dolly-1-\u2013-kopia-1-640x283.jpg 640w\" sizes=\"(max-width: 967px) 100vw, 967px\" \/><\/a><\/figure>\n\n\n\n<figure class=\"wp-block-image size-large\"><a href=\"https:\/\/jkdeco.eu\/wp-content\/uploads\/Dolly-ortho-1-\u2013-kopia.jpg\"><img decoding=\"async\" width=\"967\" height=\"428\" data-id=\"10158\" src=\"https:\/\/jkdeco.eu\/wp-content\/uploads\/Dolly-ortho-1-\u2013-kopia.jpg\" alt=\"layout of the small bathroom\" class=\"wp-image-10158\" srcset=\"https:\/\/jkdeco.eu\/wp-content\/uploads\/Dolly-ortho-1-\u2013-kopia.jpg 967w, https:\/\/jkdeco.eu\/wp-content\/uploads\/Dolly-ortho-1-\u2013-kopia-300x133.jpg 300w, https:\/\/jkdeco.eu\/wp-content\/uploads\/Dolly-ortho-1-\u2013-kopia-768x340.jpg 768w, https:\/\/jkdeco.eu\/wp-content\/uploads\/Dolly-ortho-1-\u2013-kopia-640x283.jpg 640w\" sizes=\"(max-width: 967px) 100vw, 967px\" \/><\/a><\/figure>\n<\/figure>\n\n\n\n<div style=\"height:100px\" aria-hidden=\"true\" class=\"wp-block-spacer\"><\/div>","protected":false},"excerpt":{"rendered":"<p>K elegantn\u00e9mu bytu bolo treba dotvori\u0165 u\u017e iba mal\u00fa k\u00fape\u013e\u0148u, kde sa vraj ned\u00e1 ve\u013emi \u010darova\u0165. Majitelia boli dokonca ochotn\u00ed presun\u00fa\u0165 siete alebo pr\u00eds\u0165 o va\u0148u a nahradi\u0165 ju sprchov\u00fdm k\u00fatom, len aby vzniklo o k\u00fasok viac priestoru k um\u00fdvadlu. To sa nakoniec podarilo z\u00edska\u0165 pou\u017eit\u00edm asymetrickej rohovej vane. N\u00e1pad, ktor\u00fd sa sprvu javil ako&hellip;&nbsp;<a href=\"https:\/\/jkdeco.eu\/en\/vizualizacia\/vizualizacia-malej-efektivnej-kupelne-dubravka\/\" rel=\"bookmark\">Read More &raquo;<span class=\"screen-reader-text\">Visualization of a small efficient bathroom, D\u00fabravka<\/span><\/a><\/p>","protected":false},"author":1,"featured_media":10170,"parent":528,"menu_order":0,"comment_status":"closed","ping_status":"closed","template":"","meta":{"neve_meta_sidebar":"","neve_meta_container":"","neve_meta_enable_content_width":"","neve_meta_content_width":0,"neve_meta_title_alignment":"","neve_meta_author_avatar":"","neve_post_elements_order":"","neve_meta_disable_header":"","neve_meta_disable_footer":"","neve_meta_disable_title":"","_themeisle_gutenberg_block_has_review":false,"footnotes":""},"class_list":["post-10314","page","type-page","status-publish","has-post-thumbnail","hentry"],"aioseo_notices":[],"_links":{"self":[{"href":"https:\/\/jkdeco.eu\/en\/wp-json\/wp\/v2\/pages\/10314","targetHints":{"allow":["GET"]}}],"collection":[{"href":"https:\/\/jkdeco.eu\/en\/wp-json\/wp\/v2\/pages"}],"about":[{"href":"https:\/\/jkdeco.eu\/en\/wp-json\/wp\/v2\/types\/page"}],"author":[{"embeddable":true,"href":"https:\/\/jkdeco.eu\/en\/wp-json\/wp\/v2\/users\/1"}],"replies":[{"embeddable":true,"href":"https:\/\/jkdeco.eu\/en\/wp-json\/wp\/v2\/comments?post=10314"}],"version-history":[{"count":1,"href":"https:\/\/jkdeco.eu\/en\/wp-json\/wp\/v2\/pages\/10314\/revisions"}],"predecessor-version":[{"id":16559,"href":"https:\/\/jkdeco.eu\/en\/wp-json\/wp\/v2\/pages\/10314\/revisions\/16559"}],"up":[{"embeddable":true,"href":"https:\/\/jkdeco.eu\/en\/wp-json\/wp\/v2\/pages\/528"}],"wp:featuredmedia":[{"embeddable":true,"href":"https:\/\/jkdeco.eu\/en\/wp-json\/wp\/v2\/media\/10170"}],"wp:attachment":[{"href":"https:\/\/jkdeco.eu\/en\/wp-json\/wp\/v2\/media?parent=10314"}],"curies":[{"name":"wp","href":"https:\/\/api.w.org\/{rel}","templated":true}]}}